{"id":57,"date":"2017-10-17T20:16:41","date_gmt":"2017-10-17T22:16:41","guid":{"rendered":"http:\/\/studyplan.lt\/?page_id=57"},"modified":"2017-12-27T11:31:29","modified_gmt":"2017-12-27T13:31:29","slug":"naujienos","status":"publish","type":"page","link":"https:\/\/stp.lhm.lv\/ru\/naujienos\/","title":{"rendered":"\u041d\u043e\u0432\u043e\u0441\u0442\u0438"},"content":{"rendered":"","protected":false},"excerpt":{"rendered":"","protected":false},"author":3,"featured_media":0,"parent":0,"menu_order":16,"comment_status":"closed","ping_status":"closed","template":"page-news.php","meta":{"inline_featured_image":false},"yoast_head":"<!-- This site is optimized with the Yoast SEO plugin v19.10 - https:\/\/yoast.com\/wordpress\/plugins\/seo\/ -->\n<title>\u041d\u043e\u0432\u043e\u0441\u0442\u0438 - Study Plan<\/title>\n<meta name=\"robots\" content=\"index, follow, max-snippet:-1, max-image-preview:large, max-video-preview:-1\" \/>\n<link rel=\"canonical\" href=\"https:\/\/stp.lhm.lv\/naujienos\/\" \/>\n<meta property=\"og:locale\" content=\"ru_RU\" \/>\n<meta property=\"og:type\" content=\"article\" \/>\n<meta property=\"og:title\" content=\"[:lt]Naujienos[:ru]\u041d\u043e\u0432\u043e\u0441\u0442\u0438[:] - Study Plan\" \/>\n<meta property=\"og:url\" content=\"https:\/\/stp.lhm.lv\/naujienos\/\" \/>\n<meta property=\"og:site_name\" content=\"Study Plan\" \/>\n<meta property=\"article:modified_time\" content=\"2017-12-27T13:31:29+00:00\" \/>\n<meta name=\"twitter:card\" content=\"summary_large_image\" \/>\n<script type=\"application\/ld+json\" class=\"yoast-schema-graph\">{\"@context\":\"https:\/\/schema.org\",\"@graph\":[{\"@type\":\"WebPage\",\"@id\":\"https:\/\/stp.lhm.lv\/naujienos\/\",\"url\":\"https:\/\/stp.lhm.lv\/naujienos\/\",\"name\":\"[:lt]Naujienos[:ru]\u041d\u043e\u0432\u043e\u0441\u0442\u0438[:] - Study Plan\",\"isPartOf\":{\"@id\":\"https:\/\/stp.lhm.lv\/#website\"},\"datePublished\":\"2017-10-17T22:16:41+00:00\",\"dateModified\":\"2017-12-27T13:31:29+00:00\",\"breadcrumb\":{\"@id\":\"https:\/\/stp.lhm.lv\/naujienos\/#breadcrumb\"},\"inLanguage\":\"ru-RU\",\"potentialAction\":[{\"@type\":\"ReadAction\",\"target\":[\"https:\/\/stp.lhm.lv\/naujienos\/\"]}]},{\"@type\":\"BreadcrumbList\",\"@id\":\"https:\/\/stp.lhm.lv\/naujienos\/#breadcrumb\",\"itemListElement\":[{\"@type\":\"ListItem\",\"position\":1,\"name\":\"Home\",\"item\":\"https:\/\/stp.lhm.lv\/\"},{\"@type\":\"ListItem\",\"position\":2,\"name\":\"Naujienos\"}]},{\"@type\":\"WebSite\",\"@id\":\"https:\/\/stp.lhm.lv\/#website\",\"url\":\"https:\/\/stp.lhm.lv\/\",\"name\":\"Study Plan\",\"description\":\"Studijos u\u017esienyje, vidurinis mokslas u\u017esienyje, vadov\u0173 magistrant\u016bra u\u017esienyje, kalb\u0173 kursai u\u017esienyje.\",\"potentialAction\":[{\"@type\":\"SearchAction\",\"target\":{\"@type\":\"EntryPoint\",\"urlTemplate\":\"https:\/\/stp.lhm.lv\/?s={search_term_string}\"},\"query-input\":\"required name=search_term_string\"}],\"inLanguage\":\"ru-RU\"}]}<\/script>\n<!-- \/ Yoast SEO plugin. -->","yoast_head_json":{"title":"[:lt]Naujienos[:ru]\u041d\u043e\u0432\u043e\u0441\u0442\u0438[:] - Study Plan","robots":{"index":"index","follow":"follow","max-snippet":"max-snippet:-1","max-image-preview":"max-image-preview:large","max-video-preview":"max-video-preview:-1"},"canonical":"https:\/\/stp.lhm.lv\/naujienos\/","og_locale":"ru_RU","og_type":"article","og_title":"[:lt]Naujienos[:ru]\u041d\u043e\u0432\u043e\u0441\u0442\u0438[:] - Study Plan","og_url":"https:\/\/stp.lhm.lv\/naujienos\/","og_site_name":"Study Plan","article_modified_time":"2017-12-27T13:31:29+00:00","twitter_card":"summary_large_image","schema":{"@context":"https:\/\/schema.org","@graph":[{"@type":"WebPage","@id":"https:\/\/stp.lhm.lv\/naujienos\/","url":"https:\/\/stp.lhm.lv\/naujienos\/","name":"[:lt]Naujienos[:ru]\u041d\u043e\u0432\u043e\u0441\u0442\u0438[:] - Study Plan","isPartOf":{"@id":"https:\/\/stp.lhm.lv\/#website"},"datePublished":"2017-10-17T22:16:41+00:00","dateModified":"2017-12-27T13:31:29+00:00","breadcrumb":{"@id":"https:\/\/stp.lhm.lv\/naujienos\/#breadcrumb"},"inLanguage":"ru-RU","potentialAction":[{"@type":"ReadAction","target":["https:\/\/stp.lhm.lv\/naujienos\/"]}]},{"@type":"BreadcrumbList","@id":"https:\/\/stp.lhm.lv\/naujienos\/#breadcrumb","itemListElement":[{"@type":"ListItem","position":1,"name":"Home","item":"https:\/\/stp.lhm.lv\/"},{"@type":"ListItem","position":2,"name":"Naujienos"}]},{"@type":"WebSite","@id":"https:\/\/stp.lhm.lv\/#website","url":"https:\/\/stp.lhm.lv\/","name":"Study Plan","description":"Studijos u\u017esienyje, vidurinis mokslas u\u017esienyje, vadov\u0173 magistrant\u016bra u\u017esienyje, kalb\u0173 kursai u\u017esienyje.","potentialAction":[{"@type":"SearchAction","target":{"@type":"EntryPoint","urlTemplate":"https:\/\/stp.lhm.lv\/?s={search_term_string}"},"query-input":"required name=search_term_string"}],"inLanguage":"ru-RU"}]}},"_links":{"self":[{"href":"https:\/\/stp.lhm.lv\/ru\/wp-json\/wp\/v2\/pages\/57"}],"collection":[{"href":"https:\/\/stp.lhm.lv\/ru\/wp-json\/wp\/v2\/pages"}],"about":[{"href":"https:\/\/stp.lhm.lv\/ru\/wp-json\/wp\/v2\/types\/page"}],"author":[{"embeddable":true,"href":"https:\/\/stp.lhm.lv\/ru\/wp-json\/wp\/v2\/users\/3"}],"replies":[{"embeddable":true,"href":"https:\/\/stp.lhm.lv\/ru\/wp-json\/wp\/v2\/comments?post=57"}],"version-history":[{"count":4,"href":"https:\/\/stp.lhm.lv\/ru\/wp-json\/wp\/v2\/pages\/57\/revisions"}],"predecessor-version":[{"id":606,"href":"https:\/\/stp.lhm.lv\/ru\/wp-json\/wp\/v2\/pages\/57\/revisions\/606"}],"wp:attachment":[{"href":"https:\/\/stp.lhm.lv\/ru\/wp-json\/wp\/v2\/media?parent=57"}],"curies":[{"name":"wp","href":"https:\/\/api.w.org\/{rel}","templated":true}]}}