{"id":326,"date":"2017-10-27T09:33:03","date_gmt":"2017-10-27T11:33:03","guid":{"rendered":"http:\/\/studyplan.lt\/?page_id=326"},"modified":"2020-07-02T19:16:52","modified_gmt":"2020-07-02T17:16:52","slug":"studijos-kitose-salyse","status":"publish","type":"page","link":"https:\/\/stp.lhm.lv\/ru\/studijos-uzsienyje\/studijos-kitose-salyse\/","title":{"rendered":"\u0414\u0440\u0443\u0433\u0438\u0435 \u0441\u0442\u0440\u0430\u043d\u044b"},"content":{"rendered":"<p><\/p>\n<h4><strong>\u0426\u0435\u043b\u044c \u201eStudy Plan International\u201c &#8212; \u00a0\u043f\u043e\u0434\u043e\u0431\u0440\u0430\u0442\u044c \u0434\u043b\u044f \u0447\u0435\u043b\u043e\u0432\u0435\u043a\u0430 \u0441\u0430\u043c\u044b\u0439 \u043f\u043e\u0434\u0445\u043e\u0434\u044f\u0449\u0438\u0439 \u0434\u043b\u044f \u043d\u0435\u0433\u043e \u0432\u0430\u0440\u0438\u0430\u043d\u0442 \u043e\u0431\u0443\u0447\u0435\u043d\u0438\u044f \u0432\u043e \u0432\u0441\u0435\u043c \u043c\u0438\u0440\u0435. \u041c\u044b \u043d\u0435 \u043e\u0433\u0440\u0430\u043d\u0438\u0447\u0438\u0432\u0430\u0435\u043c\u0441\u044f \u0442\u043e\u043b\u044c\u043a\u043e \u043f\u0435\u0440\u0435\u0447\u0438\u0441\u043b\u0435\u043d\u043d\u044b\u043c\u0438 \u0441\u0442\u0440\u0430\u043d\u0430\u043c\u0438.<\/strong><\/h4>\n<p>\u041c\u044b \u043c\u043e\u0436\u0435\u043c \u043f\u0440\u0435\u0434\u043b\u043e\u0436\u0438\u0442\u044c \u0432\u0430\u043c \u043e\u0431\u0443\u0447\u0435\u043d\u0438\u0435 \u0412 \u0418\u0437\u0440\u0430\u0438\u043b\u0435, \u0410\u0440\u0430\u0431\u0441\u043a\u0438\u0445 \u042d\u043c\u0438\u0440\u0430\u0442\u0430\u0445, \u0418\u0440\u043b\u0430\u043d\u0434\u0438\u0438, \u0411\u0440\u0430\u0437\u0438\u043b\u0438\u0438, \u0410\u0440\u0433\u0435\u043d\u0442\u0438\u043d\u0435, \u0413\u0440\u0435\u0446\u0438\u0438, \u0420\u043e\u0441\u0441\u0438\u0438, \u041f\u043e\u043b\u044c\u0448\u0435, \u0427\u0435\u0445\u0438\u0438, \u0412\u0435\u043d\u0433\u0440\u0438\u0438, \u043d\u0430 \u041c\u0430\u043b\u044c\u0442\u0435, \u041a\u0438\u043f\u0440\u0435 \u0438 \u0432\u043e \u043c\u043d\u043e\u0436\u0435\u0441\u0442\u0432\u0435 \u0443\u043d\u0438\u0432\u0435\u0440\u0441\u0438\u0442\u0435\u0442\u043e\u0432 \u0434\u0440\u0443\u0433\u0438\u0445 \u0441\u0442\u0440\u0430\u043d.<\/p>\n<p>\u0417\u0430 \u0431\u043e\u043b\u0435\u0435 \u043f\u043e\u0434\u0440\u043e\u0431\u043d\u043e\u0439 \u0438\u043d\u0444\u043e\u0440\u043c\u0430\u0446\u0438\u0435\u0439 \u043f\u043e \u0432\u043e\u043f\u0440\u043e\u0441\u0430\u043c \u043e\u0431\u0443\u0447\u0435\u043d\u0438\u044f \u0432 \u0443\u043d\u0438\u0432\u0435\u0440\u0441\u0438\u0442\u0435\u0442\u0430\u0445 \u043b\u044e\u0431\u043e\u0439 \u0441\u0442\u0440\u0430\u043d\u044b \u043e\u0431\u0440\u0430\u0449\u0430\u0439\u0442\u0435\u0441\u044c \u043a \u0440\u0443\u043a\u043e\u0432\u043e\u0434\u0438\u0442\u0435\u043b\u044e \u201eStudy Plan International\u201c \u0410\u043b\u0435\u043a\u0441\u0430\u043d\u0434\u0440\u0443 \u0424\u0435\u043b\u044c\u0434\u043c\u0430\u043d\u0443, \u043a\u043e\u0442\u043e\u0440\u044b\u0439 \u0434\u0435\u0442\u0430\u043b\u044c\u043d\u043e \u0440\u0430\u0437\u044a\u044f\u0441\u043d\u0438\u0442 \u043e\u0441\u043e\u0431\u0435\u043d\u043d\u043e\u0441\u0442\u0438 \u0432\u044b\u0441\u0448\u0435\u0433\u043e \u043e\u0431\u0440\u0430\u0437\u043e\u0432\u0430\u043d\u0438\u044f \u043a\u0430\u0436\u0434\u043e\u0439 \u0441\u0442\u0440\u0430\u043d\u044b \u0438 \u043f\u0440\u0435\u0434\u043e\u0441\u0442\u0430\u0432\u0438\u0442 \u0432\u0441\u044e \u043d\u0435\u043e\u0431\u0445\u043e\u0434\u0438\u043c\u0443\u044e \u0438\u043d\u0444\u043e\u0440\u043c\u0430\u0446\u0438\u044e.<\/p>","protected":false},"excerpt":{"rendered":"<p>\u0426\u0435\u043b\u044c \u201eStudy Plan International\u201c &#8212; \u00a0\u043f\u043e\u0434\u043e\u0431\u0440\u0430\u0442\u044c \u0434\u043b\u044f \u0447\u0435\u043b\u043e\u0432\u0435\u043a\u0430 \u0441\u0430\u043c\u044b\u0439 \u043f\u043e\u0434\u0445\u043e\u0434\u044f\u0449\u0438\u0439 \u0434\u043b\u044f \u043d\u0435\u0433\u043e \u0432\u0430\u0440\u0438\u0430\u043d\u0442 \u043e\u0431\u0443\u0447\u0435\u043d\u0438\u044f \u0432\u043e \u0432\u0441\u0435\u043c \u043c\u0438\u0440\u0435. \u041c\u044b \u043d\u0435 \u043e\u0433\u0440\u0430\u043d\u0438\u0447\u0438\u0432\u0430\u0435\u043c\u0441\u044f \u0442\u043e\u043b\u044c\u043a\u043e \u043f\u0435\u0440\u0435\u0447\u0438\u0441\u043b\u0435\u043d\u043d\u044b\u043c\u0438 \u0441\u0442\u0440\u0430\u043d\u0430\u043c\u0438. \u041c\u044b \u043c\u043e\u0436\u0435\u043c \u043f\u0440\u0435\u0434\u043b\u043e\u0436\u0438\u0442\u044c \u0432\u0430\u043c \u043e\u0431\u0443\u0447\u0435\u043d\u0438\u0435 \u0412 \u0418\u0437\u0440\u0430\u0438\u043b\u0435, \u0410\u0440\u0430\u0431\u0441\u043a\u0438\u0445 \u042d\u043c\u0438\u0440\u0430\u0442\u0430\u0445, \u0418\u0440\u043b\u0430\u043d\u0434\u0438\u0438, \u0411\u0440\u0430\u0437\u0438\u043b\u0438\u0438, \u0410\u0440\u0433\u0435\u043d\u0442\u0438\u043d\u0435, \u0413\u0440\u0435\u0446\u0438\u0438, \u0420\u043e\u0441\u0441\u0438\u0438, \u041f\u043e\u043b\u044c\u0448\u0435, \u0427\u0435\u0445\u0438\u0438, \u0412\u0435\u043d\u0433\u0440\u0438\u0438, \u043d\u0430 \u041c\u0430\u043b\u044c\u0442\u0435, \u041a\u0438\u043f\u0440\u0435 \u0438 \u0432\u043e \u043c\u043d\u043e\u0436\u0435\u0441\u0442\u0432\u0435 \u0443\u043d\u0438\u0432\u0435\u0440\u0441\u0438\u0442\u0435\u0442\u043e\u0432 \u0434\u0440\u0443\u0433\u0438\u0445 \u0441\u0442\u0440\u0430\u043d. \u0417\u0430 \u0431\u043e\u043b\u0435\u0435 \u043f\u043e\u0434\u0440\u043e\u0431\u043d\u043e\u0439 \u0438\u043d\u0444\u043e\u0440\u043c\u0430\u0446\u0438\u0435\u0439 \u043f\u043e \u0432\u043e\u043f\u0440\u043e\u0441\u0430\u043c [&hellip;]<\/p>\n","protected":false},"author":3,"featured_media":385,"parent":7,"menu_order":36,"comment_status":"closed","ping_status":"closed","template":"page-services.php","meta":{"inline_featured_image":false},"yoast_head":"<!-- This site is optimized with the Yoast SEO plugin v19.10 - https:\/\/yoast.com\/wordpress\/plugins\/seo\/ -->\n<title>\u0414\u0440\u0443\u0433\u0438\u0435 \u0441\u0442\u0440\u0430\u043d\u044b - Study Plan<\/title>\n<meta name=\"robots\" content=\"index, follow, max-snippet:-1, max-image-preview:large, max-video-preview:-1\" \/>\n<link rel=\"canonical\" href=\"https:\/\/stp.lhm.lv\/studijos-uzsienyje\/studijos-kitose-salyse\/\" \/>\n<meta property=\"og:locale\" content=\"ru_RU\" \/>\n<meta property=\"og:type\" content=\"article\" \/>\n<meta property=\"og:title\" content=\"[:lt]Studijos kitose \u0161alyse[:ru]\u0414\u0440\u0443\u0433\u0438\u0435 \u0441\u0442\u0440\u0430\u043d\u044b[:] - Study Plan\" \/>\n<meta property=\"og:description\" content=\"\u0426\u0435\u043b\u044c \u201eStudy Plan International\u201c &#8212; \u00a0\u043f\u043e\u0434\u043e\u0431\u0440\u0430\u0442\u044c \u0434\u043b\u044f \u0447\u0435\u043b\u043e\u0432\u0435\u043a\u0430 \u0441\u0430\u043c\u044b\u0439 \u043f\u043e\u0434\u0445\u043e\u0434\u044f\u0449\u0438\u0439 \u0434\u043b\u044f \u043d\u0435\u0433\u043e \u0432\u0430\u0440\u0438\u0430\u043d\u0442 \u043e\u0431\u0443\u0447\u0435\u043d\u0438\u044f \u0432\u043e \u0432\u0441\u0435\u043c \u043c\u0438\u0440\u0435. \u041c\u044b \u043d\u0435 \u043e\u0433\u0440\u0430\u043d\u0438\u0447\u0438\u0432\u0430\u0435\u043c\u0441\u044f \u0442\u043e\u043b\u044c\u043a\u043e \u043f\u0435\u0440\u0435\u0447\u0438\u0441\u043b\u0435\u043d\u043d\u044b\u043c\u0438 \u0441\u0442\u0440\u0430\u043d\u0430\u043c\u0438. \u041c\u044b \u043c\u043e\u0436\u0435\u043c \u043f\u0440\u0435\u0434\u043b\u043e\u0436\u0438\u0442\u044c \u0432\u0430\u043c \u043e\u0431\u0443\u0447\u0435\u043d\u0438\u0435 \u0412 \u0418\u0437\u0440\u0430\u0438\u043b\u0435, \u0410\u0440\u0430\u0431\u0441\u043a\u0438\u0445 \u042d\u043c\u0438\u0440\u0430\u0442\u0430\u0445, \u0418\u0440\u043b\u0430\u043d\u0434\u0438\u0438, \u0411\u0440\u0430\u0437\u0438\u043b\u0438\u0438, \u0410\u0440\u0433\u0435\u043d\u0442\u0438\u043d\u0435, \u0413\u0440\u0435\u0446\u0438\u0438, \u0420\u043e\u0441\u0441\u0438\u0438, \u041f\u043e\u043b\u044c\u0448\u0435, \u0427\u0435\u0445\u0438\u0438, \u0412\u0435\u043d\u0433\u0440\u0438\u0438, \u043d\u0430 \u041c\u0430\u043b\u044c\u0442\u0435, \u041a\u0438\u043f\u0440\u0435 \u0438 \u0432\u043e \u043c\u043d\u043e\u0436\u0435\u0441\u0442\u0432\u0435 \u0443\u043d\u0438\u0432\u0435\u0440\u0441\u0438\u0442\u0435\u0442\u043e\u0432 \u0434\u0440\u0443\u0433\u0438\u0445 \u0441\u0442\u0440\u0430\u043d. \u0417\u0430 \u0431\u043e\u043b\u0435\u0435 \u043f\u043e\u0434\u0440\u043e\u0431\u043d\u043e\u0439 \u0438\u043d\u0444\u043e\u0440\u043c\u0430\u0446\u0438\u0435\u0439 \u043f\u043e \u0432\u043e\u043f\u0440\u043e\u0441\u0430\u043c [&hellip;]\" \/>\n<meta property=\"og:url\" content=\"https:\/\/stp.lhm.lv\/studijos-uzsienyje\/studijos-kitose-salyse\/\" \/>\n<meta property=\"og:site_name\" content=\"Study Plan\" \/>\n<meta property=\"article:modified_time\" content=\"2020-07-02T17:16:52+00:00\" \/>\n<meta property=\"og:image\" content=\"https:\/\/stp.lhm.lv\/wp-content\/uploads\/2017\/10\/plane.jpg\" \/>\n\t<meta property=\"og:image:width\" content=\"1920\" \/>\n\t<meta property=\"og:image:height\" content=\"1236\" \/>\n\t<meta property=\"og:image:type\" content=\"image\/jpeg\" \/>\n<meta name=\"twitter:card\" content=\"summary_large_image\" \/>\n<script type=\"application\/ld+json\" class=\"yoast-schema-graph\">{\"@context\":\"https:\/\/schema.org\",\"@graph\":[{\"@type\":\"WebPage\",\"@id\":\"https:\/\/stp.lhm.lv\/studijos-uzsienyje\/studijos-kitose-salyse\/\",\"url\":\"https:\/\/stp.lhm.lv\/studijos-uzsienyje\/studijos-kitose-salyse\/\",\"name\":\"[:lt]Studijos kitose \u0161alyse[:ru]\u0414\u0440\u0443\u0433\u0438\u0435 \u0441\u0442\u0440\u0430\u043d\u044b[:] - Study Plan\",\"isPartOf\":{\"@id\":\"https:\/\/stp.lhm.lv\/#website\"},\"datePublished\":\"2017-10-27T11:33:03+00:00\",\"dateModified\":\"2020-07-02T17:16:52+00:00\",\"breadcrumb\":{\"@id\":\"https:\/\/stp.lhm.lv\/studijos-uzsienyje\/studijos-kitose-salyse\/#breadcrumb\"},\"inLanguage\":\"ru-RU\",\"potentialAction\":[{\"@type\":\"ReadAction\",\"target\":[\"https:\/\/stp.lhm.lv\/studijos-uzsienyje\/studijos-kitose-salyse\/\"]}]},{\"@type\":\"BreadcrumbList\",\"@id\":\"https:\/\/stp.lhm.lv\/studijos-uzsienyje\/studijos-kitose-salyse\/#breadcrumb\",\"itemListElement\":[{\"@type\":\"ListItem\",\"position\":1,\"name\":\"Home\",\"item\":\"https:\/\/stp.lhm.lv\/\"},{\"@type\":\"ListItem\",\"position\":2,\"name\":\"Studijos u\u017esienyje\",\"item\":\"https:\/\/stp.lhm.lv\/studijos-uzsienyje\/\"},{\"@type\":\"ListItem\",\"position\":3,\"name\":\"Studijos kitose \u0161alyse\"}]},{\"@type\":\"WebSite\",\"@id\":\"https:\/\/stp.lhm.lv\/#website\",\"url\":\"https:\/\/stp.lhm.lv\/\",\"name\":\"Study Plan\",\"description\":\"Studijos u\u017esienyje, vidurinis mokslas u\u017esienyje, vadov\u0173 magistrant\u016bra u\u017esienyje, kalb\u0173 kursai u\u017esienyje.\",\"potentialAction\":[{\"@type\":\"SearchAction\",\"target\":{\"@type\":\"EntryPoint\",\"urlTemplate\":\"https:\/\/stp.lhm.lv\/?s={search_term_string}\"},\"query-input\":\"required name=search_term_string\"}],\"inLanguage\":\"ru-RU\"}]}<\/script>\n<!-- \/ Yoast SEO plugin. -->","yoast_head_json":{"title":"[:lt]Studijos kitose \u0161alyse[:ru]\u0414\u0440\u0443\u0433\u0438\u0435 \u0441\u0442\u0440\u0430\u043d\u044b[:] - Study Plan","robots":{"index":"index","follow":"follow","max-snippet":"max-snippet:-1","max-image-preview":"max-image-preview:large","max-video-preview":"max-video-preview:-1"},"canonical":"https:\/\/stp.lhm.lv\/studijos-uzsienyje\/studijos-kitose-salyse\/","og_locale":"ru_RU","og_type":"article","og_title":"[:lt]Studijos kitose \u0161alyse[:ru]\u0414\u0440\u0443\u0433\u0438\u0435 \u0441\u0442\u0440\u0430\u043d\u044b[:] - Study Plan","og_description":"\u0426\u0435\u043b\u044c \u201eStudy Plan International\u201c &#8212; \u00a0\u043f\u043e\u0434\u043e\u0431\u0440\u0430\u0442\u044c \u0434\u043b\u044f \u0447\u0435\u043b\u043e\u0432\u0435\u043a\u0430 \u0441\u0430\u043c\u044b\u0439 \u043f\u043e\u0434\u0445\u043e\u0434\u044f\u0449\u0438\u0439 \u0434\u043b\u044f \u043d\u0435\u0433\u043e \u0432\u0430\u0440\u0438\u0430\u043d\u0442 \u043e\u0431\u0443\u0447\u0435\u043d\u0438\u044f \u0432\u043e \u0432\u0441\u0435\u043c \u043c\u0438\u0440\u0435. \u041c\u044b \u043d\u0435 \u043e\u0433\u0440\u0430\u043d\u0438\u0447\u0438\u0432\u0430\u0435\u043c\u0441\u044f \u0442\u043e\u043b\u044c\u043a\u043e \u043f\u0435\u0440\u0435\u0447\u0438\u0441\u043b\u0435\u043d\u043d\u044b\u043c\u0438 \u0441\u0442\u0440\u0430\u043d\u0430\u043c\u0438. \u041c\u044b \u043c\u043e\u0436\u0435\u043c \u043f\u0440\u0435\u0434\u043b\u043e\u0436\u0438\u0442\u044c \u0432\u0430\u043c \u043e\u0431\u0443\u0447\u0435\u043d\u0438\u0435 \u0412 \u0418\u0437\u0440\u0430\u0438\u043b\u0435, \u0410\u0440\u0430\u0431\u0441\u043a\u0438\u0445 \u042d\u043c\u0438\u0440\u0430\u0442\u0430\u0445, \u0418\u0440\u043b\u0430\u043d\u0434\u0438\u0438, \u0411\u0440\u0430\u0437\u0438\u043b\u0438\u0438, \u0410\u0440\u0433\u0435\u043d\u0442\u0438\u043d\u0435, \u0413\u0440\u0435\u0446\u0438\u0438, \u0420\u043e\u0441\u0441\u0438\u0438, \u041f\u043e\u043b\u044c\u0448\u0435, \u0427\u0435\u0445\u0438\u0438, \u0412\u0435\u043d\u0433\u0440\u0438\u0438, \u043d\u0430 \u041c\u0430\u043b\u044c\u0442\u0435, \u041a\u0438\u043f\u0440\u0435 \u0438 \u0432\u043e \u043c\u043d\u043e\u0436\u0435\u0441\u0442\u0432\u0435 \u0443\u043d\u0438\u0432\u0435\u0440\u0441\u0438\u0442\u0435\u0442\u043e\u0432 \u0434\u0440\u0443\u0433\u0438\u0445 \u0441\u0442\u0440\u0430\u043d. \u0417\u0430 \u0431\u043e\u043b\u0435\u0435 \u043f\u043e\u0434\u0440\u043e\u0431\u043d\u043e\u0439 \u0438\u043d\u0444\u043e\u0440\u043c\u0430\u0446\u0438\u0435\u0439 \u043f\u043e \u0432\u043e\u043f\u0440\u043e\u0441\u0430\u043c [&hellip;]","og_url":"https:\/\/stp.lhm.lv\/studijos-uzsienyje\/studijos-kitose-salyse\/","og_site_name":"Study Plan","article_modified_time":"2020-07-02T17:16:52+00:00","og_image":[{"width":1920,"height":1236,"url":"https:\/\/stp.lhm.lv\/wp-content\/uploads\/2017\/10\/plane.jpg","type":"image\/jpeg"}],"twitter_card":"summary_large_image","schema":{"@context":"https:\/\/schema.org","@graph":[{"@type":"WebPage","@id":"https:\/\/stp.lhm.lv\/studijos-uzsienyje\/studijos-kitose-salyse\/","url":"https:\/\/stp.lhm.lv\/studijos-uzsienyje\/studijos-kitose-salyse\/","name":"[:lt]Studijos kitose \u0161alyse[:ru]\u0414\u0440\u0443\u0433\u0438\u0435 \u0441\u0442\u0440\u0430\u043d\u044b[:] - Study Plan","isPartOf":{"@id":"https:\/\/stp.lhm.lv\/#website"},"datePublished":"2017-10-27T11:33:03+00:00","dateModified":"2020-07-02T17:16:52+00:00","breadcrumb":{"@id":"https:\/\/stp.lhm.lv\/studijos-uzsienyje\/studijos-kitose-salyse\/#breadcrumb"},"inLanguage":"ru-RU","potentialAction":[{"@type":"ReadAction","target":["https:\/\/stp.lhm.lv\/studijos-uzsienyje\/studijos-kitose-salyse\/"]}]},{"@type":"BreadcrumbList","@id":"https:\/\/stp.lhm.lv\/studijos-uzsienyje\/studijos-kitose-salyse\/#breadcrumb","itemListElement":[{"@type":"ListItem","position":1,"name":"Home","item":"https:\/\/stp.lhm.lv\/"},{"@type":"ListItem","position":2,"name":"Studijos u\u017esienyje","item":"https:\/\/stp.lhm.lv\/studijos-uzsienyje\/"},{"@type":"ListItem","position":3,"name":"Studijos kitose \u0161alyse"}]},{"@type":"WebSite","@id":"https:\/\/stp.lhm.lv\/#website","url":"https:\/\/stp.lhm.lv\/","name":"Study Plan","description":"Studijos u\u017esienyje, vidurinis mokslas u\u017esienyje, vadov\u0173 magistrant\u016bra u\u017esienyje, kalb\u0173 kursai u\u017esienyje.","potentialAction":[{"@type":"SearchAction","target":{"@type":"EntryPoint","urlTemplate":"https:\/\/stp.lhm.lv\/?s={search_term_string}"},"query-input":"required name=search_term_string"}],"inLanguage":"ru-RU"}]}},"_links":{"self":[{"href":"https:\/\/stp.lhm.lv\/ru\/wp-json\/wp\/v2\/pages\/326"}],"collection":[{"href":"https:\/\/stp.lhm.lv\/ru\/wp-json\/wp\/v2\/pages"}],"about":[{"href":"https:\/\/stp.lhm.lv\/ru\/wp-json\/wp\/v2\/types\/page"}],"author":[{"embeddable":true,"href":"https:\/\/stp.lhm.lv\/ru\/wp-json\/wp\/v2\/users\/3"}],"replies":[{"embeddable":true,"href":"https:\/\/stp.lhm.lv\/ru\/wp-json\/wp\/v2\/comments?post=326"}],"version-history":[{"count":7,"href":"https:\/\/stp.lhm.lv\/ru\/wp-json\/wp\/v2\/pages\/326\/revisions"}],"predecessor-version":[{"id":2036,"href":"https:\/\/stp.lhm.lv\/ru\/wp-json\/wp\/v2\/pages\/326\/revisions\/2036"}],"up":[{"embeddable":true,"href":"https:\/\/stp.lhm.lv\/ru\/wp-json\/wp\/v2\/pages\/7"}],"wp:featuredmedia":[{"embeddable":true,"href":"https:\/\/stp.lhm.lv\/ru\/wp-json\/wp\/v2\/media\/385"}],"wp:attachment":[{"href":"https:\/\/stp.lhm.lv\/ru\/wp-json\/wp\/v2\/media?parent=326"}],"curies":[{"name":"wp","href":"https:\/\/api.w.org\/{rel}","templated":true}]}}