{"id":318,"date":"2017-10-27T09:30:12","date_gmt":"2017-10-27T11:30:12","guid":{"rendered":"http:\/\/studyplan.lt\/?page_id=318"},"modified":"2020-07-02T19:15:40","modified_gmt":"2020-07-02T17:15:40","slug":"studijos-naujoje-zelandijoje","status":"publish","type":"page","link":"https:\/\/stp.lhm.lv\/ru\/studijos-uzsienyje\/studijos-naujoje-zelandijoje\/","title":{"rendered":"\u041d\u043e\u0432\u0430\u044f \u0417\u0435\u043b\u0430\u043d\u0434\u0438\u044f"},"content":{"rendered":"<p><\/p>\n<h4><strong>\u041d\u043e\u0432\u0430\u044f \u0417\u0435\u043b\u0430\u043d\u0434\u0438\u044f &#8212; \u044d\u0442\u043e \u0443\u0434\u0438\u0432\u0438\u0442\u0435\u043b\u044c\u043d\u0430\u044f \u043f\u043e \u043a\u0440\u0430\u0441\u043e\u0442\u0435 \u0441\u0442\u0440\u0430\u043d\u0430, \u0440\u0430\u0441\u043f\u043e\u043b\u043e\u0436\u0435\u043d\u043d\u0430\u044f \u043d\u0430 \u0440\u0430\u0441\u0441\u0442\u043e\u044f\u043d\u0438\u0438 2000 \u043a\u043c \u043e\u0442 \u0410\u0432\u0441\u0442\u0440\u0430\u043b\u0438\u0438. \u042d\u0442\u0430 \u0441\u0442\u0440\u0430\u043d\u0430 \u043f\u043e\u0434\u0445\u043e\u0434\u0438\u0442 \u0442\u0435\u043c \u043b\u044e\u0434\u044f\u043c, \u043a\u043e\u0442\u043e\u0440\u044b\u0435 \u043c\u0435\u0447\u0442\u0430\u044e\u0442 \u043e\u0431 \u0438\u0441\u043a\u043b\u044e\u0447\u0438\u0442\u0435\u043b\u044c\u043d\u044b\u0445 \u0443\u0441\u043b\u043e\u0432\u0438\u044f\u0445 \u043f\u0440\u043e\u0436\u0438\u0432\u0430\u043d\u0438\u044f \u0441\u0440\u0435\u0434\u0438 \u043a\u0440\u0430\u0441\u0438\u0432\u043e\u0439 \u043f\u0440\u0438\u0440\u043e\u0434\u044b \u0438 \u0433\u043e\u0441\u0442\u0435\u043f\u0440\u0438\u0438\u043c\u043d\u044b\u0445 \u043b\u044e\u0434\u0435\u0439. \u0423\u043d\u0438\u0432\u0435\u0440\u0441\u0438\u0442\u0435\u0442\u044b \u041d\u043e\u0432\u043e\u0439 \u0417\u0435\u043b\u0430\u043d\u0434\u0438\u0438 \u043e\u0442\u043b\u0438\u0447\u0430\u044e\u0442\u0441\u044f \u0432\u044b\u0441\u043e\u043a\u0438\u043c \u043a\u0430\u0447\u0435\u0441\u0442\u0432\u043e\u043c \u043e\u0431\u0443\u0447\u0435\u043d\u0438\u044f, \u043e \u0447\u0435\u043c \u0433\u043e\u0432\u043e\u0440\u044f\u0442 \u0438\u0445 \u0432\u044b\u0441\u043e\u043a\u043e \u0437\u0430\u043d\u0438\u043c\u0430\u0435\u043c\u044b\u0435 \u043f\u043e\u0437\u0438\u0446\u0438\u0438 \u0432 \u0440\u0430\u0437\u043b\u0438\u0447\u043d\u044b\u0445 \u043c\u0438\u0440\u043e\u0432\u044b\u0445 \u0440\u0435\u0439\u0442\u0438\u043d\u0433\u0430\u0445 \u0443\u043d\u0438\u0432\u0435\u0440\u0441\u0438\u0442\u0435\u0442\u043e\u0432.<\/strong><\/h4>\n<p>\u041d\u043e\u0432\u0430\u044f \u0417\u0435\u043b\u0430\u043d\u0434\u0438\u044f \u0441\u0447\u0438\u0442\u0430\u0435\u0442\u0441\u044f \u043e\u0434\u043d\u043e\u0439 \u0438\u0437 \u0441\u0430\u043c\u044b\u0445 \u0433\u043e\u0441\u0442\u0435\u043f\u0440\u0438\u0438\u043c\u043d\u044b\u0445 \u0441\u0442\u0440\u0430\u043d \u0434\u043b\u044f \u0438\u043d\u043e\u0441\u0442\u0440\u0430\u043d\u043d\u044b\u0445 \u0441\u0442\u0443\u0434\u0435\u043d\u0442\u043e\u0432. \u0421\u0442\u0443\u0434\u0435\u043d\u0442\u044b \u0438\u043c\u0435\u044e\u0442 \u043f\u0440\u0430\u0432\u043e \u0440\u0430\u0431\u043e\u0442\u0430\u0442\u044c \u0432 \u0442\u0435\u0447\u0435\u043d\u0438\u0435 \u0432\u0441\u0435\u0433\u043e \u043f\u0435\u0440\u0438\u043e\u0434\u0430 \u043e\u0431\u0443\u0447\u0435\u043d\u0438\u044f, \u0430 \u043f\u043e\u0441\u043b\u0435 \u0437\u0430\u0432\u0435\u0440\u0448\u0435\u043d\u0438\u044f \u043e\u0431\u0443\u0447\u0435\u043d\u0438\u044f \u0434\u043b\u044f \u043d\u0438\u0445 \u043e\u0442\u043a\u0440\u044b\u0432\u0430\u0435\u0442\u0441\u044f \u043b\u0435\u0433\u043a\u0438\u0439 \u043f\u0443\u0442\u044c \u0434\u043b\u044f \u043f\u043e\u043b\u0443\u0447\u0435\u043d\u0438\u044f \u0440\u0430\u0437\u0440\u0435\u0448\u0435\u043d\u0438\u044f \u043d\u0430 \u043f\u043e\u0441\u0442\u043e\u044f\u043d\u043d\u043e\u0435 \u043f\u0440\u043e\u0436\u0438\u0432\u0430\u043d\u0438\u0435 \u0438 \u0440\u0430\u0431\u043e\u0442\u0443 \u0432 \u0441\u0442\u0440\u0430\u043d\u0435. \u0421\u043b\u0435\u0434\u0443\u0435\u0442 \u043e\u0442\u043c\u0435\u0442\u0438\u0442\u044c, \u0447\u0442\u043e \u043f\u0440\u0430\u0432\u0438\u0442\u0435\u043b\u044c\u0441\u0442\u0432\u043e \u041d\u043e\u0432\u043e\u0439 \u0417\u0435\u043b\u0430\u043d\u0434\u0438\u0438 \u0434\u0430\u0435\u0442 \u043f\u0440\u0430\u0432\u043e \u0441\u0442\u0443\u0434\u0435\u043d\u0442\u0430\u043c \u0432 \u043f\u0435\u0440\u0438\u043e\u0434 \u043e\u0431\u0443\u0447\u0435\u043d\u0438\u044f \u0440\u0430\u0431\u043e\u0442\u0430\u0442\u044c 20 \u0447\u0430\u0441\u043e\u0432 \u0432 \u043d\u0435\u0434\u0435\u043b\u044e, \u0430 \u0432\u043e \u0432\u0440\u0435\u043c\u044f \u043a\u0430\u043d\u0438\u043a\u0443\u043b &#8212; \u043d\u0435\u043e\u0433\u0440\u0430\u043d\u0438\u0447\u0435\u043d\u043d\u043e.<\/p>\n<p>\u0421\u0442\u043e\u0438\u043c\u043e\u0441\u0442\u044c \u043e\u0431\u0443\u0447\u0435\u043d\u0438\u044f \u0432 \u0443\u043d\u0438\u0432\u0435\u0440\u0441\u0438\u0442\u0435\u0442\u0430\u0445 \u041d\u043e\u0432\u043e\u0439 \u0417\u0435\u043b\u0430\u043d\u0434\u0438\u0438 \u043a\u043e\u043b\u0435\u0431\u043b\u0435\u0442\u0441\u044f \u043e\u0442 15\u00a0000 \u0434\u043e 30 000 NZD \u0434\u043e\u043b\u043b\u0430\u0440\u043e\u0432 \u0432 \u0433\u043e\u0434, \u0441\u0442\u043e\u0438\u043c\u043e\u0441\u0442\u044c \u043f\u0440\u043e\u0444\u0435\u0441\u0441\u0438\u043e\u043d\u0430\u043b\u044c\u043d\u044b\u0445 \u043f\u0440\u043e\u0433\u0440\u0430\u043c\u043c \u043e\u0431\u0443\u0447\u0435\u043d\u0438\u044f &#8212; 10 000\u201315\u00a0000 \u0434\u043e\u043b\u043b\u0430\u0440\u043e\u0432 \u0432 \u0433\u043e\u0434. \u041a\u0430\u0436\u0434\u044b\u0439 \u0433\u043e\u0434 \u043d\u0430 \u043e\u0431\u0443\u0447\u0435\u043d\u0438\u0435 \u0432 \u041d\u043e\u0432\u0443\u044e \u0417\u0435\u043b\u0430\u043d\u0434\u0438\u044e \u043e\u0442\u043f\u0440\u0430\u0432\u043b\u044f\u044e\u0442\u0441\u044f \u0438 \u0441\u0442\u0443\u0434\u0435\u043d\u0442\u044b \u0438\u0437 \u041b\u0438\u0442\u0432\u044b.<\/p>\n<p>\u041e\u0447\u0435\u043d\u044c \u0447\u0430\u0441\u0442\u043e \u0441\u0442\u0443\u0434\u0435\u043d\u0442\u044b \u0438\u0437 \u043e\u0433\u0440\u043e\u043c\u043d\u043e\u0433\u043e \u0431\u043e\u043b\u044c\u0448\u0438\u043d\u0441\u0442\u0432\u0430 \u0443\u043d\u0438\u0432\u0435\u0440\u0441\u0438\u0442\u0435\u0442\u043e\u0432 \u0432\u044b\u0431\u0438\u0440\u0430\u044e\u0442 \u043d\u0435 \u0441\u043e\u043e\u0442\u0432\u0435\u0442\u0441\u0442\u0432\u0443\u044e\u0449\u0438\u0435 \u0438\u0445 \u043f\u043e\u0442\u0440\u0435\u0431\u043d\u043e\u0441\u0442\u044f\u043c \u0443\u043d\u0438\u0432\u0435\u0440\u0441\u0438\u0442\u0435\u0442\u044b \u0438\u043b\u0438 \u043d\u0435\u043f\u0440\u0430\u0432\u0438\u043b\u044c\u043d\u043e \u0437\u0430\u043f\u043e\u043b\u043d\u044f\u044e\u0442 \u0434\u043e\u043a\u0443\u043c\u0435\u043d\u0442\u044b \u0434\u043b\u044f \u043f\u043e\u0441\u0442\u0443\u043f\u043b\u0435\u043d\u0438\u044f. \u0418 \u0445\u043e\u0442\u044f \u043e\u043d\u0438 \u043c\u043e\u0433\u043b\u0438 \u0431\u044b \u043e\u0431\u0443\u0447\u0430\u0442\u044c\u0441\u044f \u0432 \u0441\u0430\u043c\u044b\u0445 \u043f\u0440\u0435\u0441\u0442\u0438\u0436\u043d\u044b\u0445 \u0443\u043d\u0438\u0432\u0435\u0440\u0441\u0438\u0442\u0435\u0442\u0430\u0445, \u043d\u043e \u043d\u0435\u043f\u0440\u0430\u0432\u0438\u043b\u044c\u043d\u043e \u0437\u0430\u043f\u043e\u043b\u043d\u0435\u043d\u043d\u044b\u0435 \u0434\u043e\u043a\u0443\u043c\u0435\u043d\u0442\u044b \u0437\u0430\u043a\u0440\u044b\u0432\u0430\u044e\u0442 \u0434\u043b\u044f \u043d\u0438\u0445 \u0434\u0432\u0435\u0440\u044c \u0432 \u0443\u043d\u0438\u0432\u0435\u0440\u0441\u0438\u0442\u0435\u0442\u044b \u043c\u0435\u0447\u0442\u044b.<\/p>\n<p>\u0426\u0435\u043b\u044c\u044e \u201eStudy Plan International\u201c \u00a0\u044f\u0432\u043b\u044f\u0435\u0442\u0441\u044f \u043e\u043a\u0430\u0437\u0430\u043d\u0438\u0435 \u043f\u043e\u043c\u043e\u0449\u0438 \u043c\u043e\u043b\u043e\u0434\u044b\u043c \u043b\u044e\u0434\u044f\u043c \u0432 \u0432\u044b\u0431\u043e\u0440\u0435 \u0441\u0430\u043c\u043e\u0433\u043e \u043b\u0443\u0447\u0448\u0435\u0433\u043e \u0438 \u0441\u043e\u043e\u0442\u0432\u0435\u0442\u0441\u0442\u0432\u0443\u044e\u0449\u0435\u0433\u043e \u0438\u0445 \u043f\u043e\u0442\u0440\u0435\u0431\u043d\u043e\u0441\u0442\u044f\u043c \u0443\u043d\u0438\u0432\u0435\u0440\u0441\u0438\u0442\u0435\u0442\u0430 \u0432 \u041d\u043e\u0432\u043e\u0439 \u0417\u0435\u043b\u0430\u043d\u0434\u0438\u0438. \u0422\u0430\u043a\u0436\u0435 \u043f\u043e\u043c\u043e\u0433\u0430\u0435\u043c \u043f\u043e\u0434\u0430\u0442\u044c \u0437\u0430\u044f\u0432\u043a\u0438 \u043d\u0430 \u043f\u043e\u0441\u0442\u0443\u043f\u043b\u0435\u043d\u0438\u0435, \u0441\u043e\u043e\u0442\u0432\u0435\u0442\u0441\u0442\u0432\u0443\u044e\u0449\u0438\u0435 \u0441\u0430\u043c\u044b\u043c \u0432\u044b\u0441\u043e\u043a\u0438\u043c \u0441\u0442\u0430\u043d\u0434\u0430\u0440\u0442\u0430\u043c, \u0433\u043e\u0442\u043e\u0432\u0438\u043c \u0432\u0441\u0435 \u043d\u0435\u043e\u0431\u0445\u043e\u0434\u0438\u043c\u044b\u0435 \u0434\u043b\u044f \u043f\u043e\u0441\u0442\u0443\u043f\u043b\u0435\u043d\u0438\u044f \u0434\u043e\u043a\u0443\u043c\u0435\u043d\u0442\u044b, \u0437\u0430\u0431\u043e\u0442\u0438\u043c\u0441\u044f \u043e \u0432\u044b\u0434\u0435\u043b\u0435\u043d\u0438\u0438 \u0441\u0442\u0438\u043f\u0435\u043d\u0434\u0438\u0438 \u0441\u0430\u043c\u043e\u0433\u043e \u0431\u043e\u043b\u044c\u0448\u043e\u0433\u043e \u0440\u0430\u0437\u043c\u0435\u0440\u0430 (\u0435\u0441\u043b\u0438 \u0435\u0441\u0442\u044c \u0432\u043e\u0437\u043c\u043e\u0436\u043d\u043e\u0441\u0442\u044c \u0435\u0435 \u043f\u043e\u043b\u0443\u0447\u0435\u043d\u0438\u044f).<\/p>","protected":false},"excerpt":{"rendered":"<p>\u041d\u043e\u0432\u0430\u044f \u0417\u0435\u043b\u0430\u043d\u0434\u0438\u044f &#8212; \u044d\u0442\u043e \u0443\u0434\u0438\u0432\u0438\u0442\u0435\u043b\u044c\u043d\u0430\u044f \u043f\u043e \u043a\u0440\u0430\u0441\u043e\u0442\u0435 \u0441\u0442\u0440\u0430\u043d\u0430, \u0440\u0430\u0441\u043f\u043e\u043b\u043e\u0436\u0435\u043d\u043d\u0430\u044f \u043d\u0430 \u0440\u0430\u0441\u0441\u0442\u043e\u044f\u043d\u0438\u0438 2000 \u043a\u043c \u043e\u0442 \u0410\u0432\u0441\u0442\u0440\u0430\u043b\u0438\u0438. \u042d\u0442\u0430 \u0441\u0442\u0440\u0430\u043d\u0430 \u043f\u043e\u0434\u0445\u043e\u0434\u0438\u0442 \u0442\u0435\u043c \u043b\u044e\u0434\u044f\u043c, \u043a\u043e\u0442\u043e\u0440\u044b\u0435 \u043c\u0435\u0447\u0442\u0430\u044e\u0442 \u043e\u0431 \u0438\u0441\u043a\u043b\u044e\u0447\u0438\u0442\u0435\u043b\u044c\u043d\u044b\u0445 \u0443\u0441\u043b\u043e\u0432\u0438\u044f\u0445 \u043f\u0440\u043e\u0436\u0438\u0432\u0430\u043d\u0438\u044f \u0441\u0440\u0435\u0434\u0438 \u043a\u0440\u0430\u0441\u0438\u0432\u043e\u0439 \u043f\u0440\u0438\u0440\u043e\u0434\u044b \u0438 \u0433\u043e\u0441\u0442\u0435\u043f\u0440\u0438\u0438\u043c\u043d\u044b\u0445 \u043b\u044e\u0434\u0435\u0439. \u0423\u043d\u0438\u0432\u0435\u0440\u0441\u0438\u0442\u0435\u0442\u044b \u041d\u043e\u0432\u043e\u0439 \u0417\u0435\u043b\u0430\u043d\u0434\u0438\u0438 \u043e\u0442\u043b\u0438\u0447\u0430\u044e\u0442\u0441\u044f \u0432\u044b\u0441\u043e\u043a\u0438\u043c \u043a\u0430\u0447\u0435\u0441\u0442\u0432\u043e\u043c \u043e\u0431\u0443\u0447\u0435\u043d\u0438\u044f, \u043e \u0447\u0435\u043c \u0433\u043e\u0432\u043e\u0440\u044f\u0442 \u0438\u0445 \u0432\u044b\u0441\u043e\u043a\u043e \u0437\u0430\u043d\u0438\u043c\u0430\u0435\u043c\u044b\u0435 \u043f\u043e\u0437\u0438\u0446\u0438\u0438 \u0432 \u0440\u0430\u0437\u043b\u0438\u0447\u043d\u044b\u0445 \u043c\u0438\u0440\u043e\u0432\u044b\u0445 \u0440\u0435\u0439\u0442\u0438\u043d\u0433\u0430\u0445 \u0443\u043d\u0438\u0432\u0435\u0440\u0441\u0438\u0442\u0435\u0442\u043e\u0432. \u041d\u043e\u0432\u0430\u044f \u0417\u0435\u043b\u0430\u043d\u0434\u0438\u044f \u0441\u0447\u0438\u0442\u0430\u0435\u0442\u0441\u044f \u043e\u0434\u043d\u043e\u0439 [&hellip;]<\/p>\n","protected":false},"author":3,"featured_media":366,"parent":7,"menu_order":32,"comment_status":"closed","ping_status":"closed","template":"page-services.php","meta":{"inline_featured_image":false},"yoast_head":"<!-- This site is optimized with the Yoast SEO plugin v19.10 - https:\/\/yoast.com\/wordpress\/plugins\/seo\/ -->\n<title>\u041d\u043e\u0432\u0430\u044f \u0417\u0435\u043b\u0430\u043d\u0434\u0438\u044f - Study Plan<\/title>\n<meta name=\"robots\" content=\"index, follow, max-snippet:-1, max-image-preview:large, max-video-preview:-1\" \/>\n<link rel=\"canonical\" href=\"https:\/\/stp.lhm.lv\/studijos-uzsienyje\/studijos-naujoje-zelandijoje\/\" \/>\n<meta property=\"og:locale\" content=\"ru_RU\" \/>\n<meta property=\"og:type\" content=\"article\" \/>\n<meta property=\"og:title\" content=\"[:lt]Studijos Naujojoje Zelandijoje[:ru]\u041d\u043e\u0432\u0430\u044f \u0417\u0435\u043b\u0430\u043d\u0434\u0438\u044f[:] - Study Plan\" \/>\n<meta property=\"og:description\" content=\"\u041d\u043e\u0432\u0430\u044f \u0417\u0435\u043b\u0430\u043d\u0434\u0438\u044f &#8212; \u044d\u0442\u043e \u0443\u0434\u0438\u0432\u0438\u0442\u0435\u043b\u044c\u043d\u0430\u044f \u043f\u043e \u043a\u0440\u0430\u0441\u043e\u0442\u0435 \u0441\u0442\u0440\u0430\u043d\u0430, \u0440\u0430\u0441\u043f\u043e\u043b\u043e\u0436\u0435\u043d\u043d\u0430\u044f \u043d\u0430 \u0440\u0430\u0441\u0441\u0442\u043e\u044f\u043d\u0438\u0438 2000 \u043a\u043c \u043e\u0442 \u0410\u0432\u0441\u0442\u0440\u0430\u043b\u0438\u0438. \u042d\u0442\u0430 \u0441\u0442\u0440\u0430\u043d\u0430 \u043f\u043e\u0434\u0445\u043e\u0434\u0438\u0442 \u0442\u0435\u043c \u043b\u044e\u0434\u044f\u043c, \u043a\u043e\u0442\u043e\u0440\u044b\u0435 \u043c\u0435\u0447\u0442\u0430\u044e\u0442 \u043e\u0431 \u0438\u0441\u043a\u043b\u044e\u0447\u0438\u0442\u0435\u043b\u044c\u043d\u044b\u0445 \u0443\u0441\u043b\u043e\u0432\u0438\u044f\u0445 \u043f\u0440\u043e\u0436\u0438\u0432\u0430\u043d\u0438\u044f \u0441\u0440\u0435\u0434\u0438 \u043a\u0440\u0430\u0441\u0438\u0432\u043e\u0439 \u043f\u0440\u0438\u0440\u043e\u0434\u044b \u0438 \u0433\u043e\u0441\u0442\u0435\u043f\u0440\u0438\u0438\u043c\u043d\u044b\u0445 \u043b\u044e\u0434\u0435\u0439. \u0423\u043d\u0438\u0432\u0435\u0440\u0441\u0438\u0442\u0435\u0442\u044b \u041d\u043e\u0432\u043e\u0439 \u0417\u0435\u043b\u0430\u043d\u0434\u0438\u0438 \u043e\u0442\u043b\u0438\u0447\u0430\u044e\u0442\u0441\u044f \u0432\u044b\u0441\u043e\u043a\u0438\u043c \u043a\u0430\u0447\u0435\u0441\u0442\u0432\u043e\u043c \u043e\u0431\u0443\u0447\u0435\u043d\u0438\u044f, \u043e \u0447\u0435\u043c \u0433\u043e\u0432\u043e\u0440\u044f\u0442 \u0438\u0445 \u0432\u044b\u0441\u043e\u043a\u043e \u0437\u0430\u043d\u0438\u043c\u0430\u0435\u043c\u044b\u0435 \u043f\u043e\u0437\u0438\u0446\u0438\u0438 \u0432 \u0440\u0430\u0437\u043b\u0438\u0447\u043d\u044b\u0445 \u043c\u0438\u0440\u043e\u0432\u044b\u0445 \u0440\u0435\u0439\u0442\u0438\u043d\u0433\u0430\u0445 \u0443\u043d\u0438\u0432\u0435\u0440\u0441\u0438\u0442\u0435\u0442\u043e\u0432. \u041d\u043e\u0432\u0430\u044f \u0417\u0435\u043b\u0430\u043d\u0434\u0438\u044f \u0441\u0447\u0438\u0442\u0430\u0435\u0442\u0441\u044f \u043e\u0434\u043d\u043e\u0439 [&hellip;]\" \/>\n<meta property=\"og:url\" content=\"https:\/\/stp.lhm.lv\/studijos-uzsienyje\/studijos-naujoje-zelandijoje\/\" \/>\n<meta property=\"og:site_name\" content=\"Study Plan\" \/>\n<meta property=\"article:modified_time\" content=\"2020-07-02T17:15:40+00:00\" \/>\n<meta property=\"og:image\" content=\"https:\/\/stp.lhm.lv\/wp-content\/uploads\/2017\/10\/new-zealand-lake-mountain-landscape-37650-1.jpeg\" \/>\n\t<meta property=\"og:image:width\" content=\"2464\" \/>\n\t<meta property=\"og:image:height\" content=\"1632\" \/>\n\t<meta property=\"og:image:type\" content=\"image\/jpeg\" \/>\n<meta name=\"twitter:card\" content=\"summary_large_image\" \/>\n<meta name=\"twitter:label1\" content=\"\u041f\u0440\u0438\u043c\u0435\u0440\u043d\u043e\u0435 \u0432\u0440\u0435\u043c\u044f \u0434\u043b\u044f \u0447\u0442\u0435\u043d\u0438\u044f\" \/>\n\t<meta name=\"twitter:data1\" content=\"1 \u043c\u0438\u043d\u0443\u0442\u0430\" \/>\n<script type=\"application\/ld+json\" class=\"yoast-schema-graph\">{\"@context\":\"https:\/\/schema.org\",\"@graph\":[{\"@type\":\"WebPage\",\"@id\":\"https:\/\/stp.lhm.lv\/studijos-uzsienyje\/studijos-naujoje-zelandijoje\/\",\"url\":\"https:\/\/stp.lhm.lv\/studijos-uzsienyje\/studijos-naujoje-zelandijoje\/\",\"name\":\"[:lt]Studijos Naujojoje Zelandijoje[:ru]\u041d\u043e\u0432\u0430\u044f \u0417\u0435\u043b\u0430\u043d\u0434\u0438\u044f[:] - Study Plan\",\"isPartOf\":{\"@id\":\"https:\/\/stp.lhm.lv\/#website\"},\"datePublished\":\"2017-10-27T11:30:12+00:00\",\"dateModified\":\"2020-07-02T17:15:40+00:00\",\"breadcrumb\":{\"@id\":\"https:\/\/stp.lhm.lv\/studijos-uzsienyje\/studijos-naujoje-zelandijoje\/#breadcrumb\"},\"inLanguage\":\"ru-RU\",\"potentialAction\":[{\"@type\":\"ReadAction\",\"target\":[\"https:\/\/stp.lhm.lv\/studijos-uzsienyje\/studijos-naujoje-zelandijoje\/\"]}]},{\"@type\":\"BreadcrumbList\",\"@id\":\"https:\/\/stp.lhm.lv\/studijos-uzsienyje\/studijos-naujoje-zelandijoje\/#breadcrumb\",\"itemListElement\":[{\"@type\":\"ListItem\",\"position\":1,\"name\":\"Home\",\"item\":\"https:\/\/stp.lhm.lv\/\"},{\"@type\":\"ListItem\",\"position\":2,\"name\":\"Studijos u\u017esienyje\",\"item\":\"https:\/\/stp.lhm.lv\/studijos-uzsienyje\/\"},{\"@type\":\"ListItem\",\"position\":3,\"name\":\"Studijos Naujojoje Zelandijoje\"}]},{\"@type\":\"WebSite\",\"@id\":\"https:\/\/stp.lhm.lv\/#website\",\"url\":\"https:\/\/stp.lhm.lv\/\",\"name\":\"Study Plan\",\"description\":\"Studijos u\u017esienyje, vidurinis mokslas u\u017esienyje, vadov\u0173 magistrant\u016bra u\u017esienyje, kalb\u0173 kursai u\u017esienyje.\",\"potentialAction\":[{\"@type\":\"SearchAction\",\"target\":{\"@type\":\"EntryPoint\",\"urlTemplate\":\"https:\/\/stp.lhm.lv\/?s={search_term_string}\"},\"query-input\":\"required name=search_term_string\"}],\"inLanguage\":\"ru-RU\"}]}<\/script>\n<!-- \/ Yoast SEO plugin. -->","yoast_head_json":{"title":"[:lt]Studijos Naujojoje Zelandijoje[:ru]\u041d\u043e\u0432\u0430\u044f \u0417\u0435\u043b\u0430\u043d\u0434\u0438\u044f[:] - Study Plan","robots":{"index":"index","follow":"follow","max-snippet":"max-snippet:-1","max-image-preview":"max-image-preview:large","max-video-preview":"max-video-preview:-1"},"canonical":"https:\/\/stp.lhm.lv\/studijos-uzsienyje\/studijos-naujoje-zelandijoje\/","og_locale":"ru_RU","og_type":"article","og_title":"[:lt]Studijos Naujojoje Zelandijoje[:ru]\u041d\u043e\u0432\u0430\u044f \u0417\u0435\u043b\u0430\u043d\u0434\u0438\u044f[:] - Study Plan","og_description":"\u041d\u043e\u0432\u0430\u044f \u0417\u0435\u043b\u0430\u043d\u0434\u0438\u044f &#8212; \u044d\u0442\u043e \u0443\u0434\u0438\u0432\u0438\u0442\u0435\u043b\u044c\u043d\u0430\u044f \u043f\u043e \u043a\u0440\u0430\u0441\u043e\u0442\u0435 \u0441\u0442\u0440\u0430\u043d\u0430, \u0440\u0430\u0441\u043f\u043e\u043b\u043e\u0436\u0435\u043d\u043d\u0430\u044f \u043d\u0430 \u0440\u0430\u0441\u0441\u0442\u043e\u044f\u043d\u0438\u0438 2000 \u043a\u043c \u043e\u0442 \u0410\u0432\u0441\u0442\u0440\u0430\u043b\u0438\u0438. \u042d\u0442\u0430 \u0441\u0442\u0440\u0430\u043d\u0430 \u043f\u043e\u0434\u0445\u043e\u0434\u0438\u0442 \u0442\u0435\u043c \u043b\u044e\u0434\u044f\u043c, \u043a\u043e\u0442\u043e\u0440\u044b\u0435 \u043c\u0435\u0447\u0442\u0430\u044e\u0442 \u043e\u0431 \u0438\u0441\u043a\u043b\u044e\u0447\u0438\u0442\u0435\u043b\u044c\u043d\u044b\u0445 \u0443\u0441\u043b\u043e\u0432\u0438\u044f\u0445 \u043f\u0440\u043e\u0436\u0438\u0432\u0430\u043d\u0438\u044f \u0441\u0440\u0435\u0434\u0438 \u043a\u0440\u0430\u0441\u0438\u0432\u043e\u0439 \u043f\u0440\u0438\u0440\u043e\u0434\u044b \u0438 \u0433\u043e\u0441\u0442\u0435\u043f\u0440\u0438\u0438\u043c\u043d\u044b\u0445 \u043b\u044e\u0434\u0435\u0439. \u0423\u043d\u0438\u0432\u0435\u0440\u0441\u0438\u0442\u0435\u0442\u044b \u041d\u043e\u0432\u043e\u0439 \u0417\u0435\u043b\u0430\u043d\u0434\u0438\u0438 \u043e\u0442\u043b\u0438\u0447\u0430\u044e\u0442\u0441\u044f \u0432\u044b\u0441\u043e\u043a\u0438\u043c \u043a\u0430\u0447\u0435\u0441\u0442\u0432\u043e\u043c \u043e\u0431\u0443\u0447\u0435\u043d\u0438\u044f, \u043e \u0447\u0435\u043c \u0433\u043e\u0432\u043e\u0440\u044f\u0442 \u0438\u0445 \u0432\u044b\u0441\u043e\u043a\u043e \u0437\u0430\u043d\u0438\u043c\u0430\u0435\u043c\u044b\u0435 \u043f\u043e\u0437\u0438\u0446\u0438\u0438 \u0432 \u0440\u0430\u0437\u043b\u0438\u0447\u043d\u044b\u0445 \u043c\u0438\u0440\u043e\u0432\u044b\u0445 \u0440\u0435\u0439\u0442\u0438\u043d\u0433\u0430\u0445 \u0443\u043d\u0438\u0432\u0435\u0440\u0441\u0438\u0442\u0435\u0442\u043e\u0432. \u041d\u043e\u0432\u0430\u044f \u0417\u0435\u043b\u0430\u043d\u0434\u0438\u044f \u0441\u0447\u0438\u0442\u0430\u0435\u0442\u0441\u044f \u043e\u0434\u043d\u043e\u0439 [&hellip;]","og_url":"https:\/\/stp.lhm.lv\/studijos-uzsienyje\/studijos-naujoje-zelandijoje\/","og_site_name":"Study Plan","article_modified_time":"2020-07-02T17:15:40+00:00","og_image":[{"width":2464,"height":1632,"url":"https:\/\/stp.lhm.lv\/wp-content\/uploads\/2017\/10\/new-zealand-lake-mountain-landscape-37650-1.jpeg","type":"image\/jpeg"}],"twitter_card":"summary_large_image","twitter_misc":{"\u041f\u0440\u0438\u043c\u0435\u0440\u043d\u043e\u0435 \u0432\u0440\u0435\u043c\u044f \u0434\u043b\u044f \u0447\u0442\u0435\u043d\u0438\u044f":"1 \u043c\u0438\u043d\u0443\u0442\u0430"},"schema":{"@context":"https:\/\/schema.org","@graph":[{"@type":"WebPage","@id":"https:\/\/stp.lhm.lv\/studijos-uzsienyje\/studijos-naujoje-zelandijoje\/","url":"https:\/\/stp.lhm.lv\/studijos-uzsienyje\/studijos-naujoje-zelandijoje\/","name":"[:lt]Studijos Naujojoje Zelandijoje[:ru]\u041d\u043e\u0432\u0430\u044f \u0417\u0435\u043b\u0430\u043d\u0434\u0438\u044f[:] - Study Plan","isPartOf":{"@id":"https:\/\/stp.lhm.lv\/#website"},"datePublished":"2017-10-27T11:30:12+00:00","dateModified":"2020-07-02T17:15:40+00:00","breadcrumb":{"@id":"https:\/\/stp.lhm.lv\/studijos-uzsienyje\/studijos-naujoje-zelandijoje\/#breadcrumb"},"inLanguage":"ru-RU","potentialAction":[{"@type":"ReadAction","target":["https:\/\/stp.lhm.lv\/studijos-uzsienyje\/studijos-naujoje-zelandijoje\/"]}]},{"@type":"BreadcrumbList","@id":"https:\/\/stp.lhm.lv\/studijos-uzsienyje\/studijos-naujoje-zelandijoje\/#breadcrumb","itemListElement":[{"@type":"ListItem","position":1,"name":"Home","item":"https:\/\/stp.lhm.lv\/"},{"@type":"ListItem","position":2,"name":"Studijos u\u017esienyje","item":"https:\/\/stp.lhm.lv\/studijos-uzsienyje\/"},{"@type":"ListItem","position":3,"name":"Studijos Naujojoje Zelandijoje"}]},{"@type":"WebSite","@id":"https:\/\/stp.lhm.lv\/#website","url":"https:\/\/stp.lhm.lv\/","name":"Study Plan","description":"Studijos u\u017esienyje, vidurinis mokslas u\u017esienyje, vadov\u0173 magistrant\u016bra u\u017esienyje, kalb\u0173 kursai u\u017esienyje.","potentialAction":[{"@type":"SearchAction","target":{"@type":"EntryPoint","urlTemplate":"https:\/\/stp.lhm.lv\/?s={search_term_string}"},"query-input":"required name=search_term_string"}],"inLanguage":"ru-RU"}]}},"_links":{"self":[{"href":"https:\/\/stp.lhm.lv\/ru\/wp-json\/wp\/v2\/pages\/318"}],"collection":[{"href":"https:\/\/stp.lhm.lv\/ru\/wp-json\/wp\/v2\/pages"}],"about":[{"href":"https:\/\/stp.lhm.lv\/ru\/wp-json\/wp\/v2\/types\/page"}],"author":[{"embeddable":true,"href":"https:\/\/stp.lhm.lv\/ru\/wp-json\/wp\/v2\/users\/3"}],"replies":[{"embeddable":true,"href":"https:\/\/stp.lhm.lv\/ru\/wp-json\/wp\/v2\/comments?post=318"}],"version-history":[{"count":9,"href":"https:\/\/stp.lhm.lv\/ru\/wp-json\/wp\/v2\/pages\/318\/revisions"}],"predecessor-version":[{"id":2032,"href":"https:\/\/stp.lhm.lv\/ru\/wp-json\/wp\/v2\/pages\/318\/revisions\/2032"}],"up":[{"embeddable":true,"href":"https:\/\/stp.lhm.lv\/ru\/wp-json\/wp\/v2\/pages\/7"}],"wp:featuredmedia":[{"embeddable":true,"href":"https:\/\/stp.lhm.lv\/ru\/wp-json\/wp\/v2\/media\/366"}],"wp:attachment":[{"href":"https:\/\/stp.lhm.lv\/ru\/wp-json\/wp\/v2\/media?parent=318"}],"curies":[{"name":"wp","href":"https:\/\/api.w.org\/{rel}","templated":true}]}}