{"id":26,"date":"2017-09-17T18:17:36","date_gmt":"2017-09-17T20:17:36","guid":{"rendered":"http:\/\/studyplan.lt.kalendra.serveriai.lt\/?page_id=26"},"modified":"2018-05-14T04:15:50","modified_gmt":"2018-05-14T06:15:50","slug":"vidurinis-mokslas-uzsienyje","status":"publish","type":"page","link":"https:\/\/stp.lhm.lv\/ru\/vidurinis-mokslas-uzsienyje\/","title":{"rendered":"\u0421\u0440\u0435\u0434\u043d\u0435\u0435 \u043e\u0431\u0440\u0430\u0437\u043e\u0432\u0430\u043d\u0438\u0435 \u0437\u0430 \u0440\u0443\u0431\u0435\u0436\u043e\u043c"},"content":{"rendered":"<p><\/p>\n<h4>\u0416\u0435\u043b\u0430\u044e\u0449\u0438\u043c \u043e\u0431\u0443\u0447\u0430\u0442\u044c\u0441\u044f \u0437\u0430 \u0433\u0440\u0430\u043d\u0438\u0446\u0435\u0439 \u043d\u0435 \u043e\u0431\u044f\u0437\u0430\u0442\u0435\u043b\u044c\u043d\u043e \u0436\u0434\u0430\u0442\u044c \u043e\u043a\u043e\u043d\u0447\u0430\u043d\u0438\u044f \u0441\u0440\u0435\u0434\u043d\u0435\u0439 \u0448\u043a\u043e\u043b\u044b. \u0415\u0441\u043b\u0438 \u0447\u0435\u043b\u043e\u0432\u0435\u043a \u0436\u0435\u043b\u0430\u0435\u0442 \u043f\u043e\u043b\u0443\u0447\u0438\u0442\u044c \u043c\u0435\u0436\u0434\u0443\u043d\u0430\u0440\u043e\u0434\u043d\u044b\u0439 \u043e\u043f\u044b\u0442 \u0438 \u0441\u0442\u0430\u0442\u044c \u0441\u0430\u043c\u043e\u0441\u0442\u043e\u044f\u0442\u0435\u043b\u044c\u043d\u044b\u043c, \u043e\u043d \u043c\u043e\u0436\u0435\u0442 \u043f\u043e\u043b\u0443\u0447\u0438\u0442\u044c \u0441\u0440\u0435\u0434\u043d\u0435\u0435 \u043e\u0431\u0440\u0430\u0437\u043e\u0432\u0430\u043d\u0438\u0435 \u0432 \u0441\u0440\u0435\u0434\u043d\u0438\u0445 \u0448\u043a\u043e\u043b\u0430\u0445 \u0440\u0430\u0437\u043b\u0438\u0447\u043d\u044b\u0445 \u0441\u0442\u0440\u0430\u043d, \u043d\u0430\u043f\u0440\u0438\u043c\u0435\u0440, \u0432 \u0412\u0435\u043b\u0438\u043a\u043e\u0431\u0440\u0438\u0442\u0430\u043d\u0438\u0438, \u0410\u0432\u0441\u0442\u0440\u0430\u043b\u0438\u0438, \u0421\u0428\u0410 \u0438 \u0442.\u0434. \u00a0\u0421\u0440\u0435\u0434\u043d\u0435\u0435 \u043e\u0431\u0440\u0430\u0437\u043e\u0432\u0430\u043d\u0438\u0435 \u0432 \u044d\u0442\u0438\u0445 \u0441\u0442\u0440\u0430\u043d\u0430\u0445 \u043e\u0442\u043b\u0438\u0447\u0430\u0435\u0442\u0441\u044f \u0432\u044b\u0441\u043e\u043a\u0438\u043c \u0443\u0440\u043e\u0432\u043d\u0435\u043c \u043e\u0431\u0440\u0430\u0437\u043e\u0432\u0430\u0442\u0435\u043b\u044c\u043d\u043e\u0433\u043e \u043f\u0440\u043e\u0446\u0435\u0441\u0441\u0430.<\/h4>\n<p>\u041d\u0435\u043a\u043e\u0442\u043e\u0440\u044b\u0435 \u0437\u0430\u0440\u0443\u0431\u0435\u0436\u043d\u044b\u0435 \u0432\u044b\u0441\u0448\u0438\u0435 \u0448\u043a\u043e\u043b\u044b \u043d\u0435 \u043f\u0440\u0438\u0437\u043d\u0430\u044e\u0442 \u043f\u043e\u043b\u0443\u0447\u0435\u043d\u043d\u043e\u0433\u043e \u0432 \u041b\u0438\u0442\u0432\u0435 \u0430\u0442\u0442\u0435\u0441\u0442\u0430\u0442\u0430 \u043e \u0441\u0440\u0435\u0434\u043d\u0435\u043c \u043e\u0431\u0440\u0430\u0437\u043e\u0432\u0430\u043d\u0438\u0438, \u043f\u043e\u044d\u0442\u043e\u043c\u0443 \u0434\u043b\u044f \u043e\u043a\u043e\u043d\u0447\u0438\u0432\u0448\u0438\u0445 \u0441\u0440\u0435\u0434\u043d\u044e\u044e \u0448\u043a\u043e\u043b\u0443 \u0432 \u0443\u043a\u0430\u0437\u0430\u043d\u043d\u044b\u0445 \u0432\u044b\u0448\u0435 \u0441\u0442\u0440\u0430\u043d\u0430\u0445 \u043e\u0442\u043a\u0440\u044b\u0432\u0430\u044e\u0442\u0441\u044f \u0431\u043e\u043b\u0435\u0435 \u0448\u0438\u0440\u043e\u043a\u0438\u0435 \u043f\u0435\u0440\u0441\u043f\u0435\u043a\u0442\u0438\u0432\u044b \u043f\u043e\u0441\u0442\u0443\u043f\u043b\u0435\u043d\u0438\u044f \u0432 \u0441\u0430\u043c\u044b\u0435 \u043b\u0443\u0447\u0448\u0438\u0435 \u0438 \u043f\u0440\u0435\u0441\u0442\u0438\u0436\u043d\u044b\u0435 \u0432\u044b\u0441\u0448\u0438\u0435 \u0443\u0447\u0435\u0431\u043d\u044b\u0435 \u0437\u0430\u0432\u0435\u0434\u0435\u043d\u0438\u044f \u0437\u0430 \u0440\u0443\u0431\u0435\u0436\u043e\u043c.<\/p>\n<p>\u0421\u0440\u0435\u0434\u043d\u0435\u0435 \u043e\u0431\u0440\u0430\u0437\u043e\u0432\u0430\u043d\u0438\u0435 \u0437\u0430 \u0440\u0443\u0431\u0435\u0436\u043e\u043c \u0434\u0435\u043b\u0430\u0435\u0442 \u043c\u043e\u043b\u043e\u0434\u043e\u0433\u043e \u0447\u0435\u043b\u043e\u0432\u0435\u043a\u0430 \u0431\u043e\u043b\u0435\u0435 \u0441\u0430\u043c\u043e\u0441\u0442\u043e\u044f\u0442\u0435\u043b\u044c\u043d\u044b\u043c; \u0441 \u0441\u0430\u043c\u044b\u0445 \u0440\u0430\u043d\u043d\u0438\u0445 \u043b\u0435\u0442 \u0443\u0447\u0438\u0442 \u043a\u043e\u0441\u043c\u043e\u043f\u043e\u043b\u0438\u0442\u0438\u0437\u043c\u0443, \u0441\u043e\u0432\u0435\u0440\u0448\u0435\u043d\u0441\u0442\u0432\u0443\u0435\u0442 \u043d\u0430\u0432\u044b\u043a\u0438 \u0432\u043b\u0430\u0434\u0435\u043d\u0438\u044f \u0438\u043d\u043e\u0441\u0442\u0440\u0430\u043d\u043d\u044b\u043c \u044f\u0437\u044b\u043a\u043e\u043c, \u0434\u0430\u0435\u0442 \u0432\u043e\u0437\u043c\u043e\u0436\u043d\u043e\u0441\u0442\u044c \u043f\u043e\u0437\u043d\u0430\u043a\u043e\u043c\u0438\u0442\u044c\u0441\u044f \u0441 \u043a\u0443\u043b\u044c\u0442\u0443\u0440\u043e\u0439 \u0434\u0440\u0443\u0433\u043e\u0439 \u0441\u0442\u0440\u0430\u043d\u044b, \u0430 \u0442\u0430\u043a\u0436\u0435 \u0432\u043e\u0437\u0432\u043e\u0434\u0438\u0442 \u0444\u0443\u043d\u0434\u0430\u043c\u0435\u043d\u0442 \u0434\u043b\u044f \u0434\u0430\u043b\u044c\u043d\u0435\u0439\u0448\u0435\u0433\u043e \u0443\u0441\u043f\u0435\u0448\u043d\u043e\u0433\u043e \u0440\u0430\u0437\u0432\u0438\u0442\u0438\u044f \u043c\u043e\u043b\u043e\u0434\u043e\u0433\u043e \u0447\u0435\u043b\u043e\u0432\u0435\u043a\u0430.<\/p>\n<p>\u0421\u0440\u0435\u0434\u043d\u0435\u0435 \u043e\u0431\u0440\u0430\u0437\u043e\u0432\u0430\u043d\u0438\u0435 \u0437\u0430 \u0440\u0443\u0431\u0435\u0436\u043e\u043c \u0440\u0430\u0437\u0434\u0435\u043b\u044f\u0435\u0442\u0441\u044f \u043d\u0430 \u0433\u043e\u0441\u0443\u0434\u0430\u0440\u0441\u0442\u0432\u0435\u043d\u043d\u043e\u0435 \u0438 \u0447\u0430\u0441\u0442\u043d\u043e\u0435. \u0412 \u0447\u0430\u0441\u0442\u043d\u044b\u0445 \u0448\u043a\u043e\u043b\u0430\u0445 \u043e\u0431\u0443\u0447\u0435\u043d\u0438\u0435 \u043f\u043b\u0430\u0442\u043d\u043e\u0435, \u0430 \u0432 \u0433\u043e\u0441\u0443\u0434\u0430\u0440\u0441\u0442\u0432\u0435\u043d\u043d\u044b\u0445 \u0435\u0441\u0442\u044c \u0432\u043e\u0437\u043c\u043e\u0436\u043d\u043e\u0441\u0442\u044c \u043e\u0431\u0443\u0447\u0430\u0442\u044c\u0441\u044f \u0431\u0435\u0441\u043f\u043b\u0430\u0442\u043d\u043e: \u043d\u0430\u0434\u043e \u0442\u043e\u043b\u044c\u043a\u043e \u043f\u043e\u043a\u0440\u044b\u0442\u044c \u0440\u0430\u0441\u0445\u043e\u0434\u044b \u043d\u0430 \u043f\u0440\u043e\u0436\u0438\u0432\u0430\u043d\u0438\u0435.<\/p>\n<p>\u041e\u0447\u0435\u043d\u044c \u0432\u0430\u0436\u043d\u043e \u0432\u044b\u0431\u0440\u0430\u0442\u044c \u0448\u043a\u043e\u043b\u0443, \u043a\u043e\u0442\u043e\u0440\u0430\u044f \u0441\u043e\u043e\u0442\u0432\u0435\u0442\u0441\u0442\u0432\u0443\u0435\u0442 \u0441\u043f\u043e\u0441\u043e\u0431\u043d\u043e\u0441\u0442\u044f\u043c \u0440\u0435\u0431\u0435\u043d\u043a\u0430. \u0415\u0441\u0442\u044c \u0448\u043a\u043e\u043b\u044b, \u0432 \u043a\u043e\u0442\u043e\u0440\u044b\u0445 \u0440\u0430\u0437\u0432\u0438\u0432\u0430\u044e\u0442\u0441\u044f \u043d\u0435 \u0442\u043e\u043b\u044c\u043a\u043e \u043e\u0431\u0449\u0438\u0435 \u043d\u0430\u0432\u044b\u043a\u0438, \u043d\u043e \u0438 \u043e\u0431\u0440\u0430\u0449\u0430\u0435\u0442\u0441\u044f \u0432\u043d\u0438\u043c\u0430\u043d\u0438\u0435 \u043d\u0430 \u043b\u0438\u0447\u043d\u044b\u0435 \u0441\u043f\u043e\u0441\u043e\u0431\u043d\u043e\u0441\u0442\u0438 \u0440\u0435\u0431\u0435\u043d\u043a\u0430, \u043d\u0430\u043f\u0440\u0438\u043c\u0435\u0440, \u0435\u0433\u043e \u0443\u0432\u043b\u0435\u0447\u0435\u043d\u0438\u0435 \u0441\u043f\u043e\u0440\u0442\u043e\u043c, \u043c\u0443\u0437\u044b\u043a\u043e\u0439, \u0438\u0441\u043a\u0443\u0441\u0441\u0442\u0432\u043e\u043c \u0438 \u0442.\u0434. \u041d\u0435\u043a\u043e\u0442\u043e\u0440\u044b\u0435 \u0448\u043a\u043e\u043b\u044b \u044f\u0432\u043b\u044f\u044e\u0442\u0441\u044f \u0441\u043f\u0435\u0446\u0438\u0430\u043b\u0438\u0437\u0438\u0440\u043e\u0432\u0430\u043d\u043d\u044b\u043c\u0438 &#8212; \u0440\u0435\u0431\u0435\u043d\u043a\u0443 \u043c\u043e\u0433\u0443\u0442 \u043f\u0440\u0435\u0434\u043b\u043e\u0436\u0438\u0442\u044c \u0441\u043e\u0437\u0434\u0430\u0432\u0430\u0442\u044c \u0444\u0438\u043b\u044c\u043c\u044b, \u0437\u0430\u043d\u044f\u0442\u0438\u044f \u0432\u0435\u0440\u0445\u043e\u0432\u043e\u0439 \u0435\u0437\u0434\u043e\u0439 \u0438\u043b\u0438 \u043f\u0440\u0435\u0434\u043e\u0441\u0442\u0430\u0432\u0438\u0442\u044c \u0432\u043e\u0437\u043c\u043e\u0436\u043d\u043e\u0441\u0442\u044c \u0438\u0437\u0443\u0447\u0430\u0442\u044c \u043e\u0441\u043e\u0431\u0435\u043d\u043d\u043e \u0440\u0435\u0434\u043a\u0438\u0435 \u0438\u043d\u043e\u0441\u0442\u0440\u0430\u043d\u043d\u044b\u0435 \u044f\u0437\u044b\u043a\u0438.<\/p>\n<p>\u201eStudy Plan International\u201c \u043e\u0431\u0440\u0430\u0449\u0430\u0435\u0442 \u0432\u043d\u0438\u043c\u0430\u043d\u0438\u0435 \u043d\u0430 \u043b\u0438\u0447\u043d\u044b\u0435 \u043f\u043e\u0442\u0440\u0435\u0431\u043d\u043e\u0441\u0442\u0438 \u0432\u0430\u0448\u0435\u0433\u043e \u0440\u0435\u0431\u0435\u043d\u043a\u0430, \u043d\u0430 \u0435\u0433\u043e \u0441\u043f\u043e\u0441\u043e\u0431\u043d\u043e\u0441\u0442\u0438 \u0438 \u0444\u0438\u043d\u0430\u043d\u0441\u043e\u0432\u044b\u0435 \u0432\u043e\u0437\u043c\u043e\u0436\u043d\u043e\u0441\u0442\u0438 \u0441\u0435\u043c\u044c\u0438, \u043f\u043e\u044d\u0442\u043e\u043c\u0443 \u0432\u0441\u0435\u0433\u0434\u0430 \u043f\u043e\u0434\u0431\u0435\u0440\u0435\u0442 \u0441\u0430\u043c\u044b\u0439 \u043e\u043f\u0442\u0438\u043c\u0430\u043b\u044c\u043d\u044b\u0439 \u0432\u0430\u0440\u0438\u0430\u043d\u0442.<\/p>","protected":false},"excerpt":{"rendered":"<p>\u0416\u0435\u043b\u0430\u044e\u0449\u0438\u043c \u043e\u0431\u0443\u0447\u0430\u0442\u044c\u0441\u044f \u0437\u0430 \u0433\u0440\u0430\u043d\u0438\u0446\u0435\u0439 \u043d\u0435 \u043e\u0431\u044f\u0437\u0430\u0442\u0435\u043b\u044c\u043d\u043e \u0436\u0434\u0430\u0442\u044c \u043e\u043a\u043e\u043d\u0447\u0430\u043d\u0438\u044f \u0441\u0440\u0435\u0434\u043d\u0435\u0439 \u0448\u043a\u043e\u043b\u044b. \u0415\u0441\u043b\u0438 \u0447\u0435\u043b\u043e\u0432\u0435\u043a \u0436\u0435\u043b\u0430\u0435\u0442 \u043f\u043e\u043b\u0443\u0447\u0438\u0442\u044c \u043c\u0435\u0436\u0434\u0443\u043d\u0430\u0440\u043e\u0434\u043d\u044b\u0439 \u043e\u043f\u044b\u0442 \u0438 \u0441\u0442\u0430\u0442\u044c \u0441\u0430\u043c\u043e\u0441\u0442\u043e\u044f\u0442\u0435\u043b\u044c\u043d\u044b\u043c, \u043e\u043d \u043c\u043e\u0436\u0435\u0442 \u043f\u043e\u043b\u0443\u0447\u0438\u0442\u044c \u0441\u0440\u0435\u0434\u043d\u0435\u0435 \u043e\u0431\u0440\u0430\u0437\u043e\u0432\u0430\u043d\u0438\u0435 \u0432 \u0441\u0440\u0435\u0434\u043d\u0438\u0445 \u0448\u043a\u043e\u043b\u0430\u0445 \u0440\u0430\u0437\u043b\u0438\u0447\u043d\u044b\u0445 \u0441\u0442\u0440\u0430\u043d, \u043d\u0430\u043f\u0440\u0438\u043c\u0435\u0440, \u0432 \u0412\u0435\u043b\u0438\u043a\u043e\u0431\u0440\u0438\u0442\u0430\u043d\u0438\u0438, \u0410\u0432\u0441\u0442\u0440\u0430\u043b\u0438\u0438, \u0421\u0428\u0410 \u0438 \u0442.\u0434. \u00a0\u0421\u0440\u0435\u0434\u043d\u0435\u0435 \u043e\u0431\u0440\u0430\u0437\u043e\u0432\u0430\u043d\u0438\u0435 \u0432 \u044d\u0442\u0438\u0445 \u0441\u0442\u0440\u0430\u043d\u0430\u0445 \u043e\u0442\u043b\u0438\u0447\u0430\u0435\u0442\u0441\u044f \u0432\u044b\u0441\u043e\u043a\u0438\u043c \u0443\u0440\u043e\u0432\u043d\u0435\u043c \u043e\u0431\u0440\u0430\u0437\u043e\u0432\u0430\u0442\u0435\u043b\u044c\u043d\u043e\u0433\u043e \u043f\u0440\u043e\u0446\u0435\u0441\u0441\u0430. \u041d\u0435\u043a\u043e\u0442\u043e\u0440\u044b\u0435 \u0437\u0430\u0440\u0443\u0431\u0435\u0436\u043d\u044b\u0435 \u0432\u044b\u0441\u0448\u0438\u0435 \u0448\u043a\u043e\u043b\u044b \u043d\u0435 \u043f\u0440\u0438\u0437\u043d\u0430\u044e\u0442 \u043f\u043e\u043b\u0443\u0447\u0435\u043d\u043d\u043e\u0433\u043e \u0432 \u041b\u0438\u0442\u0432\u0435 [&hellip;]<\/p>\n","protected":false},"author":3,"featured_media":398,"parent":0,"menu_order":37,"comment_status":"closed","ping_status":"closed","template":"page-services-no-sidebar.php","meta":{"inline_featured_image":false},"yoast_head":"<!-- This site is optimized with the Yoast SEO plugin v19.10 - https:\/\/yoast.com\/wordpress\/plugins\/seo\/ -->\n<title>\u0421\u0440\u0435\u0434\u043d\u0435\u0435 \u043e\u0431\u0440\u0430\u0437\u043e\u0432\u0430\u043d\u0438\u0435 \u0437\u0430 \u0440\u0443\u0431\u0435\u0436\u043e\u043c - Study Plan<\/title>\n<meta name=\"robots\" content=\"index, follow, max-snippet:-1, max-image-preview:large, max-video-preview:-1\" \/>\n<link rel=\"canonical\" href=\"https:\/\/stp.lhm.lv\/vidurinis-mokslas-uzsienyje\/\" \/>\n<meta property=\"og:locale\" content=\"ru_RU\" \/>\n<meta property=\"og:type\" content=\"article\" \/>\n<meta property=\"og:title\" content=\"[:lt]Vidurinis mokslas u\u017esienyje[:ru]\u0421\u0440\u0435\u0434\u043d\u0435\u0435 \u043e\u0431\u0440\u0430\u0437\u043e\u0432\u0430\u043d\u0438\u0435 \u0437\u0430 \u0440\u0443\u0431\u0435\u0436\u043e\u043c[:en]Secondary Education Abroad[:] - Study Plan\" \/>\n<meta property=\"og:description\" content=\"\u0416\u0435\u043b\u0430\u044e\u0449\u0438\u043c \u043e\u0431\u0443\u0447\u0430\u0442\u044c\u0441\u044f \u0437\u0430 \u0433\u0440\u0430\u043d\u0438\u0446\u0435\u0439 \u043d\u0435 \u043e\u0431\u044f\u0437\u0430\u0442\u0435\u043b\u044c\u043d\u043e \u0436\u0434\u0430\u0442\u044c \u043e\u043a\u043e\u043d\u0447\u0430\u043d\u0438\u044f \u0441\u0440\u0435\u0434\u043d\u0435\u0439 \u0448\u043a\u043e\u043b\u044b. \u0415\u0441\u043b\u0438 \u0447\u0435\u043b\u043e\u0432\u0435\u043a \u0436\u0435\u043b\u0430\u0435\u0442 \u043f\u043e\u043b\u0443\u0447\u0438\u0442\u044c \u043c\u0435\u0436\u0434\u0443\u043d\u0430\u0440\u043e\u0434\u043d\u044b\u0439 \u043e\u043f\u044b\u0442 \u0438 \u0441\u0442\u0430\u0442\u044c \u0441\u0430\u043c\u043e\u0441\u0442\u043e\u044f\u0442\u0435\u043b\u044c\u043d\u044b\u043c, \u043e\u043d \u043c\u043e\u0436\u0435\u0442 \u043f\u043e\u043b\u0443\u0447\u0438\u0442\u044c \u0441\u0440\u0435\u0434\u043d\u0435\u0435 \u043e\u0431\u0440\u0430\u0437\u043e\u0432\u0430\u043d\u0438\u0435 \u0432 \u0441\u0440\u0435\u0434\u043d\u0438\u0445 \u0448\u043a\u043e\u043b\u0430\u0445 \u0440\u0430\u0437\u043b\u0438\u0447\u043d\u044b\u0445 \u0441\u0442\u0440\u0430\u043d, \u043d\u0430\u043f\u0440\u0438\u043c\u0435\u0440, \u0432 \u0412\u0435\u043b\u0438\u043a\u043e\u0431\u0440\u0438\u0442\u0430\u043d\u0438\u0438, \u0410\u0432\u0441\u0442\u0440\u0430\u043b\u0438\u0438, \u0421\u0428\u0410 \u0438 \u0442.\u0434. \u00a0\u0421\u0440\u0435\u0434\u043d\u0435\u0435 \u043e\u0431\u0440\u0430\u0437\u043e\u0432\u0430\u043d\u0438\u0435 \u0432 \u044d\u0442\u0438\u0445 \u0441\u0442\u0440\u0430\u043d\u0430\u0445 \u043e\u0442\u043b\u0438\u0447\u0430\u0435\u0442\u0441\u044f \u0432\u044b\u0441\u043e\u043a\u0438\u043c \u0443\u0440\u043e\u0432\u043d\u0435\u043c \u043e\u0431\u0440\u0430\u0437\u043e\u0432\u0430\u0442\u0435\u043b\u044c\u043d\u043e\u0433\u043e \u043f\u0440\u043e\u0446\u0435\u0441\u0441\u0430. \u041d\u0435\u043a\u043e\u0442\u043e\u0440\u044b\u0435 \u0437\u0430\u0440\u0443\u0431\u0435\u0436\u043d\u044b\u0435 \u0432\u044b\u0441\u0448\u0438\u0435 \u0448\u043a\u043e\u043b\u044b \u043d\u0435 \u043f\u0440\u0438\u0437\u043d\u0430\u044e\u0442 \u043f\u043e\u043b\u0443\u0447\u0435\u043d\u043d\u043e\u0433\u043e \u0432 \u041b\u0438\u0442\u0432\u0435 [&hellip;]\" \/>\n<meta property=\"og:url\" content=\"https:\/\/stp.lhm.lv\/vidurinis-mokslas-uzsienyje\/\" \/>\n<meta property=\"og:site_name\" content=\"Study Plan\" \/>\n<meta property=\"article:modified_time\" content=\"2018-05-14T06:15:50+00:00\" \/>\n<meta property=\"og:image\" content=\"https:\/\/stp.lhm.lv\/wp-content\/uploads\/2017\/09\/element5-digital-352046-scaled.jpg\" \/>\n\t<meta property=\"og:image:width\" content=\"2560\" \/>\n\t<meta property=\"og:image:height\" content=\"1695\" \/>\n\t<meta property=\"og:image:type\" content=\"image\/jpeg\" \/>\n<meta name=\"twitter:card\" content=\"summary_large_image\" \/>\n<meta name=\"twitter:label1\" content=\"\u041f\u0440\u0438\u043c\u0435\u0440\u043d\u043e\u0435 \u0432\u0440\u0435\u043c\u044f \u0434\u043b\u044f \u0447\u0442\u0435\u043d\u0438\u044f\" \/>\n\t<meta name=\"twitter:data1\" content=\"3 \u043c\u0438\u043d\u0443\u0442\u044b\" \/>\n<script type=\"application\/ld+json\" class=\"yoast-schema-graph\">{\"@context\":\"https:\/\/schema.org\",\"@graph\":[{\"@type\":\"WebPage\",\"@id\":\"https:\/\/stp.lhm.lv\/vidurinis-mokslas-uzsienyje\/\",\"url\":\"https:\/\/stp.lhm.lv\/vidurinis-mokslas-uzsienyje\/\",\"name\":\"[:lt]Vidurinis mokslas u\u017esienyje[:ru]\u0421\u0440\u0435\u0434\u043d\u0435\u0435 \u043e\u0431\u0440\u0430\u0437\u043e\u0432\u0430\u043d\u0438\u0435 \u0437\u0430 \u0440\u0443\u0431\u0435\u0436\u043e\u043c[:en]Secondary Education Abroad[:] - Study Plan\",\"isPartOf\":{\"@id\":\"https:\/\/stp.lhm.lv\/#website\"},\"datePublished\":\"2017-09-17T20:17:36+00:00\",\"dateModified\":\"2018-05-14T06:15:50+00:00\",\"breadcrumb\":{\"@id\":\"https:\/\/stp.lhm.lv\/vidurinis-mokslas-uzsienyje\/#breadcrumb\"},\"inLanguage\":\"ru-RU\",\"potentialAction\":[{\"@type\":\"ReadAction\",\"target\":[\"https:\/\/stp.lhm.lv\/vidurinis-mokslas-uzsienyje\/\"]}]},{\"@type\":\"BreadcrumbList\",\"@id\":\"https:\/\/stp.lhm.lv\/vidurinis-mokslas-uzsienyje\/#breadcrumb\",\"itemListElement\":[{\"@type\":\"ListItem\",\"position\":1,\"name\":\"Home\",\"item\":\"https:\/\/stp.lhm.lv\/\"},{\"@type\":\"ListItem\",\"position\":2,\"name\":\"Vidurinis mokslas u\u017esienyje\"}]},{\"@type\":\"WebSite\",\"@id\":\"https:\/\/stp.lhm.lv\/#website\",\"url\":\"https:\/\/stp.lhm.lv\/\",\"name\":\"Study Plan\",\"description\":\"Studijos u\u017esienyje, vidurinis mokslas u\u017esienyje, vadov\u0173 magistrant\u016bra u\u017esienyje, kalb\u0173 kursai u\u017esienyje.\",\"potentialAction\":[{\"@type\":\"SearchAction\",\"target\":{\"@type\":\"EntryPoint\",\"urlTemplate\":\"https:\/\/stp.lhm.lv\/?s={search_term_string}\"},\"query-input\":\"required name=search_term_string\"}],\"inLanguage\":\"ru-RU\"}]}<\/script>\n<!-- \/ Yoast SEO plugin. -->","yoast_head_json":{"title":"[:lt]Vidurinis mokslas u\u017esienyje[:ru]\u0421\u0440\u0435\u0434\u043d\u0435\u0435 \u043e\u0431\u0440\u0430\u0437\u043e\u0432\u0430\u043d\u0438\u0435 \u0437\u0430 \u0440\u0443\u0431\u0435\u0436\u043e\u043c[:en]Secondary Education Abroad[:] - Study Plan","robots":{"index":"index","follow":"follow","max-snippet":"max-snippet:-1","max-image-preview":"max-image-preview:large","max-video-preview":"max-video-preview:-1"},"canonical":"https:\/\/stp.lhm.lv\/vidurinis-mokslas-uzsienyje\/","og_locale":"ru_RU","og_type":"article","og_title":"[:lt]Vidurinis mokslas u\u017esienyje[:ru]\u0421\u0440\u0435\u0434\u043d\u0435\u0435 \u043e\u0431\u0440\u0430\u0437\u043e\u0432\u0430\u043d\u0438\u0435 \u0437\u0430 \u0440\u0443\u0431\u0435\u0436\u043e\u043c[:en]Secondary Education Abroad[:] - Study Plan","og_description":"\u0416\u0435\u043b\u0430\u044e\u0449\u0438\u043c \u043e\u0431\u0443\u0447\u0430\u0442\u044c\u0441\u044f \u0437\u0430 \u0433\u0440\u0430\u043d\u0438\u0446\u0435\u0439 \u043d\u0435 \u043e\u0431\u044f\u0437\u0430\u0442\u0435\u043b\u044c\u043d\u043e \u0436\u0434\u0430\u0442\u044c \u043e\u043a\u043e\u043d\u0447\u0430\u043d\u0438\u044f \u0441\u0440\u0435\u0434\u043d\u0435\u0439 \u0448\u043a\u043e\u043b\u044b. \u0415\u0441\u043b\u0438 \u0447\u0435\u043b\u043e\u0432\u0435\u043a \u0436\u0435\u043b\u0430\u0435\u0442 \u043f\u043e\u043b\u0443\u0447\u0438\u0442\u044c \u043c\u0435\u0436\u0434\u0443\u043d\u0430\u0440\u043e\u0434\u043d\u044b\u0439 \u043e\u043f\u044b\u0442 \u0438 \u0441\u0442\u0430\u0442\u044c \u0441\u0430\u043c\u043e\u0441\u0442\u043e\u044f\u0442\u0435\u043b\u044c\u043d\u044b\u043c, \u043e\u043d \u043c\u043e\u0436\u0435\u0442 \u043f\u043e\u043b\u0443\u0447\u0438\u0442\u044c \u0441\u0440\u0435\u0434\u043d\u0435\u0435 \u043e\u0431\u0440\u0430\u0437\u043e\u0432\u0430\u043d\u0438\u0435 \u0432 \u0441\u0440\u0435\u0434\u043d\u0438\u0445 \u0448\u043a\u043e\u043b\u0430\u0445 \u0440\u0430\u0437\u043b\u0438\u0447\u043d\u044b\u0445 \u0441\u0442\u0440\u0430\u043d, \u043d\u0430\u043f\u0440\u0438\u043c\u0435\u0440, \u0432 \u0412\u0435\u043b\u0438\u043a\u043e\u0431\u0440\u0438\u0442\u0430\u043d\u0438\u0438, \u0410\u0432\u0441\u0442\u0440\u0430\u043b\u0438\u0438, \u0421\u0428\u0410 \u0438 \u0442.\u0434. \u00a0\u0421\u0440\u0435\u0434\u043d\u0435\u0435 \u043e\u0431\u0440\u0430\u0437\u043e\u0432\u0430\u043d\u0438\u0435 \u0432 \u044d\u0442\u0438\u0445 \u0441\u0442\u0440\u0430\u043d\u0430\u0445 \u043e\u0442\u043b\u0438\u0447\u0430\u0435\u0442\u0441\u044f \u0432\u044b\u0441\u043e\u043a\u0438\u043c \u0443\u0440\u043e\u0432\u043d\u0435\u043c \u043e\u0431\u0440\u0430\u0437\u043e\u0432\u0430\u0442\u0435\u043b\u044c\u043d\u043e\u0433\u043e \u043f\u0440\u043e\u0446\u0435\u0441\u0441\u0430. \u041d\u0435\u043a\u043e\u0442\u043e\u0440\u044b\u0435 \u0437\u0430\u0440\u0443\u0431\u0435\u0436\u043d\u044b\u0435 \u0432\u044b\u0441\u0448\u0438\u0435 \u0448\u043a\u043e\u043b\u044b \u043d\u0435 \u043f\u0440\u0438\u0437\u043d\u0430\u044e\u0442 \u043f\u043e\u043b\u0443\u0447\u0435\u043d\u043d\u043e\u0433\u043e \u0432 \u041b\u0438\u0442\u0432\u0435 [&hellip;]","og_url":"https:\/\/stp.lhm.lv\/vidurinis-mokslas-uzsienyje\/","og_site_name":"Study Plan","article_modified_time":"2018-05-14T06:15:50+00:00","og_image":[{"width":2560,"height":1695,"url":"https:\/\/stp.lhm.lv\/wp-content\/uploads\/2017\/09\/element5-digital-352046-scaled.jpg","type":"image\/jpeg"}],"twitter_card":"summary_large_image","twitter_misc":{"\u041f\u0440\u0438\u043c\u0435\u0440\u043d\u043e\u0435 \u0432\u0440\u0435\u043c\u044f \u0434\u043b\u044f \u0447\u0442\u0435\u043d\u0438\u044f":"3 \u043c\u0438\u043d\u0443\u0442\u044b"},"schema":{"@context":"https:\/\/schema.org","@graph":[{"@type":"WebPage","@id":"https:\/\/stp.lhm.lv\/vidurinis-mokslas-uzsienyje\/","url":"https:\/\/stp.lhm.lv\/vidurinis-mokslas-uzsienyje\/","name":"[:lt]Vidurinis mokslas u\u017esienyje[:ru]\u0421\u0440\u0435\u0434\u043d\u0435\u0435 \u043e\u0431\u0440\u0430\u0437\u043e\u0432\u0430\u043d\u0438\u0435 \u0437\u0430 \u0440\u0443\u0431\u0435\u0436\u043e\u043c[:en]Secondary Education Abroad[:] - Study Plan","isPartOf":{"@id":"https:\/\/stp.lhm.lv\/#website"},"datePublished":"2017-09-17T20:17:36+00:00","dateModified":"2018-05-14T06:15:50+00:00","breadcrumb":{"@id":"https:\/\/stp.lhm.lv\/vidurinis-mokslas-uzsienyje\/#breadcrumb"},"inLanguage":"ru-RU","potentialAction":[{"@type":"ReadAction","target":["https:\/\/stp.lhm.lv\/vidurinis-mokslas-uzsienyje\/"]}]},{"@type":"BreadcrumbList","@id":"https:\/\/stp.lhm.lv\/vidurinis-mokslas-uzsienyje\/#breadcrumb","itemListElement":[{"@type":"ListItem","position":1,"name":"Home","item":"https:\/\/stp.lhm.lv\/"},{"@type":"ListItem","position":2,"name":"Vidurinis mokslas u\u017esienyje"}]},{"@type":"WebSite","@id":"https:\/\/stp.lhm.lv\/#website","url":"https:\/\/stp.lhm.lv\/","name":"Study Plan","description":"Studijos u\u017esienyje, vidurinis mokslas u\u017esienyje, vadov\u0173 magistrant\u016bra u\u017esienyje, kalb\u0173 kursai u\u017esienyje.","potentialAction":[{"@type":"SearchAction","target":{"@type":"EntryPoint","urlTemplate":"https:\/\/stp.lhm.lv\/?s={search_term_string}"},"query-input":"required name=search_term_string"}],"inLanguage":"ru-RU"}]}},"_links":{"self":[{"href":"https:\/\/stp.lhm.lv\/ru\/wp-json\/wp\/v2\/pages\/26"}],"collection":[{"href":"https:\/\/stp.lhm.lv\/ru\/wp-json\/wp\/v2\/pages"}],"about":[{"href":"https:\/\/stp.lhm.lv\/ru\/wp-json\/wp\/v2\/types\/page"}],"author":[{"embeddable":true,"href":"https:\/\/stp.lhm.lv\/ru\/wp-json\/wp\/v2\/users\/3"}],"replies":[{"embeddable":true,"href":"https:\/\/stp.lhm.lv\/ru\/wp-json\/wp\/v2\/comments?post=26"}],"version-history":[{"count":11,"href":"https:\/\/stp.lhm.lv\/ru\/wp-json\/wp\/v2\/pages\/26\/revisions"}],"predecessor-version":[{"id":1031,"href":"https:\/\/stp.lhm.lv\/ru\/wp-json\/wp\/v2\/pages\/26\/revisions\/1031"}],"wp:featuredmedia":[{"embeddable":true,"href":"https:\/\/stp.lhm.lv\/ru\/wp-json\/wp\/v2\/media\/398"}],"wp:attachment":[{"href":"https:\/\/stp.lhm.lv\/ru\/wp-json\/wp\/v2\/media?parent=26"}],"curies":[{"name":"wp","href":"https:\/\/api.w.org\/{rel}","templated":true}]}}