{"id":145,"date":"2017-10-19T05:35:05","date_gmt":"2017-10-19T07:35:05","guid":{"rendered":"http:\/\/studyplan.lt\/?page_id=145"},"modified":"2018-05-14T03:22:12","modified_gmt":"2018-05-14T05:22:12","slug":"atsiliepimai","status":"publish","type":"page","link":"https:\/\/stp.lhm.lv\/ru\/atsiliepimai\/","title":{"rendered":"\u041e\u0442\u0437\u044b\u0432\u044b"},"content":{"rendered":"","protected":false},"excerpt":{"rendered":"","protected":false},"author":3,"featured_media":398,"parent":0,"menu_order":22,"comment_status":"closed","ping_status":"closed","template":"page-testimonials.php","meta":{"inline_featured_image":false},"yoast_head":"<!-- This site is optimized with the Yoast SEO plugin v19.10 - https:\/\/yoast.com\/wordpress\/plugins\/seo\/ -->\n<title>\u041e\u0442\u0437\u044b\u0432\u044b - Study Plan<\/title>\n<meta name=\"robots\" content=\"index, follow, max-snippet:-1, max-image-preview:large, max-video-preview:-1\" \/>\n<link rel=\"canonical\" href=\"https:\/\/stp.lhm.lv\/atsiliepimai\/\" \/>\n<meta property=\"og:locale\" content=\"ru_RU\" \/>\n<meta property=\"og:type\" content=\"article\" \/>\n<meta property=\"og:title\" content=\"[:lt]Atsiliepimai[:ru]\u041e\u0442\u0437\u044b\u0432\u044b[:en]Reviews[:] - Study Plan\" \/>\n<meta property=\"og:url\" content=\"https:\/\/stp.lhm.lv\/atsiliepimai\/\" \/>\n<meta property=\"og:site_name\" content=\"Study Plan\" \/>\n<meta property=\"article:modified_time\" content=\"2018-05-14T05:22:12+00:00\" \/>\n<meta property=\"og:image\" content=\"https:\/\/stp.lhm.lv\/wp-content\/uploads\/2017\/09\/element5-digital-352046-scaled.jpg\" \/>\n\t<meta property=\"og:image:width\" content=\"2560\" \/>\n\t<meta property=\"og:image:height\" content=\"1695\" \/>\n\t<meta property=\"og:image:type\" content=\"image\/jpeg\" \/>\n<meta name=\"twitter:card\" content=\"summary_large_image\" \/>\n<script type=\"application\/ld+json\" class=\"yoast-schema-graph\">{\"@context\":\"https:\/\/schema.org\",\"@graph\":[{\"@type\":\"WebPage\",\"@id\":\"https:\/\/stp.lhm.lv\/atsiliepimai\/\",\"url\":\"https:\/\/stp.lhm.lv\/atsiliepimai\/\",\"name\":\"[:lt]Atsiliepimai[:ru]\u041e\u0442\u0437\u044b\u0432\u044b[:en]Reviews[:] - Study Plan\",\"isPartOf\":{\"@id\":\"https:\/\/stp.lhm.lv\/#website\"},\"datePublished\":\"2017-10-19T07:35:05+00:00\",\"dateModified\":\"2018-05-14T05:22:12+00:00\",\"breadcrumb\":{\"@id\":\"https:\/\/stp.lhm.lv\/atsiliepimai\/#breadcrumb\"},\"inLanguage\":\"ru-RU\",\"potentialAction\":[{\"@type\":\"ReadAction\",\"target\":[\"https:\/\/stp.lhm.lv\/atsiliepimai\/\"]}]},{\"@type\":\"BreadcrumbList\",\"@id\":\"https:\/\/stp.lhm.lv\/atsiliepimai\/#breadcrumb\",\"itemListElement\":[{\"@type\":\"ListItem\",\"position\":1,\"name\":\"Home\",\"item\":\"https:\/\/stp.lhm.lv\/\"},{\"@type\":\"ListItem\",\"position\":2,\"name\":\"Atsiliepimai\"}]},{\"@type\":\"WebSite\",\"@id\":\"https:\/\/stp.lhm.lv\/#website\",\"url\":\"https:\/\/stp.lhm.lv\/\",\"name\":\"Study Plan\",\"description\":\"Studijos u\u017esienyje, vidurinis mokslas u\u017esienyje, vadov\u0173 magistrant\u016bra u\u017esienyje, kalb\u0173 kursai u\u017esienyje.\",\"potentialAction\":[{\"@type\":\"SearchAction\",\"target\":{\"@type\":\"EntryPoint\",\"urlTemplate\":\"https:\/\/stp.lhm.lv\/?s={search_term_string}\"},\"query-input\":\"required name=search_term_string\"}],\"inLanguage\":\"ru-RU\"}]}<\/script>\n<!-- \/ Yoast SEO plugin. -->","yoast_head_json":{"title":"[:lt]Atsiliepimai[:ru]\u041e\u0442\u0437\u044b\u0432\u044b[:en]Reviews[:] - Study Plan","robots":{"index":"index","follow":"follow","max-snippet":"max-snippet:-1","max-image-preview":"max-image-preview:large","max-video-preview":"max-video-preview:-1"},"canonical":"https:\/\/stp.lhm.lv\/atsiliepimai\/","og_locale":"ru_RU","og_type":"article","og_title":"[:lt]Atsiliepimai[:ru]\u041e\u0442\u0437\u044b\u0432\u044b[:en]Reviews[:] - Study Plan","og_url":"https:\/\/stp.lhm.lv\/atsiliepimai\/","og_site_name":"Study Plan","article_modified_time":"2018-05-14T05:22:12+00:00","og_image":[{"width":2560,"height":1695,"url":"https:\/\/stp.lhm.lv\/wp-content\/uploads\/2017\/09\/element5-digital-352046-scaled.jpg","type":"image\/jpeg"}],"twitter_card":"summary_large_image","schema":{"@context":"https:\/\/schema.org","@graph":[{"@type":"WebPage","@id":"https:\/\/stp.lhm.lv\/atsiliepimai\/","url":"https:\/\/stp.lhm.lv\/atsiliepimai\/","name":"[:lt]Atsiliepimai[:ru]\u041e\u0442\u0437\u044b\u0432\u044b[:en]Reviews[:] - Study Plan","isPartOf":{"@id":"https:\/\/stp.lhm.lv\/#website"},"datePublished":"2017-10-19T07:35:05+00:00","dateModified":"2018-05-14T05:22:12+00:00","breadcrumb":{"@id":"https:\/\/stp.lhm.lv\/atsiliepimai\/#breadcrumb"},"inLanguage":"ru-RU","potentialAction":[{"@type":"ReadAction","target":["https:\/\/stp.lhm.lv\/atsiliepimai\/"]}]},{"@type":"BreadcrumbList","@id":"https:\/\/stp.lhm.lv\/atsiliepimai\/#breadcrumb","itemListElement":[{"@type":"ListItem","position":1,"name":"Home","item":"https:\/\/stp.lhm.lv\/"},{"@type":"ListItem","position":2,"name":"Atsiliepimai"}]},{"@type":"WebSite","@id":"https:\/\/stp.lhm.lv\/#website","url":"https:\/\/stp.lhm.lv\/","name":"Study Plan","description":"Studijos u\u017esienyje, vidurinis mokslas u\u017esienyje, vadov\u0173 magistrant\u016bra u\u017esienyje, kalb\u0173 kursai u\u017esienyje.","potentialAction":[{"@type":"SearchAction","target":{"@type":"EntryPoint","urlTemplate":"https:\/\/stp.lhm.lv\/?s={search_term_string}"},"query-input":"required name=search_term_string"}],"inLanguage":"ru-RU"}]}},"_links":{"self":[{"href":"https:\/\/stp.lhm.lv\/ru\/wp-json\/wp\/v2\/pages\/145"}],"collection":[{"href":"https:\/\/stp.lhm.lv\/ru\/wp-json\/wp\/v2\/pages"}],"about":[{"href":"https:\/\/stp.lhm.lv\/ru\/wp-json\/wp\/v2\/types\/page"}],"author":[{"embeddable":true,"href":"https:\/\/stp.lhm.lv\/ru\/wp-json\/wp\/v2\/users\/3"}],"replies":[{"embeddable":true,"href":"https:\/\/stp.lhm.lv\/ru\/wp-json\/wp\/v2\/comments?post=145"}],"version-history":[{"count":6,"href":"https:\/\/stp.lhm.lv\/ru\/wp-json\/wp\/v2\/pages\/145\/revisions"}],"predecessor-version":[{"id":1025,"href":"https:\/\/stp.lhm.lv\/ru\/wp-json\/wp\/v2\/pages\/145\/revisions\/1025"}],"wp:featuredmedia":[{"embeddable":true,"href":"https:\/\/stp.lhm.lv\/ru\/wp-json\/wp\/v2\/media\/398"}],"wp:attachment":[{"href":"https:\/\/stp.lhm.lv\/ru\/wp-json\/wp\/v2\/media?parent=145"}],"curies":[{"name":"wp","href":"https:\/\/api.w.org\/{rel}","templated":true}]}}