{"id":13,"date":"2017-09-17T18:05:57","date_gmt":"2017-09-17T20:05:57","guid":{"rendered":"http:\/\/studyplan.lt.kalendra.serveriai.lt\/?page_id=13"},"modified":"2022-11-15T17:35:24","modified_gmt":"2022-11-15T15:35:24","slug":"kontaktai","status":"publish","type":"page","link":"https:\/\/stp.lhm.lv\/ru\/kontaktai\/","title":{"rendered":"\u041a\u043e\u043d\u0442\u0430\u043a\u0442\u044b"},"content":{"rendered":"<p><\/p>\n<h3 style=\"margin-top: 0;\">\u0422\u0435\u043b\u0435\u0444\u043e\u043d:<br \/>\n<a href=\"tel:+370 (614) 20 630\">+370 (614) 20 630<\/a><\/h3>\n<h3>\u042d\u043b. \u0430\u0434\u0440\u0435\u0441:<br \/>\n<a href=\"mailto:admin@studyplan.lt\">admin@studyplan.lt<\/a><\/h3>\n<hr \/>\n<h3 style=\"margin-top: 0;\">\u0418\u043b\u0438 \u0437\u0430\u043f\u043e\u043b\u043d\u0438\u0442\u0435 \u044d\u0442\u0443 \u0444\u043e\u0440\u043c\u0443:<\/h3>\n<div role=\"form\" class=\"wpcf7\" id=\"wpcf7-f707-o2\" lang=\"lt-LT\" dir=\"ltr\">\n<div class=\"screen-reader-response\"><p role=\"status\" aria-live=\"polite\" aria-atomic=\"true\"><\/p> <ul><\/ul><\/div>\n<form action=\"\/ru\/wp-json\/wp\/v2\/pages\/13#wpcf7-f707-o2\" method=\"post\" class=\"wpcf7-form init\" novalidate=\"novalidate\" data-status=\"init\">\n<div style=\"display: none;\">\n<input type=\"hidden\" name=\"_wpcf7\" value=\"707\" \/>\n<input type=\"hidden\" name=\"_wpcf7_version\" value=\"5.6.4\" \/>\n<input type=\"hidden\" name=\"_wpcf7_locale\" value=\"lt_LT\" \/>\n<input type=\"hidden\" name=\"_wpcf7_unit_tag\" value=\"wpcf7-f707-o2\" \/>\n<input type=\"hidden\" name=\"_wpcf7_container_post\" value=\"0\" \/>\n<input type=\"hidden\" name=\"_wpcf7_posted_data_hash\" value=\"\" \/>\n<input type=\"hidden\" name=\"_wpcf7_recaptcha_response\" value=\"\" \/>\n<\/div>\n<p><label> \u0418\u043d\u0442\u0435\u0440\u0435\u0441\u0443\u044e\u0449\u0430\u044f \u0443\u0441\u043b\u0443\u0433\u0430<br \/>\n    <span class=\"wpcf7-form-control-wrap\" data-name=\"menu-107\"><select name=\"menu-107\" class=\"wpcf7-form-control wpcf7-select wpcf7-validates-as-required\" aria-required=\"true\" aria-invalid=\"false\"><option value=\"\">---<\/option><option value=\"\u041a\u043e\u043d\u0441\u0443\u043b\u044c\u0442\u0430\u0446\u0438\u0438 \u043f\u043e \u0432\u043e\u043f\u0440\u043e\u0441\u0430\u043c \u043e\u0431\u0443\u0447\u0435\u043d\u0438\u044f \u0437\u0430 \u0440\u0443\u0431\u0435\u0436\u043e\u043c\">\u041a\u043e\u043d\u0441\u0443\u043b\u044c\u0442\u0430\u0446\u0438\u0438 \u043f\u043e \u0432\u043e\u043f\u0440\u043e\u0441\u0430\u043c \u043e\u0431\u0443\u0447\u0435\u043d\u0438\u044f \u0437\u0430 \u0440\u0443\u0431\u0435\u0436\u043e\u043c<\/option><option value=\"\u041a\u043e\u043d\u0441\u0443\u043b\u044c\u0442\u0430\u0446\u0438\u0438 \u043f\u043e \u0432\u043e\u043f\u0440\u043e\u0441\u0430\u043c \u043c\u0430\u0433\u0438\u0441\u0442\u0440\u0430\u0442\u0443\u0440\u044b \u0434\u043b\u044f \u0440\u0443\u043a\u043e\u0432\u043e\u0434\u0438\u0442\u0435\u043b\u0435\u0439 (MBA) \u0437\u0430 \u0440\u0443\u0431\u0435\u0436\u043e\u043c\">\u041a\u043e\u043d\u0441\u0443\u043b\u044c\u0442\u0430\u0446\u0438\u0438 \u043f\u043e \u0432\u043e\u043f\u0440\u043e\u0441\u0430\u043c \u043c\u0430\u0433\u0438\u0441\u0442\u0440\u0430\u0442\u0443\u0440\u044b \u0434\u043b\u044f \u0440\u0443\u043a\u043e\u0432\u043e\u0434\u0438\u0442\u0435\u043b\u0435\u0439 (MBA) \u0437\u0430 \u0440\u0443\u0431\u0435\u0436\u043e\u043c<\/option><option value=\"\u041a\u043e\u043d\u0441\u0443\u043b\u044c\u0442\u0430\u0446\u0438\u0438 \u043f\u043e \u0432\u043e\u043f\u0440\u043e\u0441\u0430\u043c \u0441\u0440\u0435\u0434\u043d\u0435\u0433\u043e \u043e\u0431\u0440\u0430\u0437\u043e\u0432\u0430\u043d\u0438\u044f \u0437\u0430 \u0440\u0443\u0431\u0435\u0436\u043e\u043c\">\u041a\u043e\u043d\u0441\u0443\u043b\u044c\u0442\u0430\u0446\u0438\u0438 \u043f\u043e \u0432\u043e\u043f\u0440\u043e\u0441\u0430\u043c \u0441\u0440\u0435\u0434\u043d\u0435\u0433\u043e \u043e\u0431\u0440\u0430\u0437\u043e\u0432\u0430\u043d\u0438\u044f \u0437\u0430 \u0440\u0443\u0431\u0435\u0436\u043e\u043c<\/option><option value=\"\u041a\u043e\u043d\u0441\u0443\u043b\u044c\u0442\u0430\u0446\u0438\u0438 \u043f\u043e \u0432\u043e\u043f\u0440\u043e\u0441\u0430\u043c \u044f\u0437\u044b\u043a\u043e\u0432\u044b\u0445 \u043a\u0443\u0440\u0441\u043e\u0432 \u0437\u0430 \u0440\u0443\u0431\u0435\u0436\u043e\u043c\">\u041a\u043e\u043d\u0441\u0443\u043b\u044c\u0442\u0430\u0446\u0438\u0438 \u043f\u043e \u0432\u043e\u043f\u0440\u043e\u0441\u0430\u043c \u044f\u0437\u044b\u043a\u043e\u0432\u044b\u0445 \u043a\u0443\u0440\u0441\u043e\u0432 \u0437\u0430 \u0440\u0443\u0431\u0435\u0436\u043e\u043c<\/option><option value=\"\u041a\u043e\u043d\u0441\u0443\u043b\u044c\u0442\u0430\u0446\u0438\u0438 \u043f\u043e \u0432\u043e\u043f\u0440\u043e\u0441\u0430\u043c \u044f\u0437\u044b\u043a\u043e\u0432\u044b\u0445 \u043a\u0443\u0440\u0441\u043e\u0432 \u0432 \u041b\u0438\u0442\u0432\u0435\">\u041a\u043e\u043d\u0441\u0443\u043b\u044c\u0442\u0430\u0446\u0438\u0438 \u043f\u043e \u0432\u043e\u043f\u0440\u043e\u0441\u0430\u043c \u044f\u0437\u044b\u043a\u043e\u0432\u044b\u0445 \u043a\u0443\u0440\u0441\u043e\u0432 \u0432 \u041b\u0438\u0442\u0432\u0435<\/option><option value=\"\u0414\u0440\u0443\u0433\u043e\u0435\">\u0414\u0440\u0443\u0433\u043e\u0435<\/option><\/select><\/span> <\/label><\/p>\n<p><label> \u0418\u043c\u044f:<br \/>\n    <span class=\"wpcf7-form-control-wrap\" data-name=\"your-name\"><input type=\"text\" name=\"your-name\" value=\"\" size=\"40\" class=\"wpcf7-form-control wpcf7-text wpcf7-validates-as-required\" aria-required=\"true\" aria-invalid=\"false\" \/><\/span> <\/label><\/p>\n<p><label> \u042d\u043b\u0435\u043a\u0442\u0440\u043e\u043d\u043d\u0430\u044f \u043f\u043e\u0447\u0442\u0430<br \/>\n    <span class=\"wpcf7-form-control-wrap\" data-name=\"your-email\"><input type=\"email\" name=\"your-email\" value=\"\" size=\"40\" class=\"wpcf7-form-control wpcf7-text wpcf7-email wpcf7-validates-as-required wpcf7-validates-as-email\" aria-required=\"true\" aria-invalid=\"false\" \/><\/span> <\/label><\/p>\n<p><label> \u0422\u0435\u043b\u0435\u0444\u043e\u043d:<br \/>\n    <span class=\"wpcf7-form-control-wrap\" data-name=\"tel-366\"><input type=\"tel\" name=\"tel-366\" value=\"\" size=\"40\" class=\"wpcf7-form-control wpcf7-text wpcf7-tel wpcf7-validates-as-required wpcf7-validates-as-tel\" aria-required=\"true\" aria-invalid=\"false\" \/><\/span> <\/label><\/p>\n<p><label><span class=\"wpcf7-form-control-wrap\" data-name=\"acceptance-246\"><span class=\"wpcf7-form-control wpcf7-acceptance\"><span class=\"wpcf7-list-item\"><input type=\"checkbox\" name=\"acceptance-246\" value=\"1\" aria-invalid=\"false\" \/><\/span><\/span><\/span> \u042f \u043e\u0437\u043d\u0430\u043a\u043e\u043c\u0438\u043b\u0441\u044f \u0438 \u043f\u0440\u0438\u043d\u0438\u043c\u0430\u044e <a href=\"http:\/\/studyplan.lt\/politika-konfidentsialnosti\/\" target=\"_blank\">\u043f\u043e\u043b\u0438\u0442\u0438\u043a\u0443 \u043a\u043e\u043d\u0444\u0438\u0434\u0435\u043d\u0446\u0438\u0430\u043b\u044c\u043d\u043e\u0441\u0442\u0438<\/a> \u041e\u041e\u041e Study Plan International.<\/label><\/p>\n<p><input type=\"submit\" value=\"\u0417\u0430\u0440\u0435\u0433\u0438\u0441\u0442\u0440\u0438\u0440\u043e\u0432\u0430\u0442\u044c\u0441\u044f \u043d\u0430 \u043a\u043e\u043d\u0441\u0443\u043b\u044c\u0442\u0430\u0446\u0438\u044e\" class=\"wpcf7-form-control has-spinner wpcf7-submit\" \/><\/p>\n<div class=\"wpcf7-response-output\" aria-hidden=\"true\"><\/div><\/form><\/div>\n<hr \/>\n<p><a class=\"button\" href=\"http:\/\/studyplan.lt\/kainos\/\" target=\"_blank\" rel=\"noopener\">O\u0437\u043d\u0430\u043a\u043e\u043c\u044c\u0442\u0435\u0441\u044c \u0441 \u0446\u0435\u043d\u0430\u043c\u0438 \u043d\u0430 \u043a\u043e\u043d\u0441\u0443\u043b\u044c\u0442\u0430\u0446\u0438\u0438<\/a><\/p>","protected":false},"excerpt":{"rendered":"<p>\u0422\u0435\u043b\u0435\u0444\u043e\u043d: +370 (614) 20 630 \u042d\u043b. \u0430\u0434\u0440\u0435\u0441: admin@studyplan.lt \u0418\u043b\u0438 \u0437\u0430\u043f\u043e\u043b\u043d\u0438\u0442\u0435 \u044d\u0442\u0443 \u0444\u043e\u0440\u043c\u0443: O\u0437\u043d\u0430\u043a\u043e\u043c\u044c\u0442\u0435\u0441\u044c \u0441 \u0446\u0435\u043d\u0430\u043c\u0438 \u043d\u0430 \u043a\u043e\u043d\u0441\u0443\u043b\u044c\u0442\u0430\u0446\u0438\u0438<\/p>\n","protected":false},"author":3,"featured_media":0,"parent":0,"menu_order":23,"comment_status":"closed","ping_status":"closed","template":"page-contact.php","meta":{"inline_featured_image":false},"yoast_head":"<!-- This site is optimized with the Yoast SEO plugin v19.10 - https:\/\/yoast.com\/wordpress\/plugins\/seo\/ -->\n<title>\u041a\u043e\u043d\u0442\u0430\u043a\u0442\u044b - Study Plan<\/title>\n<meta name=\"robots\" content=\"index, follow, max-snippet:-1, max-image-preview:large, max-video-preview:-1\" \/>\n<link rel=\"canonical\" href=\"https:\/\/stp.lhm.lv\/kontaktai\/\" \/>\n<meta property=\"og:locale\" content=\"ru_RU\" \/>\n<meta property=\"og:type\" content=\"article\" \/>\n<meta property=\"og:title\" content=\"[:lt]Kontaktai[:ru]\u041a\u043e\u043d\u0442\u0430\u043a\u0442\u044b[:en]Contacts[:] - Study Plan\" \/>\n<meta property=\"og:description\" content=\"\u0422\u0435\u043b\u0435\u0444\u043e\u043d: +370 (614) 20 630 \u042d\u043b. \u0430\u0434\u0440\u0435\u0441: admin@studyplan.lt \u0418\u043b\u0438 \u0437\u0430\u043f\u043e\u043b\u043d\u0438\u0442\u0435 \u044d\u0442\u0443 \u0444\u043e\u0440\u043c\u0443: O\u0437\u043d\u0430\u043a\u043e\u043c\u044c\u0442\u0435\u0441\u044c \u0441 \u0446\u0435\u043d\u0430\u043c\u0438 \u043d\u0430 \u043a\u043e\u043d\u0441\u0443\u043b\u044c\u0442\u0430\u0446\u0438\u0438\" \/>\n<meta property=\"og:url\" content=\"https:\/\/stp.lhm.lv\/kontaktai\/\" \/>\n<meta property=\"og:site_name\" content=\"Study Plan\" \/>\n<meta property=\"article:modified_time\" content=\"2022-11-15T15:35:24+00:00\" \/>\n<meta name=\"twitter:card\" content=\"summary_large_image\" \/>\n<meta name=\"twitter:label1\" content=\"\u041f\u0440\u0438\u043c\u0435\u0440\u043d\u043e\u0435 \u0432\u0440\u0435\u043c\u044f \u0434\u043b\u044f \u0447\u0442\u0435\u043d\u0438\u044f\" \/>\n\t<meta name=\"twitter:data1\" content=\"1 \u043c\u0438\u043d\u0443\u0442\u0430\" \/>\n<script type=\"application\/ld+json\" class=\"yoast-schema-graph\">{\"@context\":\"https:\/\/schema.org\",\"@graph\":[{\"@type\":\"WebPage\",\"@id\":\"https:\/\/stp.lhm.lv\/kontaktai\/\",\"url\":\"https:\/\/stp.lhm.lv\/kontaktai\/\",\"name\":\"[:lt]Kontaktai[:ru]\u041a\u043e\u043d\u0442\u0430\u043a\u0442\u044b[:en]Contacts[:] - Study Plan\",\"isPartOf\":{\"@id\":\"https:\/\/stp.lhm.lv\/#website\"},\"datePublished\":\"2017-09-17T20:05:57+00:00\",\"dateModified\":\"2022-11-15T15:35:24+00:00\",\"breadcrumb\":{\"@id\":\"https:\/\/stp.lhm.lv\/kontaktai\/#breadcrumb\"},\"inLanguage\":\"ru-RU\",\"potentialAction\":[{\"@type\":\"ReadAction\",\"target\":[\"https:\/\/stp.lhm.lv\/kontaktai\/\"]}]},{\"@type\":\"BreadcrumbList\",\"@id\":\"https:\/\/stp.lhm.lv\/kontaktai\/#breadcrumb\",\"itemListElement\":[{\"@type\":\"ListItem\",\"position\":1,\"name\":\"Home\",\"item\":\"https:\/\/stp.lhm.lv\/\"},{\"@type\":\"ListItem\",\"position\":2,\"name\":\"Kontaktai\"}]},{\"@type\":\"WebSite\",\"@id\":\"https:\/\/stp.lhm.lv\/#website\",\"url\":\"https:\/\/stp.lhm.lv\/\",\"name\":\"Study Plan\",\"description\":\"Studijos u\u017esienyje, vidurinis mokslas u\u017esienyje, vadov\u0173 magistrant\u016bra u\u017esienyje, kalb\u0173 kursai u\u017esienyje.\",\"potentialAction\":[{\"@type\":\"SearchAction\",\"target\":{\"@type\":\"EntryPoint\",\"urlTemplate\":\"https:\/\/stp.lhm.lv\/?s={search_term_string}\"},\"query-input\":\"required name=search_term_string\"}],\"inLanguage\":\"ru-RU\"}]}<\/script>\n<!-- \/ Yoast SEO plugin. -->","yoast_head_json":{"title":"[:lt]Kontaktai[:ru]\u041a\u043e\u043d\u0442\u0430\u043a\u0442\u044b[:en]Contacts[:] - Study Plan","robots":{"index":"index","follow":"follow","max-snippet":"max-snippet:-1","max-image-preview":"max-image-preview:large","max-video-preview":"max-video-preview:-1"},"canonical":"https:\/\/stp.lhm.lv\/kontaktai\/","og_locale":"ru_RU","og_type":"article","og_title":"[:lt]Kontaktai[:ru]\u041a\u043e\u043d\u0442\u0430\u043a\u0442\u044b[:en]Contacts[:] - Study Plan","og_description":"\u0422\u0435\u043b\u0435\u0444\u043e\u043d: +370 (614) 20 630 \u042d\u043b. \u0430\u0434\u0440\u0435\u0441: admin@studyplan.lt \u0418\u043b\u0438 \u0437\u0430\u043f\u043e\u043b\u043d\u0438\u0442\u0435 \u044d\u0442\u0443 \u0444\u043e\u0440\u043c\u0443: O\u0437\u043d\u0430\u043a\u043e\u043c\u044c\u0442\u0435\u0441\u044c \u0441 \u0446\u0435\u043d\u0430\u043c\u0438 \u043d\u0430 \u043a\u043e\u043d\u0441\u0443\u043b\u044c\u0442\u0430\u0446\u0438\u0438","og_url":"https:\/\/stp.lhm.lv\/kontaktai\/","og_site_name":"Study Plan","article_modified_time":"2022-11-15T15:35:24+00:00","twitter_card":"summary_large_image","twitter_misc":{"\u041f\u0440\u0438\u043c\u0435\u0440\u043d\u043e\u0435 \u0432\u0440\u0435\u043c\u044f \u0434\u043b\u044f \u0447\u0442\u0435\u043d\u0438\u044f":"1 \u043c\u0438\u043d\u0443\u0442\u0430"},"schema":{"@context":"https:\/\/schema.org","@graph":[{"@type":"WebPage","@id":"https:\/\/stp.lhm.lv\/kontaktai\/","url":"https:\/\/stp.lhm.lv\/kontaktai\/","name":"[:lt]Kontaktai[:ru]\u041a\u043e\u043d\u0442\u0430\u043a\u0442\u044b[:en]Contacts[:] - Study Plan","isPartOf":{"@id":"https:\/\/stp.lhm.lv\/#website"},"datePublished":"2017-09-17T20:05:57+00:00","dateModified":"2022-11-15T15:35:24+00:00","breadcrumb":{"@id":"https:\/\/stp.lhm.lv\/kontaktai\/#breadcrumb"},"inLanguage":"ru-RU","potentialAction":[{"@type":"ReadAction","target":["https:\/\/stp.lhm.lv\/kontaktai\/"]}]},{"@type":"BreadcrumbList","@id":"https:\/\/stp.lhm.lv\/kontaktai\/#breadcrumb","itemListElement":[{"@type":"ListItem","position":1,"name":"Home","item":"https:\/\/stp.lhm.lv\/"},{"@type":"ListItem","position":2,"name":"Kontaktai"}]},{"@type":"WebSite","@id":"https:\/\/stp.lhm.lv\/#website","url":"https:\/\/stp.lhm.lv\/","name":"Study Plan","description":"Studijos u\u017esienyje, vidurinis mokslas u\u017esienyje, vadov\u0173 magistrant\u016bra u\u017esienyje, kalb\u0173 kursai u\u017esienyje.","potentialAction":[{"@type":"SearchAction","target":{"@type":"EntryPoint","urlTemplate":"https:\/\/stp.lhm.lv\/?s={search_term_string}"},"query-input":"required name=search_term_string"}],"inLanguage":"ru-RU"}]}},"_links":{"self":[{"href":"https:\/\/stp.lhm.lv\/ru\/wp-json\/wp\/v2\/pages\/13"}],"collection":[{"href":"https:\/\/stp.lhm.lv\/ru\/wp-json\/wp\/v2\/pages"}],"about":[{"href":"https:\/\/stp.lhm.lv\/ru\/wp-json\/wp\/v2\/types\/page"}],"author":[{"embeddable":true,"href":"https:\/\/stp.lhm.lv\/ru\/wp-json\/wp\/v2\/users\/3"}],"replies":[{"embeddable":true,"href":"https:\/\/stp.lhm.lv\/ru\/wp-json\/wp\/v2\/comments?post=13"}],"version-history":[{"count":45,"href":"https:\/\/stp.lhm.lv\/ru\/wp-json\/wp\/v2\/pages\/13\/revisions"}],"predecessor-version":[{"id":2300,"href":"https:\/\/stp.lhm.lv\/ru\/wp-json\/wp\/v2\/pages\/13\/revisions\/2300"}],"wp:attachment":[{"href":"https:\/\/stp.lhm.lv\/ru\/wp-json\/wp\/v2\/media?parent=13"}],"curies":[{"name":"wp","href":"https:\/\/api.w.org\/{rel}","templated":true}]}}