{"id":5,"date":"2017-09-17T18:04:45","date_gmt":"2017-09-17T20:04:45","guid":{"rendered":"http:\/\/studyplan.lt.kalendra.serveriai.lt\/?page_id=5"},"modified":"2022-09-28T03:14:47","modified_gmt":"2022-09-28T01:14:47","slug":"apie","status":"publish","type":"page","link":"https:\/\/stp.lhm.lv\/en\/apie\/","title":{"rendered":"About us"},"content":{"rendered":"<p><\/p>\n<h4>We are certified ICEF (International Consultants for Education &amp; Fairs) consultants for studies abroad. Our consultants have completed trainings and improved qualification in educational conferences and seminars in Miami, London, Sydney, Moscow, Berlin, Barcelona, Singapore, Dubai, New York, Toronto, Geneva, Hong Kong, Amsterdam, San Francisco, Rio de Janeiro, Auckland and other major cities of the world.<\/h4>\n<p>Study Plan International is Aleksandr Feldmanas personal project designed for people seeking career advancements. At Study Plan International, we provide high-quality consulting services in the area of\u200b education. Our main goal is to offer people of all ages the best possible educational options around the world in order to assist them to reach their goals. For this reason, we first and foremost determine the clients\u2019 situation: their needs, expectations, personal and academic skills as well as financial capabilities.<br \/>\nOur aim is to ascertain that each of our clients, from excellent students to those who struggle with their academic achievements, receive the most advantageous study offer. We strongly believe that every person has the right to high-quality education.<br \/>\nWe advise on secondary, vocational, higher education as well as on language programs abroad. We also advise on career planning and help young people to decide on the most appropriate career choices. Our consultants having worked in this area for over 10 years, and still regularly improve their knowledge about the latest global trends in education, therefore, we convey only useful and relevant information.<br \/>\nOur consultants have visited over 60 countries in the world and maintain further contact with the representatives of their educational institutions, therefore we have all the opportunities to acquire first-hand knowledge about the peculiarities of their educational systems, programs, and best choices. It allows us to offer our clients the options of studies abroad that will fit their needs.<br \/>\nSome of our greatest achievements are not only excellent testimonials of our clients, but also the fact that Study Plan International has already established links with the world\u2019s best educational institutions.<\/p>","protected":false},"excerpt":{"rendered":"<p>We are certified ICEF (International Consultants for Education &amp; Fairs) consultants for studies abroad. Our consultants have completed trainings and improved qualification in educational conferences and seminars in Miami, London, Sydney, Moscow, Berlin, Barcelona, Singapore, Dubai, New York, Toronto, Geneva, Hong Kong, Amsterdam, San Francisco, Rio de Janeiro, Auckland and other major cities of the [&hellip;]<\/p>\n","protected":false},"author":3,"featured_media":2217,"parent":0,"menu_order":20,"comment_status":"closed","ping_status":"closed","template":"page-about.php","meta":{"inline_featured_image":false},"yoast_head":"<!-- This site is optimized with the Yoast SEO plugin v19.10 - https:\/\/yoast.com\/wordpress\/plugins\/seo\/ -->\n<title>About us - Study Plan<\/title>\n<meta name=\"robots\" content=\"index, follow, max-snippet:-1, max-image-preview:large, max-video-preview:-1\" \/>\n<link rel=\"canonical\" href=\"https:\/\/stp.lhm.lv\/apie\/\" \/>\n<meta property=\"og:locale\" content=\"en_US\" \/>\n<meta property=\"og:type\" content=\"article\" \/>\n<meta property=\"og:title\" content=\"[:lt]Apie mus[:ru]\u041e \u043d\u0430\u0441[:en]About us[:] - Study Plan\" \/>\n<meta property=\"og:description\" content=\"We are certified ICEF (International Consultants for Education &amp; Fairs) consultants for studies abroad. Our consultants have completed trainings and improved qualification in educational conferences and seminars in Miami, London, Sydney, Moscow, Berlin, Barcelona, Singapore, Dubai, New York, Toronto, Geneva, Hong Kong, Amsterdam, San Francisco, Rio de Janeiro, Auckland and other major cities of the [&hellip;]\" \/>\n<meta property=\"og:url\" content=\"https:\/\/stp.lhm.lv\/apie\/\" \/>\n<meta property=\"og:site_name\" content=\"Study Plan\" \/>\n<meta property=\"article:modified_time\" content=\"2022-09-28T01:14:47+00:00\" \/>\n<meta property=\"og:image\" content=\"https:\/\/stp.lhm.lv\/wp-content\/uploads\/2022\/05\/pexels-picjumbocom-461077-scaled.jpeg\" \/>\n\t<meta property=\"og:image:width\" content=\"2560\" \/>\n\t<meta property=\"og:image:height\" content=\"1707\" \/>\n\t<meta property=\"og:image:type\" content=\"image\/jpeg\" \/>\n<meta name=\"twitter:card\" content=\"summary_large_image\" \/>\n<meta name=\"twitter:label1\" content=\"Est. reading time\" \/>\n\t<meta name=\"twitter:data1\" content=\"2 minutes\" \/>\n<script type=\"application\/ld+json\" class=\"yoast-schema-graph\">{\"@context\":\"https:\/\/schema.org\",\"@graph\":[{\"@type\":\"WebPage\",\"@id\":\"https:\/\/stp.lhm.lv\/apie\/\",\"url\":\"https:\/\/stp.lhm.lv\/apie\/\",\"name\":\"[:lt]Apie mus[:ru]\u041e \u043d\u0430\u0441[:en]About us[:] - Study Plan\",\"isPartOf\":{\"@id\":\"https:\/\/stp.lhm.lv\/#website\"},\"datePublished\":\"2017-09-17T20:04:45+00:00\",\"dateModified\":\"2022-09-28T01:14:47+00:00\",\"breadcrumb\":{\"@id\":\"https:\/\/stp.lhm.lv\/apie\/#breadcrumb\"},\"inLanguage\":\"en-US\",\"potentialAction\":[{\"@type\":\"ReadAction\",\"target\":[\"https:\/\/stp.lhm.lv\/apie\/\"]}]},{\"@type\":\"BreadcrumbList\",\"@id\":\"https:\/\/stp.lhm.lv\/apie\/#breadcrumb\",\"itemListElement\":[{\"@type\":\"ListItem\",\"position\":1,\"name\":\"Home\",\"item\":\"https:\/\/stp.lhm.lv\/\"},{\"@type\":\"ListItem\",\"position\":2,\"name\":\"Apie mus\"}]},{\"@type\":\"WebSite\",\"@id\":\"https:\/\/stp.lhm.lv\/#website\",\"url\":\"https:\/\/stp.lhm.lv\/\",\"name\":\"Study Plan\",\"description\":\"Studijos u\u017esienyje, vidurinis mokslas u\u017esienyje, vadov\u0173 magistrant\u016bra u\u017esienyje, kalb\u0173 kursai u\u017esienyje.\",\"potentialAction\":[{\"@type\":\"SearchAction\",\"target\":{\"@type\":\"EntryPoint\",\"urlTemplate\":\"https:\/\/stp.lhm.lv\/?s={search_term_string}\"},\"query-input\":\"required name=search_term_string\"}],\"inLanguage\":\"en-US\"}]}<\/script>\n<!-- \/ Yoast SEO plugin. -->","yoast_head_json":{"title":"[:lt]Apie mus[:ru]\u041e \u043d\u0430\u0441[:en]About us[:] - Study Plan","robots":{"index":"index","follow":"follow","max-snippet":"max-snippet:-1","max-image-preview":"max-image-preview:large","max-video-preview":"max-video-preview:-1"},"canonical":"https:\/\/stp.lhm.lv\/apie\/","og_locale":"en_US","og_type":"article","og_title":"[:lt]Apie mus[:ru]\u041e \u043d\u0430\u0441[:en]About us[:] - Study Plan","og_description":"We are certified ICEF (International Consultants for Education &amp; Fairs) consultants for studies abroad. Our consultants have completed trainings and improved qualification in educational conferences and seminars in Miami, London, Sydney, Moscow, Berlin, Barcelona, Singapore, Dubai, New York, Toronto, Geneva, Hong Kong, Amsterdam, San Francisco, Rio de Janeiro, Auckland and other major cities of the [&hellip;]","og_url":"https:\/\/stp.lhm.lv\/apie\/","og_site_name":"Study Plan","article_modified_time":"2022-09-28T01:14:47+00:00","og_image":[{"width":2560,"height":1707,"url":"https:\/\/stp.lhm.lv\/wp-content\/uploads\/2022\/05\/pexels-picjumbocom-461077-scaled.jpeg","type":"image\/jpeg"}],"twitter_card":"summary_large_image","twitter_misc":{"Est. reading time":"2 minutes"},"schema":{"@context":"https:\/\/schema.org","@graph":[{"@type":"WebPage","@id":"https:\/\/stp.lhm.lv\/apie\/","url":"https:\/\/stp.lhm.lv\/apie\/","name":"[:lt]Apie mus[:ru]\u041e \u043d\u0430\u0441[:en]About us[:] - Study Plan","isPartOf":{"@id":"https:\/\/stp.lhm.lv\/#website"},"datePublished":"2017-09-17T20:04:45+00:00","dateModified":"2022-09-28T01:14:47+00:00","breadcrumb":{"@id":"https:\/\/stp.lhm.lv\/apie\/#breadcrumb"},"inLanguage":"en-US","potentialAction":[{"@type":"ReadAction","target":["https:\/\/stp.lhm.lv\/apie\/"]}]},{"@type":"BreadcrumbList","@id":"https:\/\/stp.lhm.lv\/apie\/#breadcrumb","itemListElement":[{"@type":"ListItem","position":1,"name":"Home","item":"https:\/\/stp.lhm.lv\/"},{"@type":"ListItem","position":2,"name":"Apie mus"}]},{"@type":"WebSite","@id":"https:\/\/stp.lhm.lv\/#website","url":"https:\/\/stp.lhm.lv\/","name":"Study Plan","description":"Studijos u\u017esienyje, vidurinis mokslas u\u017esienyje, vadov\u0173 magistrant\u016bra u\u017esienyje, kalb\u0173 kursai u\u017esienyje.","potentialAction":[{"@type":"SearchAction","target":{"@type":"EntryPoint","urlTemplate":"https:\/\/stp.lhm.lv\/?s={search_term_string}"},"query-input":"required name=search_term_string"}],"inLanguage":"en-US"}]}},"_links":{"self":[{"href":"https:\/\/stp.lhm.lv\/en\/wp-json\/wp\/v2\/pages\/5"}],"collection":[{"href":"https:\/\/stp.lhm.lv\/en\/wp-json\/wp\/v2\/pages"}],"about":[{"href":"https:\/\/stp.lhm.lv\/en\/wp-json\/wp\/v2\/types\/page"}],"author":[{"embeddable":true,"href":"https:\/\/stp.lhm.lv\/en\/wp-json\/wp\/v2\/users\/3"}],"replies":[{"embeddable":true,"href":"https:\/\/stp.lhm.lv\/en\/wp-json\/wp\/v2\/comments?post=5"}],"version-history":[{"count":59,"href":"https:\/\/stp.lhm.lv\/en\/wp-json\/wp\/v2\/pages\/5\/revisions"}],"predecessor-version":[{"id":2258,"href":"https:\/\/stp.lhm.lv\/en\/wp-json\/wp\/v2\/pages\/5\/revisions\/2258"}],"wp:featuredmedia":[{"embeddable":true,"href":"https:\/\/stp.lhm.lv\/en\/wp-json\/wp\/v2\/media\/2217"}],"wp:attachment":[{"href":"https:\/\/stp.lhm.lv\/en\/wp-json\/wp\/v2\/media?parent=5"}],"curies":[{"name":"wp","href":"https:\/\/api.w.org\/{rel}","templated":true}]}}