{"id":299,"date":"2017-10-27T08:50:27","date_gmt":"2017-10-27T10:50:27","guid":{"rendered":"http:\/\/studyplan.lt\/?page_id=299"},"modified":"2020-09-02T10:05:24","modified_gmt":"2020-09-02T08:05:24","slug":"studijos-jungtineje-karalysteje","status":"publish","type":"page","link":"https:\/\/stp.lhm.lv\/en\/studijos-uzsienyje\/studijos-jungtineje-karalysteje\/","title":{"rendered":"Studijos Jungtin\u0117je Karalyst\u0117je"},"content":{"rendered":"<p class=\"qtranxs-available-languages-message qtranxs-available-languages-message-en\">Sorry, this entry is only available in <a href=\"https:\/\/stp.lhm.lv\/lt\/wp-json\/wp\/v2\/pages\/299\" class=\"qtranxs-available-language-link qtranxs-available-language-link-lt\" title=\"LT\">Lithuanian<\/a> and <a href=\"https:\/\/stp.lhm.lv\/ru\/wp-json\/wp\/v2\/pages\/299\" class=\"qtranxs-available-language-link qtranxs-available-language-link-ru\" title=\"RU\">Russian<\/a>.<\/p>","protected":false},"excerpt":{"rendered":"<p>Sorry, this entry is only available in Lithuanian and Russian.<\/p>\n","protected":false},"author":3,"featured_media":328,"parent":7,"menu_order":25,"comment_status":"closed","ping_status":"closed","template":"page-services.php","meta":{"inline_featured_image":false},"yoast_head":"<!-- This site is optimized with the Yoast SEO plugin v19.10 - https:\/\/yoast.com\/wordpress\/plugins\/seo\/ -->\n<title><\/title>\n<meta name=\"robots\" content=\"index, follow, max-snippet:-1, max-image-preview:large, max-video-preview:-1\" \/>\n<link rel=\"canonical\" href=\"https:\/\/stp.lhm.lv\/studijos-uzsienyje\/studijos-jungtineje-karalysteje\/\" \/>\n<meta property=\"og:locale\" content=\"en_US\" \/>\n<meta property=\"og:type\" content=\"article\" \/>\n<meta property=\"og:title\" content=\"[:lt]Studijos Jungtin\u0117je Karalyst\u0117je[:ru]\u0412\u0435\u043b\u0438\u043a\u043e\u0431\u0440\u0438\u0442\u0430\u043d\u0438\u044f[:] - Study Plan\" \/>\n<meta property=\"og:description\" content=\"Sorry, this entry is only available in Lithuanian and Russian.\" \/>\n<meta property=\"og:url\" content=\"https:\/\/stp.lhm.lv\/studijos-uzsienyje\/studijos-jungtineje-karalysteje\/\" \/>\n<meta property=\"og:site_name\" content=\"Study Plan\" \/>\n<meta property=\"article:modified_time\" content=\"2020-09-02T08:05:24+00:00\" \/>\n<meta property=\"og:image\" content=\"https:\/\/stp.lhm.lv\/wp-content\/uploads\/2017\/10\/london-tower-bridge-bridge-monument-51363.jpeg\" \/>\n\t<meta property=\"og:image:width\" content=\"1920\" \/>\n\t<meta property=\"og:image:height\" content=\"1274\" \/>\n\t<meta property=\"og:image:type\" content=\"image\/jpeg\" \/>\n<meta name=\"twitter:card\" content=\"summary_large_image\" \/>\n<meta name=\"twitter:label1\" content=\"Est. reading time\" \/>\n\t<meta name=\"twitter:data1\" content=\"2 minutes\" \/>\n<script type=\"application\/ld+json\" class=\"yoast-schema-graph\">{\"@context\":\"https:\/\/schema.org\",\"@graph\":[{\"@type\":\"WebPage\",\"@id\":\"https:\/\/stp.lhm.lv\/studijos-uzsienyje\/studijos-jungtineje-karalysteje\/\",\"url\":\"https:\/\/stp.lhm.lv\/studijos-uzsienyje\/studijos-jungtineje-karalysteje\/\",\"name\":\"[:lt]Studijos Jungtin\u0117je Karalyst\u0117je[:ru]\u0412\u0435\u043b\u0438\u043a\u043e\u0431\u0440\u0438\u0442\u0430\u043d\u0438\u044f[:] - Study Plan\",\"isPartOf\":{\"@id\":\"https:\/\/stp.lhm.lv\/#website\"},\"datePublished\":\"2017-10-27T10:50:27+00:00\",\"dateModified\":\"2020-09-02T08:05:24+00:00\",\"breadcrumb\":{\"@id\":\"https:\/\/stp.lhm.lv\/studijos-uzsienyje\/studijos-jungtineje-karalysteje\/#breadcrumb\"},\"inLanguage\":\"en-US\",\"potentialAction\":[{\"@type\":\"ReadAction\",\"target\":[\"https:\/\/stp.lhm.lv\/studijos-uzsienyje\/studijos-jungtineje-karalysteje\/\"]}]},{\"@type\":\"BreadcrumbList\",\"@id\":\"https:\/\/stp.lhm.lv\/studijos-uzsienyje\/studijos-jungtineje-karalysteje\/#breadcrumb\",\"itemListElement\":[{\"@type\":\"ListItem\",\"position\":1,\"name\":\"Home\",\"item\":\"https:\/\/stp.lhm.lv\/\"},{\"@type\":\"ListItem\",\"position\":2,\"name\":\"Studijos u\u017esienyje\",\"item\":\"https:\/\/stp.lhm.lv\/studijos-uzsienyje\/\"},{\"@type\":\"ListItem\",\"position\":3,\"name\":\"Studijos Jungtin\u0117je Karalyst\u0117je\"}]},{\"@type\":\"WebSite\",\"@id\":\"https:\/\/stp.lhm.lv\/#website\",\"url\":\"https:\/\/stp.lhm.lv\/\",\"name\":\"Study Plan\",\"description\":\"Studijos u\u017esienyje, vidurinis mokslas u\u017esienyje, vadov\u0173 magistrant\u016bra u\u017esienyje, kalb\u0173 kursai u\u017esienyje.\",\"potentialAction\":[{\"@type\":\"SearchAction\",\"target\":{\"@type\":\"EntryPoint\",\"urlTemplate\":\"https:\/\/stp.lhm.lv\/?s={search_term_string}\"},\"query-input\":\"required name=search_term_string\"}],\"inLanguage\":\"en-US\"}]}<\/script>\n<!-- \/ Yoast SEO plugin. -->","yoast_head_json":{"title":"[:lt]Studijos Jungtin\u0117je Karalyst\u0117je[:ru]\u0412\u0435\u043b\u0438\u043a\u043e\u0431\u0440\u0438\u0442\u0430\u043d\u0438\u044f[:] - Study Plan","robots":{"index":"index","follow":"follow","max-snippet":"max-snippet:-1","max-image-preview":"max-image-preview:large","max-video-preview":"max-video-preview:-1"},"canonical":"https:\/\/stp.lhm.lv\/studijos-uzsienyje\/studijos-jungtineje-karalysteje\/","og_locale":"en_US","og_type":"article","og_title":"[:lt]Studijos Jungtin\u0117je Karalyst\u0117je[:ru]\u0412\u0435\u043b\u0438\u043a\u043e\u0431\u0440\u0438\u0442\u0430\u043d\u0438\u044f[:] - Study Plan","og_description":"Sorry, this entry is only available in Lithuanian and Russian.","og_url":"https:\/\/stp.lhm.lv\/studijos-uzsienyje\/studijos-jungtineje-karalysteje\/","og_site_name":"Study Plan","article_modified_time":"2020-09-02T08:05:24+00:00","og_image":[{"width":1920,"height":1274,"url":"https:\/\/stp.lhm.lv\/wp-content\/uploads\/2017\/10\/london-tower-bridge-bridge-monument-51363.jpeg","type":"image\/jpeg"}],"twitter_card":"summary_large_image","twitter_misc":{"Est. reading time":"2 minutes"},"schema":{"@context":"https:\/\/schema.org","@graph":[{"@type":"WebPage","@id":"https:\/\/stp.lhm.lv\/studijos-uzsienyje\/studijos-jungtineje-karalysteje\/","url":"https:\/\/stp.lhm.lv\/studijos-uzsienyje\/studijos-jungtineje-karalysteje\/","name":"[:lt]Studijos Jungtin\u0117je Karalyst\u0117je[:ru]\u0412\u0435\u043b\u0438\u043a\u043e\u0431\u0440\u0438\u0442\u0430\u043d\u0438\u044f[:] - Study Plan","isPartOf":{"@id":"https:\/\/stp.lhm.lv\/#website"},"datePublished":"2017-10-27T10:50:27+00:00","dateModified":"2020-09-02T08:05:24+00:00","breadcrumb":{"@id":"https:\/\/stp.lhm.lv\/studijos-uzsienyje\/studijos-jungtineje-karalysteje\/#breadcrumb"},"inLanguage":"en-US","potentialAction":[{"@type":"ReadAction","target":["https:\/\/stp.lhm.lv\/studijos-uzsienyje\/studijos-jungtineje-karalysteje\/"]}]},{"@type":"BreadcrumbList","@id":"https:\/\/stp.lhm.lv\/studijos-uzsienyje\/studijos-jungtineje-karalysteje\/#breadcrumb","itemListElement":[{"@type":"ListItem","position":1,"name":"Home","item":"https:\/\/stp.lhm.lv\/"},{"@type":"ListItem","position":2,"name":"Studijos u\u017esienyje","item":"https:\/\/stp.lhm.lv\/studijos-uzsienyje\/"},{"@type":"ListItem","position":3,"name":"Studijos Jungtin\u0117je Karalyst\u0117je"}]},{"@type":"WebSite","@id":"https:\/\/stp.lhm.lv\/#website","url":"https:\/\/stp.lhm.lv\/","name":"Study Plan","description":"Studijos u\u017esienyje, vidurinis mokslas u\u017esienyje, vadov\u0173 magistrant\u016bra u\u017esienyje, kalb\u0173 kursai u\u017esienyje.","potentialAction":[{"@type":"SearchAction","target":{"@type":"EntryPoint","urlTemplate":"https:\/\/stp.lhm.lv\/?s={search_term_string}"},"query-input":"required name=search_term_string"}],"inLanguage":"en-US"}]}},"_links":{"self":[{"href":"https:\/\/stp.lhm.lv\/en\/wp-json\/wp\/v2\/pages\/299"}],"collection":[{"href":"https:\/\/stp.lhm.lv\/en\/wp-json\/wp\/v2\/pages"}],"about":[{"href":"https:\/\/stp.lhm.lv\/en\/wp-json\/wp\/v2\/types\/page"}],"author":[{"embeddable":true,"href":"https:\/\/stp.lhm.lv\/en\/wp-json\/wp\/v2\/users\/3"}],"replies":[{"embeddable":true,"href":"https:\/\/stp.lhm.lv\/en\/wp-json\/wp\/v2\/comments?post=299"}],"version-history":[{"count":6,"href":"https:\/\/stp.lhm.lv\/en\/wp-json\/wp\/v2\/pages\/299\/revisions"}],"predecessor-version":[{"id":497,"href":"https:\/\/stp.lhm.lv\/en\/wp-json\/wp\/v2\/pages\/299\/revisions\/497"}],"up":[{"embeddable":true,"href":"https:\/\/stp.lhm.lv\/en\/wp-json\/wp\/v2\/pages\/7"}],"wp:featuredmedia":[{"embeddable":true,"href":"https:\/\/stp.lhm.lv\/en\/wp-json\/wp\/v2\/media\/328"}],"wp:attachment":[{"href":"https:\/\/stp.lhm.lv\/en\/wp-json\/wp\/v2\/media?parent=299"}],"curies":[{"name":"wp","href":"https:\/\/api.w.org\/{rel}","templated":true}]}}