{"id":26,"date":"2017-09-17T18:17:36","date_gmt":"2017-09-17T20:17:36","guid":{"rendered":"http:\/\/studyplan.lt.kalendra.serveriai.lt\/?page_id=26"},"modified":"2018-05-14T04:15:50","modified_gmt":"2018-05-14T06:15:50","slug":"vidurinis-mokslas-uzsienyje","status":"publish","type":"page","link":"https:\/\/stp.lhm.lv\/en\/vidurinis-mokslas-uzsienyje\/","title":{"rendered":"Secondary Education Abroad"},"content":{"rendered":"<p><\/p>\n<h4>If you wish to study abroad, you do not have to wait until the graduation of the secondary school. Those who strive for more and are eager to obtain international experience and become independent at a younger age have an opportunity to join secondary schools in a foreign country, for example, the United Kingdom, Canada, Australia or the United States, which are famous for high-quality education.<\/h4>\n<p>The fact is that some foreign higher education institutions do not accept the maturity certificate acquired in Lithuania. However, after the graduation from a secondary school in the above-mentioned countries, you will have many more opportunities to enter the world\u2019s best universities of your own choice.<\/p>\n<p>Secondary education abroad promotes independence from a young age, develops a cosmopolitan viewpoint, helps to learn foreign languages, develops foreign language skills, introduces to the multi-cultural environments, and lays the foundation for further successful development of a young person.<\/p>\n<p>Secondary schools abroad are divided into public and private. Education in private schools is paid, while the state schools offer a possibility to study free of charge, in this case, only the cost of living needs to be covered.<\/p>\n<p>The secondary school for a child should be chosen carefully depending on their personal abilities and interests. Some schools not only teach the general subjects, such as Mathematics, Sciences, History, Languages and others, but they also consider their talents, for example, for sports, music, or crafts. We can even suggest studying at schools which are highly specialised and offer the classes of film production, horse-riding or a learning a rare foreign language.<\/p>\n<p>\u201cStudy Plan International\u201d will take into account the child\u2019s skills, needs, abilities, as well as the family\u2019s financial resources, and will offer you the most suitable options for secondary education.<\/p>","protected":false},"excerpt":{"rendered":"<p>If you wish to study abroad, you do not have to wait until the graduation of the secondary school. Those who strive for more and are eager to obtain international experience and become independent at a younger age have an opportunity to join secondary schools in a foreign country, for example, the United Kingdom, Canada, [&hellip;]<\/p>\n","protected":false},"author":3,"featured_media":398,"parent":0,"menu_order":37,"comment_status":"closed","ping_status":"closed","template":"page-services-no-sidebar.php","meta":{"inline_featured_image":false},"yoast_head":"<!-- This site is optimized with the Yoast SEO plugin v19.10 - https:\/\/yoast.com\/wordpress\/plugins\/seo\/ -->\n<title>Secondary Education Abroad - Study Plan<\/title>\n<meta name=\"robots\" content=\"index, follow, max-snippet:-1, max-image-preview:large, max-video-preview:-1\" \/>\n<link rel=\"canonical\" href=\"https:\/\/stp.lhm.lv\/vidurinis-mokslas-uzsienyje\/\" \/>\n<meta property=\"og:locale\" content=\"en_US\" \/>\n<meta property=\"og:type\" content=\"article\" \/>\n<meta property=\"og:title\" content=\"[:lt]Vidurinis mokslas u\u017esienyje[:ru]\u0421\u0440\u0435\u0434\u043d\u0435\u0435 \u043e\u0431\u0440\u0430\u0437\u043e\u0432\u0430\u043d\u0438\u0435 \u0437\u0430 \u0440\u0443\u0431\u0435\u0436\u043e\u043c[:en]Secondary Education Abroad[:] - Study Plan\" \/>\n<meta property=\"og:description\" content=\"If you wish to study abroad, you do not have to wait until the graduation of the secondary school. Those who strive for more and are eager to obtain international experience and become independent at a younger age have an opportunity to join secondary schools in a foreign country, for example, the United Kingdom, Canada, [&hellip;]\" \/>\n<meta property=\"og:url\" content=\"https:\/\/stp.lhm.lv\/vidurinis-mokslas-uzsienyje\/\" \/>\n<meta property=\"og:site_name\" content=\"Study Plan\" \/>\n<meta property=\"article:modified_time\" content=\"2018-05-14T06:15:50+00:00\" \/>\n<meta property=\"og:image\" content=\"https:\/\/stp.lhm.lv\/wp-content\/uploads\/2017\/09\/element5-digital-352046-scaled.jpg\" \/>\n\t<meta property=\"og:image:width\" content=\"2560\" \/>\n\t<meta property=\"og:image:height\" content=\"1695\" \/>\n\t<meta property=\"og:image:type\" content=\"image\/jpeg\" \/>\n<meta name=\"twitter:card\" content=\"summary_large_image\" \/>\n<meta name=\"twitter:label1\" content=\"Est. reading time\" \/>\n\t<meta name=\"twitter:data1\" content=\"3 minutes\" \/>\n<script type=\"application\/ld+json\" class=\"yoast-schema-graph\">{\"@context\":\"https:\/\/schema.org\",\"@graph\":[{\"@type\":\"WebPage\",\"@id\":\"https:\/\/stp.lhm.lv\/vidurinis-mokslas-uzsienyje\/\",\"url\":\"https:\/\/stp.lhm.lv\/vidurinis-mokslas-uzsienyje\/\",\"name\":\"[:lt]Vidurinis mokslas u\u017esienyje[:ru]\u0421\u0440\u0435\u0434\u043d\u0435\u0435 \u043e\u0431\u0440\u0430\u0437\u043e\u0432\u0430\u043d\u0438\u0435 \u0437\u0430 \u0440\u0443\u0431\u0435\u0436\u043e\u043c[:en]Secondary Education Abroad[:] - Study Plan\",\"isPartOf\":{\"@id\":\"https:\/\/stp.lhm.lv\/#website\"},\"datePublished\":\"2017-09-17T20:17:36+00:00\",\"dateModified\":\"2018-05-14T06:15:50+00:00\",\"breadcrumb\":{\"@id\":\"https:\/\/stp.lhm.lv\/vidurinis-mokslas-uzsienyje\/#breadcrumb\"},\"inLanguage\":\"en-US\",\"potentialAction\":[{\"@type\":\"ReadAction\",\"target\":[\"https:\/\/stp.lhm.lv\/vidurinis-mokslas-uzsienyje\/\"]}]},{\"@type\":\"BreadcrumbList\",\"@id\":\"https:\/\/stp.lhm.lv\/vidurinis-mokslas-uzsienyje\/#breadcrumb\",\"itemListElement\":[{\"@type\":\"ListItem\",\"position\":1,\"name\":\"Home\",\"item\":\"https:\/\/stp.lhm.lv\/\"},{\"@type\":\"ListItem\",\"position\":2,\"name\":\"Vidurinis mokslas u\u017esienyje\"}]},{\"@type\":\"WebSite\",\"@id\":\"https:\/\/stp.lhm.lv\/#website\",\"url\":\"https:\/\/stp.lhm.lv\/\",\"name\":\"Study Plan\",\"description\":\"Studijos u\u017esienyje, vidurinis mokslas u\u017esienyje, vadov\u0173 magistrant\u016bra u\u017esienyje, kalb\u0173 kursai u\u017esienyje.\",\"potentialAction\":[{\"@type\":\"SearchAction\",\"target\":{\"@type\":\"EntryPoint\",\"urlTemplate\":\"https:\/\/stp.lhm.lv\/?s={search_term_string}\"},\"query-input\":\"required name=search_term_string\"}],\"inLanguage\":\"en-US\"}]}<\/script>\n<!-- \/ Yoast SEO plugin. -->","yoast_head_json":{"title":"[:lt]Vidurinis mokslas u\u017esienyje[:ru]\u0421\u0440\u0435\u0434\u043d\u0435\u0435 \u043e\u0431\u0440\u0430\u0437\u043e\u0432\u0430\u043d\u0438\u0435 \u0437\u0430 \u0440\u0443\u0431\u0435\u0436\u043e\u043c[:en]Secondary Education Abroad[:] - Study Plan","robots":{"index":"index","follow":"follow","max-snippet":"max-snippet:-1","max-image-preview":"max-image-preview:large","max-video-preview":"max-video-preview:-1"},"canonical":"https:\/\/stp.lhm.lv\/vidurinis-mokslas-uzsienyje\/","og_locale":"en_US","og_type":"article","og_title":"[:lt]Vidurinis mokslas u\u017esienyje[:ru]\u0421\u0440\u0435\u0434\u043d\u0435\u0435 \u043e\u0431\u0440\u0430\u0437\u043e\u0432\u0430\u043d\u0438\u0435 \u0437\u0430 \u0440\u0443\u0431\u0435\u0436\u043e\u043c[:en]Secondary Education Abroad[:] - Study Plan","og_description":"If you wish to study abroad, you do not have to wait until the graduation of the secondary school. Those who strive for more and are eager to obtain international experience and become independent at a younger age have an opportunity to join secondary schools in a foreign country, for example, the United Kingdom, Canada, [&hellip;]","og_url":"https:\/\/stp.lhm.lv\/vidurinis-mokslas-uzsienyje\/","og_site_name":"Study Plan","article_modified_time":"2018-05-14T06:15:50+00:00","og_image":[{"width":2560,"height":1695,"url":"https:\/\/stp.lhm.lv\/wp-content\/uploads\/2017\/09\/element5-digital-352046-scaled.jpg","type":"image\/jpeg"}],"twitter_card":"summary_large_image","twitter_misc":{"Est. reading time":"3 minutes"},"schema":{"@context":"https:\/\/schema.org","@graph":[{"@type":"WebPage","@id":"https:\/\/stp.lhm.lv\/vidurinis-mokslas-uzsienyje\/","url":"https:\/\/stp.lhm.lv\/vidurinis-mokslas-uzsienyje\/","name":"[:lt]Vidurinis mokslas u\u017esienyje[:ru]\u0421\u0440\u0435\u0434\u043d\u0435\u0435 \u043e\u0431\u0440\u0430\u0437\u043e\u0432\u0430\u043d\u0438\u0435 \u0437\u0430 \u0440\u0443\u0431\u0435\u0436\u043e\u043c[:en]Secondary Education Abroad[:] - Study Plan","isPartOf":{"@id":"https:\/\/stp.lhm.lv\/#website"},"datePublished":"2017-09-17T20:17:36+00:00","dateModified":"2018-05-14T06:15:50+00:00","breadcrumb":{"@id":"https:\/\/stp.lhm.lv\/vidurinis-mokslas-uzsienyje\/#breadcrumb"},"inLanguage":"en-US","potentialAction":[{"@type":"ReadAction","target":["https:\/\/stp.lhm.lv\/vidurinis-mokslas-uzsienyje\/"]}]},{"@type":"BreadcrumbList","@id":"https:\/\/stp.lhm.lv\/vidurinis-mokslas-uzsienyje\/#breadcrumb","itemListElement":[{"@type":"ListItem","position":1,"name":"Home","item":"https:\/\/stp.lhm.lv\/"},{"@type":"ListItem","position":2,"name":"Vidurinis mokslas u\u017esienyje"}]},{"@type":"WebSite","@id":"https:\/\/stp.lhm.lv\/#website","url":"https:\/\/stp.lhm.lv\/","name":"Study Plan","description":"Studijos u\u017esienyje, vidurinis mokslas u\u017esienyje, vadov\u0173 magistrant\u016bra u\u017esienyje, kalb\u0173 kursai u\u017esienyje.","potentialAction":[{"@type":"SearchAction","target":{"@type":"EntryPoint","urlTemplate":"https:\/\/stp.lhm.lv\/?s={search_term_string}"},"query-input":"required name=search_term_string"}],"inLanguage":"en-US"}]}},"_links":{"self":[{"href":"https:\/\/stp.lhm.lv\/en\/wp-json\/wp\/v2\/pages\/26"}],"collection":[{"href":"https:\/\/stp.lhm.lv\/en\/wp-json\/wp\/v2\/pages"}],"about":[{"href":"https:\/\/stp.lhm.lv\/en\/wp-json\/wp\/v2\/types\/page"}],"author":[{"embeddable":true,"href":"https:\/\/stp.lhm.lv\/en\/wp-json\/wp\/v2\/users\/3"}],"replies":[{"embeddable":true,"href":"https:\/\/stp.lhm.lv\/en\/wp-json\/wp\/v2\/comments?post=26"}],"version-history":[{"count":15,"href":"https:\/\/stp.lhm.lv\/en\/wp-json\/wp\/v2\/pages\/26\/revisions"}],"predecessor-version":[{"id":1031,"href":"https:\/\/stp.lhm.lv\/en\/wp-json\/wp\/v2\/pages\/26\/revisions\/1031"}],"wp:featuredmedia":[{"embeddable":true,"href":"https:\/\/stp.lhm.lv\/en\/wp-json\/wp\/v2\/media\/398"}],"wp:attachment":[{"href":"https:\/\/stp.lhm.lv\/en\/wp-json\/wp\/v2\/media?parent=26"}],"curies":[{"name":"wp","href":"https:\/\/api.w.org\/{rel}","templated":true}]}}