{"id":15,"date":"2017-09-17T18:06:20","date_gmt":"2017-09-17T20:06:20","guid":{"rendered":"http:\/\/studyplan.lt.kalendra.serveriai.lt\/?page_id=15"},"modified":"2022-09-28T03:40:13","modified_gmt":"2022-09-28T01:40:13","slug":"kainos","status":"publish","type":"page","link":"https:\/\/stp.lhm.lv\/en\/kainos\/","title":{"rendered":"Prices"},"content":{"rendered":"<p><\/p>\n<h3>Higher Education (Bachelor \/ Master)<\/h3>\n\n<table id=\"tablepress-16\" class=\"tablepress tablepress-id-16\">\n<tbody class=\"row-hover\">\n<tr class=\"row-1\">\n\t<td class=\"column-1\">Consultation fee.<br \/>\n<br \/>\n*If you will apply to universities via Study Plan International, a consultation fee of 125 Euros will be deducted from the final invoice for services.<br \/>\n<\/td><td class=\"column-2\">125 Euro*<\/td>\n<\/tr>\n<tr class=\"row-2\">\n\t<td class=\"column-1\">Submitting applications to the universities of the European Union\/European Economic Area.<\/td><td class=\"column-2\">600 Euro**<\/td>\n<\/tr>\n<tr class=\"row-3\">\n\t<td class=\"column-1\">Submitting applications to universities in other countries.<\/td><td class=\"column-2\">650 Euro**<\/td>\n<\/tr>\n<tr class=\"row-4\">\n\t<td class=\"column-1\">**What is not included in the price:<br \/>\n<ul><li>documents translations and notarization (if required);<\/li><li>courier mail (if required);<\/li><li>universities application fees;<\/li><li>visa expenses and visa support services (if required).<\/li><\/ul><\/td><td class=\"column-2\"><\/td>\n<\/tr>\n<tr class=\"row-5\">\n\t<td class=\"column-1\"><a class=\"button\" href=\"http:\/\/studyplan.lt\/en\/kaip-veikia-study-plan-konsultacijos\/\" target=\"_self\" rel=\"noopener\">What you will get when choosing this service<\/a><\/td><td class=\"column-2\"><\/td>\n<\/tr>\n<\/tbody>\n<\/table>\n<!-- #tablepress-16 from cache -->\n<h2><\/h2>\n<h3><b>Master of Business Administration (MBA)<\/b><\/h3>\n\n<table id=\"tablepress-17\" class=\"tablepress tablepress-id-17\">\n<tbody class=\"row-hover\">\n<tr class=\"row-1\">\n\t<td class=\"column-1\">Consultation fee.<br \/>\n<br \/>\n*If you will apply to universities via Study Plan International, a consultation fee of 125 Euros will be deducted from the final invoice for services.<\/td><td class=\"column-2\">125 Euro*<\/td>\n<\/tr>\n<tr class=\"row-2\">\n\t<td class=\"column-1\">Submitting applications to the universities of the European Union\/European Economic Area.<\/td><td class=\"column-2\">600 Euro**<\/td>\n<\/tr>\n<tr class=\"row-3\">\n\t<td class=\"column-1\">Submitting applications to universities in other countries.<\/td><td class=\"column-2\">650 Euro**<\/td>\n<\/tr>\n<tr class=\"row-4\">\n\t<td class=\"column-1\">**What is not included in the price:<br \/>\n<ul><li>documents translations and notarization (if required);<\/li><li>courier mail (if required);<\/li><li>universities application fees; <\/li><li>visa expenses and visa support services (if required).<\/li><\/ul><\/td><td class=\"column-2\"><\/td>\n<\/tr>\n<tr class=\"row-5\">\n\t<td class=\"column-1\"><a class=\"button\" href=\"http:\/\/studyplan.lt\/en\/ka-gausite-pasirinke-study-plan-international-vadovu-magistranturos-mba-konsultavimo-paslauga\/\" target=\"_self\" rel=\"noopener\">What you will get when choosing this service<\/a><\/td><td class=\"column-2\"><\/td>\n<\/tr>\n<\/tbody>\n<\/table>\n<!-- #tablepress-17 from cache -->\n<h2><\/h2>\n<h3><b>Secondary Education<\/b><\/h3>\n\n<table id=\"tablepress-18\" class=\"tablepress tablepress-id-18\">\n<tbody class=\"row-hover\">\n<tr class=\"row-1\">\n\t<td class=\"column-1\">Consultation fee.<br \/>\n<br \/>\n*If you will apply to secondary schools via Study Plan International, a consultation fee of 125 Euros will be deducted from the final invoice for services. <\/td><td class=\"column-2\">125 Euro*<\/td>\n<\/tr>\n<tr class=\"row-2\">\n\t<td class=\"column-1\">Submitting applications to the secondary schools in the European Union\/European Economic Area.<\/td><td class=\"column-2\">600 Euro**<\/td>\n<\/tr>\n<tr class=\"row-3\">\n\t<td class=\"column-1\">Submitting applications to secondary schools in other countries.<\/td><td class=\"column-2\">650 Euro**<\/td>\n<\/tr>\n<tr class=\"row-4\">\n\t<td class=\"column-1\">**What is not included in the price:<br \/>\n<ul><li>documents translations and notarization (if required);<\/li><li>courier mail (if required);<\/li><li>universities application fees;<\/li><li>visa expenses and visa support services (if required).<\/li><\/ul><\/td><td class=\"column-2\"><\/td>\n<\/tr>\n<tr class=\"row-5\">\n\t<td class=\"column-1\"><a class=\"button\" href=\"http:\/\/studyplan.lt\/en\/ka-gausite-pasirinke-study-plan-international-vidurinio-ugdymo-konsultavimo-paslauga\/\" target=\"_self\" rel=\"noopener\">What you will get when choosing this service<\/a><\/td><td class=\"column-2\"><\/td>\n<\/tr>\n<\/tbody>\n<\/table>\n<!-- #tablepress-18 from cache -->\n<h2><\/h2>\n<h3><b>Language Courses and Camps Abroad<\/b><\/h3>\n\n<table id=\"tablepress-19\" class=\"tablepress tablepress-id-19\">\n<tbody class=\"row-hover\">\n<tr class=\"row-1\">\n\t<td class=\"column-1\">Consultation on selecting language courses and camps abroad.<\/td><td class=\"column-2\">100 Euros<\/td>\n<\/tr>\n<\/tbody>\n<\/table>\n<!-- #tablepress-19 from cache -->\n<h2><\/h2>\n<h3><b>Individual Language Courses in Lithuania<\/b><\/h3>\n\n<table id=\"tablepress-20\" class=\"tablepress tablepress-id-20\">\n<tbody class=\"row-hover\">\n<tr class=\"row-1\">\n\t<td class=\"column-1\">The price of one academic hour (45 min).<\/td><td class=\"column-2\">30 Euros<\/td>\n<\/tr>\n<\/tbody>\n<\/table>\n<!-- #tablepress-20 from cache -->\n<h2><\/h2>\n<h3>Additional Services<\/h3>\n<p>\n<table id=\"tablepress-50\" class=\"tablepress tablepress-id-50\">\n<tbody class=\"row-hover\">\n<tr class=\"row-1\">\n\t<td class=\"column-1\">Supervising the writing of a motivational letter (one direction\/one university).<\/td><td class=\"column-2\">100 Euros<\/td>\n<\/tr>\n<tr class=\"row-2\">\n\t<td class=\"column-1\">Student loan processing.<\/td><td class=\"column-2\">100 Euros<\/td>\n<\/tr>\n<tr class=\"row-3\">\n\t<td class=\"column-1\">CV preparation, transfers, recommendation checking, accommodation search, and other services.<\/td><td class=\"column-2\">By agreement, depending on the volume of work and urgency.<\/td>\n<\/tr>\n<\/tbody>\n<\/table>\n<!-- #tablepress-50 from cache --><\/p>","protected":false},"excerpt":{"rendered":"<p>Higher Education (Bachelor \/ Master) Master of Business Administration (MBA) Secondary Education Language Courses and Camps Abroad Individual Language Courses in Lithuania Additional Services<\/p>\n","protected":false},"author":3,"featured_media":0,"parent":0,"menu_order":21,"comment_status":"closed","ping_status":"closed","template":"","meta":{"inline_featured_image":false},"yoast_head":"<!-- This site is optimized with the Yoast SEO plugin v19.10 - https:\/\/yoast.com\/wordpress\/plugins\/seo\/ -->\n<title>Prices - Study Plan<\/title>\n<meta name=\"robots\" content=\"index, follow, max-snippet:-1, max-image-preview:large, max-video-preview:-1\" \/>\n<link rel=\"canonical\" href=\"https:\/\/stp.lhm.lv\/kainos\/\" \/>\n<meta property=\"og:locale\" content=\"en_US\" \/>\n<meta property=\"og:type\" content=\"article\" \/>\n<meta property=\"og:title\" content=\"[:lt]Kainos[:ru]\u0426\u0435\u043d\u044b[:en]Prices[:] - Study Plan\" \/>\n<meta property=\"og:description\" content=\"Higher Education (Bachelor \/ Master) Master of Business Administration (MBA) Secondary Education Language Courses and Camps Abroad Individual Language Courses in Lithuania Additional Services\" \/>\n<meta property=\"og:url\" content=\"https:\/\/stp.lhm.lv\/kainos\/\" \/>\n<meta property=\"og:site_name\" content=\"Study Plan\" \/>\n<meta property=\"article:modified_time\" content=\"2022-09-28T01:40:13+00:00\" \/>\n<meta name=\"twitter:card\" content=\"summary_large_image\" \/>\n<script type=\"application\/ld+json\" class=\"yoast-schema-graph\">{\"@context\":\"https:\/\/schema.org\",\"@graph\":[{\"@type\":\"WebPage\",\"@id\":\"https:\/\/stp.lhm.lv\/kainos\/\",\"url\":\"https:\/\/stp.lhm.lv\/kainos\/\",\"name\":\"[:lt]Kainos[:ru]\u0426\u0435\u043d\u044b[:en]Prices[:] - Study Plan\",\"isPartOf\":{\"@id\":\"https:\/\/stp.lhm.lv\/#website\"},\"datePublished\":\"2017-09-17T20:06:20+00:00\",\"dateModified\":\"2022-09-28T01:40:13+00:00\",\"breadcrumb\":{\"@id\":\"https:\/\/stp.lhm.lv\/kainos\/#breadcrumb\"},\"inLanguage\":\"en-US\",\"potentialAction\":[{\"@type\":\"ReadAction\",\"target\":[\"https:\/\/stp.lhm.lv\/kainos\/\"]}]},{\"@type\":\"BreadcrumbList\",\"@id\":\"https:\/\/stp.lhm.lv\/kainos\/#breadcrumb\",\"itemListElement\":[{\"@type\":\"ListItem\",\"position\":1,\"name\":\"Home\",\"item\":\"https:\/\/stp.lhm.lv\/\"},{\"@type\":\"ListItem\",\"position\":2,\"name\":\"Kainos\"}]},{\"@type\":\"WebSite\",\"@id\":\"https:\/\/stp.lhm.lv\/#website\",\"url\":\"https:\/\/stp.lhm.lv\/\",\"name\":\"Study Plan\",\"description\":\"Studijos u\u017esienyje, vidurinis mokslas u\u017esienyje, vadov\u0173 magistrant\u016bra u\u017esienyje, kalb\u0173 kursai u\u017esienyje.\",\"potentialAction\":[{\"@type\":\"SearchAction\",\"target\":{\"@type\":\"EntryPoint\",\"urlTemplate\":\"https:\/\/stp.lhm.lv\/?s={search_term_string}\"},\"query-input\":\"required name=search_term_string\"}],\"inLanguage\":\"en-US\"}]}<\/script>\n<!-- \/ Yoast SEO plugin. -->","yoast_head_json":{"title":"[:lt]Kainos[:ru]\u0426\u0435\u043d\u044b[:en]Prices[:] - Study Plan","robots":{"index":"index","follow":"follow","max-snippet":"max-snippet:-1","max-image-preview":"max-image-preview:large","max-video-preview":"max-video-preview:-1"},"canonical":"https:\/\/stp.lhm.lv\/kainos\/","og_locale":"en_US","og_type":"article","og_title":"[:lt]Kainos[:ru]\u0426\u0435\u043d\u044b[:en]Prices[:] - Study Plan","og_description":"Higher Education (Bachelor \/ Master) Master of Business Administration (MBA) Secondary Education Language Courses and Camps Abroad Individual Language Courses in Lithuania Additional Services","og_url":"https:\/\/stp.lhm.lv\/kainos\/","og_site_name":"Study Plan","article_modified_time":"2022-09-28T01:40:13+00:00","twitter_card":"summary_large_image","schema":{"@context":"https:\/\/schema.org","@graph":[{"@type":"WebPage","@id":"https:\/\/stp.lhm.lv\/kainos\/","url":"https:\/\/stp.lhm.lv\/kainos\/","name":"[:lt]Kainos[:ru]\u0426\u0435\u043d\u044b[:en]Prices[:] - Study Plan","isPartOf":{"@id":"https:\/\/stp.lhm.lv\/#website"},"datePublished":"2017-09-17T20:06:20+00:00","dateModified":"2022-09-28T01:40:13+00:00","breadcrumb":{"@id":"https:\/\/stp.lhm.lv\/kainos\/#breadcrumb"},"inLanguage":"en-US","potentialAction":[{"@type":"ReadAction","target":["https:\/\/stp.lhm.lv\/kainos\/"]}]},{"@type":"BreadcrumbList","@id":"https:\/\/stp.lhm.lv\/kainos\/#breadcrumb","itemListElement":[{"@type":"ListItem","position":1,"name":"Home","item":"https:\/\/stp.lhm.lv\/"},{"@type":"ListItem","position":2,"name":"Kainos"}]},{"@type":"WebSite","@id":"https:\/\/stp.lhm.lv\/#website","url":"https:\/\/stp.lhm.lv\/","name":"Study Plan","description":"Studijos u\u017esienyje, vidurinis mokslas u\u017esienyje, vadov\u0173 magistrant\u016bra u\u017esienyje, kalb\u0173 kursai u\u017esienyje.","potentialAction":[{"@type":"SearchAction","target":{"@type":"EntryPoint","urlTemplate":"https:\/\/stp.lhm.lv\/?s={search_term_string}"},"query-input":"required name=search_term_string"}],"inLanguage":"en-US"}]}},"_links":{"self":[{"href":"https:\/\/stp.lhm.lv\/en\/wp-json\/wp\/v2\/pages\/15"}],"collection":[{"href":"https:\/\/stp.lhm.lv\/en\/wp-json\/wp\/v2\/pages"}],"about":[{"href":"https:\/\/stp.lhm.lv\/en\/wp-json\/wp\/v2\/types\/page"}],"author":[{"embeddable":true,"href":"https:\/\/stp.lhm.lv\/en\/wp-json\/wp\/v2\/users\/3"}],"replies":[{"embeddable":true,"href":"https:\/\/stp.lhm.lv\/en\/wp-json\/wp\/v2\/comments?post=15"}],"version-history":[{"count":15,"href":"https:\/\/stp.lhm.lv\/en\/wp-json\/wp\/v2\/pages\/15\/revisions"}],"predecessor-version":[{"id":2275,"href":"https:\/\/stp.lhm.lv\/en\/wp-json\/wp\/v2\/pages\/15\/revisions\/2275"}],"wp:attachment":[{"href":"https:\/\/stp.lhm.lv\/en\/wp-json\/wp\/v2\/media?parent=15"}],"curies":[{"name":"wp","href":"https:\/\/api.w.org\/{rel}","templated":true}]}}