{"id":13,"date":"2017-09-17T18:05:57","date_gmt":"2017-09-17T20:05:57","guid":{"rendered":"http:\/\/studyplan.lt.kalendra.serveriai.lt\/?page_id=13"},"modified":"2022-11-15T17:35:24","modified_gmt":"2022-11-15T15:35:24","slug":"kontaktai","status":"publish","type":"page","link":"https:\/\/stp.lhm.lv\/en\/kontaktai\/","title":{"rendered":"Contacts"},"content":{"rendered":"<p><\/p>\n<h3 style=\"margin-top: 0;\">Telephone:<br \/>\n<a href=\"tel:+370 (614) 20 630\">+370 (614) 20 630<\/a><\/h3>\n<h3>Email:<br \/>\n<a href=\"mailto:admin@studyplan.lt\">admin@studyplan.lt<\/a><\/h3>\n<hr \/>\n<h3 style=\"margin-top: 0;\">Or fill out this form:<\/h3>\n<p><div role=\"form\" class=\"wpcf7\" id=\"wpcf7-f1130-o3\" lang=\"lt-LT\" dir=\"ltr\">\n<div class=\"screen-reader-response\"><p role=\"status\" aria-live=\"polite\" aria-atomic=\"true\"><\/p> <ul><\/ul><\/div>\n<form action=\"\/en\/wp-json\/wp\/v2\/pages\/13#wpcf7-f1130-o3\" method=\"post\" class=\"wpcf7-form init\" novalidate=\"novalidate\" data-status=\"init\">\n<div style=\"display: none;\">\n<input type=\"hidden\" name=\"_wpcf7\" value=\"1130\" \/>\n<input type=\"hidden\" name=\"_wpcf7_version\" value=\"5.6.4\" \/>\n<input type=\"hidden\" name=\"_wpcf7_locale\" value=\"lt_LT\" \/>\n<input type=\"hidden\" name=\"_wpcf7_unit_tag\" value=\"wpcf7-f1130-o3\" \/>\n<input type=\"hidden\" name=\"_wpcf7_container_post\" value=\"0\" \/>\n<input type=\"hidden\" name=\"_wpcf7_posted_data_hash\" value=\"\" \/>\n<input type=\"hidden\" name=\"_wpcf7_recaptcha_response\" value=\"\" \/>\n<\/div>\n<p><label> Service you are interested in<br \/>\n    <span class=\"wpcf7-form-control-wrap\" data-name=\"menu-613\"><select name=\"menu-613\" class=\"wpcf7-form-control wpcf7-select wpcf7-validates-as-required\" aria-required=\"true\" aria-invalid=\"false\"><option value=\"\">---<\/option><option value=\"Studies Abroad\">Studies Abroad<\/option><option value=\"Secondary Education Abroad\">Secondary Education Abroad<\/option><option value=\"Master of Business Administration (MBA) Abroad\">Master of Business Administration (MBA) Abroad<\/option><option value=\"Language Courses Abroad\">Language Courses Abroad<\/option><option value=\"Language Courses in Lithuania\">Language Courses in Lithuania<\/option><option value=\"Other\">Other<\/option><\/select><\/span> <\/label><\/p>\n<p><label>Name<br \/>\n    <span class=\"wpcf7-form-control-wrap\" data-name=\"your-name\"><input type=\"text\" name=\"your-name\" value=\"\" size=\"40\" class=\"wpcf7-form-control wpcf7-text wpcf7-validates-as-required\" aria-required=\"true\" aria-invalid=\"false\" \/><\/span> <\/label><\/p>\n<p><label>Email<br \/>\n    <span class=\"wpcf7-form-control-wrap\" data-name=\"your-email\"><input type=\"email\" name=\"your-email\" value=\"\" size=\"40\" class=\"wpcf7-form-control wpcf7-text wpcf7-email wpcf7-validates-as-required wpcf7-validates-as-email\" aria-required=\"true\" aria-invalid=\"false\" \/><\/span> <\/label><\/p>\n<p><label>Phone number<br \/>\n    <span class=\"wpcf7-form-control-wrap\" data-name=\"tel-479\"><input type=\"tel\" name=\"tel-479\" value=\"\" size=\"40\" class=\"wpcf7-form-control wpcf7-text wpcf7-tel wpcf7-validates-as-required wpcf7-validates-as-tel\" aria-required=\"true\" aria-invalid=\"false\" \/><\/span> <\/label><\/p>\n<p><label><span class=\"wpcf7-form-control-wrap\" data-name=\"acceptance-265\"><span class=\"wpcf7-form-control wpcf7-acceptance\"><span class=\"wpcf7-list-item\"><input type=\"checkbox\" name=\"acceptance-265\" value=\"1\" aria-invalid=\"false\" \/><\/span><\/span><\/span> I have read and agree to the  <a href=\"http:\/\/studyplan.lt\/privacy-policy\/\" target=\"_blank\">privacy policy<\/a> of Study Plan International Ltd.<\/label><\/p>\n<p><input type=\"submit\" value=\"Register for a Consultation\" class=\"wpcf7-form-control has-spinner wpcf7-submit\" \/><\/p>\n<div class=\"wpcf7-response-output\" aria-hidden=\"true\"><\/div><\/form><\/div><\/p>","protected":false},"excerpt":{"rendered":"<p>Telephone: +370 (614) 20 630 Email: admin@studyplan.lt Or fill out this form:<\/p>\n","protected":false},"author":3,"featured_media":0,"parent":0,"menu_order":23,"comment_status":"closed","ping_status":"closed","template":"page-contact.php","meta":{"inline_featured_image":false},"yoast_head":"<!-- This site is optimized with the Yoast SEO plugin v19.10 - https:\/\/yoast.com\/wordpress\/plugins\/seo\/ -->\n<title>Contacts - Study Plan<\/title>\n<meta name=\"robots\" content=\"index, follow, max-snippet:-1, max-image-preview:large, max-video-preview:-1\" \/>\n<link rel=\"canonical\" href=\"https:\/\/stp.lhm.lv\/kontaktai\/\" \/>\n<meta property=\"og:locale\" content=\"en_US\" \/>\n<meta property=\"og:type\" content=\"article\" \/>\n<meta property=\"og:title\" content=\"[:lt]Kontaktai[:ru]\u041a\u043e\u043d\u0442\u0430\u043a\u0442\u044b[:en]Contacts[:] - Study Plan\" \/>\n<meta property=\"og:description\" content=\"Telephone: +370 (614) 20 630 Email: admin@studyplan.lt Or fill out this form:\" \/>\n<meta property=\"og:url\" content=\"https:\/\/stp.lhm.lv\/kontaktai\/\" \/>\n<meta property=\"og:site_name\" content=\"Study Plan\" \/>\n<meta property=\"article:modified_time\" content=\"2022-11-15T15:35:24+00:00\" \/>\n<meta name=\"twitter:card\" content=\"summary_large_image\" \/>\n<meta name=\"twitter:label1\" content=\"Est. reading time\" \/>\n\t<meta name=\"twitter:data1\" content=\"1 minute\" \/>\n<script type=\"application\/ld+json\" class=\"yoast-schema-graph\">{\"@context\":\"https:\/\/schema.org\",\"@graph\":[{\"@type\":\"WebPage\",\"@id\":\"https:\/\/stp.lhm.lv\/kontaktai\/\",\"url\":\"https:\/\/stp.lhm.lv\/kontaktai\/\",\"name\":\"[:lt]Kontaktai[:ru]\u041a\u043e\u043d\u0442\u0430\u043a\u0442\u044b[:en]Contacts[:] - Study Plan\",\"isPartOf\":{\"@id\":\"https:\/\/stp.lhm.lv\/#website\"},\"datePublished\":\"2017-09-17T20:05:57+00:00\",\"dateModified\":\"2022-11-15T15:35:24+00:00\",\"breadcrumb\":{\"@id\":\"https:\/\/stp.lhm.lv\/kontaktai\/#breadcrumb\"},\"inLanguage\":\"en-US\",\"potentialAction\":[{\"@type\":\"ReadAction\",\"target\":[\"https:\/\/stp.lhm.lv\/kontaktai\/\"]}]},{\"@type\":\"BreadcrumbList\",\"@id\":\"https:\/\/stp.lhm.lv\/kontaktai\/#breadcrumb\",\"itemListElement\":[{\"@type\":\"ListItem\",\"position\":1,\"name\":\"Home\",\"item\":\"https:\/\/stp.lhm.lv\/\"},{\"@type\":\"ListItem\",\"position\":2,\"name\":\"Kontaktai\"}]},{\"@type\":\"WebSite\",\"@id\":\"https:\/\/stp.lhm.lv\/#website\",\"url\":\"https:\/\/stp.lhm.lv\/\",\"name\":\"Study Plan\",\"description\":\"Studijos u\u017esienyje, vidurinis mokslas u\u017esienyje, vadov\u0173 magistrant\u016bra u\u017esienyje, kalb\u0173 kursai u\u017esienyje.\",\"potentialAction\":[{\"@type\":\"SearchAction\",\"target\":{\"@type\":\"EntryPoint\",\"urlTemplate\":\"https:\/\/stp.lhm.lv\/?s={search_term_string}\"},\"query-input\":\"required name=search_term_string\"}],\"inLanguage\":\"en-US\"}]}<\/script>\n<!-- \/ Yoast SEO plugin. -->","yoast_head_json":{"title":"[:lt]Kontaktai[:ru]\u041a\u043e\u043d\u0442\u0430\u043a\u0442\u044b[:en]Contacts[:] - Study Plan","robots":{"index":"index","follow":"follow","max-snippet":"max-snippet:-1","max-image-preview":"max-image-preview:large","max-video-preview":"max-video-preview:-1"},"canonical":"https:\/\/stp.lhm.lv\/kontaktai\/","og_locale":"en_US","og_type":"article","og_title":"[:lt]Kontaktai[:ru]\u041a\u043e\u043d\u0442\u0430\u043a\u0442\u044b[:en]Contacts[:] - Study Plan","og_description":"Telephone: +370 (614) 20 630 Email: admin@studyplan.lt Or fill out this form:","og_url":"https:\/\/stp.lhm.lv\/kontaktai\/","og_site_name":"Study Plan","article_modified_time":"2022-11-15T15:35:24+00:00","twitter_card":"summary_large_image","twitter_misc":{"Est. reading time":"1 minute"},"schema":{"@context":"https:\/\/schema.org","@graph":[{"@type":"WebPage","@id":"https:\/\/stp.lhm.lv\/kontaktai\/","url":"https:\/\/stp.lhm.lv\/kontaktai\/","name":"[:lt]Kontaktai[:ru]\u041a\u043e\u043d\u0442\u0430\u043a\u0442\u044b[:en]Contacts[:] - Study Plan","isPartOf":{"@id":"https:\/\/stp.lhm.lv\/#website"},"datePublished":"2017-09-17T20:05:57+00:00","dateModified":"2022-11-15T15:35:24+00:00","breadcrumb":{"@id":"https:\/\/stp.lhm.lv\/kontaktai\/#breadcrumb"},"inLanguage":"en-US","potentialAction":[{"@type":"ReadAction","target":["https:\/\/stp.lhm.lv\/kontaktai\/"]}]},{"@type":"BreadcrumbList","@id":"https:\/\/stp.lhm.lv\/kontaktai\/#breadcrumb","itemListElement":[{"@type":"ListItem","position":1,"name":"Home","item":"https:\/\/stp.lhm.lv\/"},{"@type":"ListItem","position":2,"name":"Kontaktai"}]},{"@type":"WebSite","@id":"https:\/\/stp.lhm.lv\/#website","url":"https:\/\/stp.lhm.lv\/","name":"Study Plan","description":"Studijos u\u017esienyje, vidurinis mokslas u\u017esienyje, vadov\u0173 magistrant\u016bra u\u017esienyje, kalb\u0173 kursai u\u017esienyje.","potentialAction":[{"@type":"SearchAction","target":{"@type":"EntryPoint","urlTemplate":"https:\/\/stp.lhm.lv\/?s={search_term_string}"},"query-input":"required name=search_term_string"}],"inLanguage":"en-US"}]}},"_links":{"self":[{"href":"https:\/\/stp.lhm.lv\/en\/wp-json\/wp\/v2\/pages\/13"}],"collection":[{"href":"https:\/\/stp.lhm.lv\/en\/wp-json\/wp\/v2\/pages"}],"about":[{"href":"https:\/\/stp.lhm.lv\/en\/wp-json\/wp\/v2\/types\/page"}],"author":[{"embeddable":true,"href":"https:\/\/stp.lhm.lv\/en\/wp-json\/wp\/v2\/users\/3"}],"replies":[{"embeddable":true,"href":"https:\/\/stp.lhm.lv\/en\/wp-json\/wp\/v2\/comments?post=13"}],"version-history":[{"count":32,"href":"https:\/\/stp.lhm.lv\/en\/wp-json\/wp\/v2\/pages\/13\/revisions"}],"predecessor-version":[{"id":2300,"href":"https:\/\/stp.lhm.lv\/en\/wp-json\/wp\/v2\/pages\/13\/revisions\/2300"}],"wp:attachment":[{"href":"https:\/\/stp.lhm.lv\/en\/wp-json\/wp\/v2\/media?parent=13"}],"curies":[{"name":"wp","href":"https:\/\/api.w.org\/{rel}","templated":true}]}}