{"id":11,"date":"2017-09-17T18:05:38","date_gmt":"2017-09-17T20:05:38","guid":{"rendered":"http:\/\/studyplan.lt.kalendra.serveriai.lt\/?page_id=11"},"modified":"2022-09-28T03:13:08","modified_gmt":"2022-09-28T01:13:08","slug":"kalbu-kursai-uzsienyje","status":"publish","type":"page","link":"https:\/\/stp.lhm.lv\/en\/kalbu-kursai-uzsienyje\/","title":{"rendered":"Language Courses Abroad"},"content":{"rendered":"<p><\/p>\n<h4>It is the 21st century, and everybody understands the importance of knowing foreign languages. Even applying for the lowest positions at the beginning of your career you will be required to possess impeccable skills of a foreign language. Sometimes even the most skilled professional can face an obstacle when climbing their career ladder if they demonstrate insufficient knowledge of the language required in the field.<\/h4>\n<p>\u201cStudy Plan International\u201d offers foreign language courses both in Lithuania and abroad. Professional specialists help you to learn a foreign language or fill in your knowledge gaps. We especially recommend learning with the teachers who are native speakers of the language.<\/p>\n<h2>Language Courses in Lithuania \/ Abroad<\/h2>\n<p>\u201cStudy Plan International\u201d collaborates with the best foreign language schools, which belong to the International Association of Language Centres (IALC). Various language programs are offered to both young people and adults, as well as to professionals who need specific foreign language knowledge.<\/p>\n<p>Language courses in a foreign country can last from one week to several years. The longest courses are usually carried out at the linguistic centres of the world\u2019s leading universities. This is especially relevant for young people who want to study abroad but do not possess sufficient linguistic competences for academic studies. Not only is this an amazing opportunity to improve your foreign language skills in an authentic environment, but also it gives you a chance to meet people from all over the world.<\/p>\n<p>\u201cStudy Plan International\u201d will offer you foreign language courses according to your needs. We also provide individual foreign language lessons in Lithuania with certified foreign language specialists.<\/p>\n<h2>Language Summer Camps Abroad<\/h2>\n<p>An invaluable experience for youngsters of 12-17 years old is the participation in language camps abroad during their summer holidays! We suggest young people to spend their summers in Australia, New Zealand, USA, Canada, Great Britain, Ireland, France, Spain, Germany, Italy, Switzerland, Cyprus, or Malta.<\/p>\n<p>The young people will have an excellent chance to improve their foreign language skills, meet their peers from different countries from all around the world, and gather unforgettable memories for their life. Language learning can also be tailored to their interests. For example, after the general language classes, they can continue learning while playing golf or during theatre classes.<\/p>\n<p>\u201cStudy Plan International\u201d will select the best summer language camp to meet all your needs and requirements.<\/p>","protected":false},"excerpt":{"rendered":"<p>It is the 21st century, and everybody understands the importance of knowing foreign languages. Even applying for the lowest positions at the beginning of your career you will be required to possess impeccable skills of a foreign language. Sometimes even the most skilled professional can face an obstacle when climbing their career ladder if they [&hellip;]<\/p>\n","protected":false},"author":3,"featured_media":161,"parent":0,"menu_order":39,"comment_status":"closed","ping_status":"closed","template":"page-services-no-sidebar.php","meta":{"inline_featured_image":false},"yoast_head":"<!-- This site is optimized with the Yoast SEO plugin v19.10 - https:\/\/yoast.com\/wordpress\/plugins\/seo\/ -->\n<title>Language Courses Abroad - Study Plan<\/title>\n<meta name=\"robots\" content=\"index, follow, max-snippet:-1, max-image-preview:large, max-video-preview:-1\" \/>\n<link rel=\"canonical\" href=\"https:\/\/stp.lhm.lv\/kalbu-kursai-uzsienyje\/\" \/>\n<meta property=\"og:locale\" content=\"en_US\" \/>\n<meta property=\"og:type\" content=\"article\" \/>\n<meta property=\"og:title\" content=\"[:lt]Kalb\u0173 kursai u\u017esienyje[:ru]\u042f\u0437\u044b\u043a\u043e\u0432\u044b\u0435 \u043a\u0443\u0440\u0441\u044b \u0437\u0430 \u0440\u0443\u0431\u0435\u0436\u043e\u043c[:en]Language Courses Abroad[:] - Study Plan\" \/>\n<meta property=\"og:description\" content=\"It is the 21st century, and everybody understands the importance of knowing foreign languages. Even applying for the lowest positions at the beginning of your career you will be required to possess impeccable skills of a foreign language. Sometimes even the most skilled professional can face an obstacle when climbing their career ladder if they [&hellip;]\" \/>\n<meta property=\"og:url\" content=\"https:\/\/stp.lhm.lv\/kalbu-kursai-uzsienyje\/\" \/>\n<meta property=\"og:site_name\" content=\"Study Plan\" \/>\n<meta property=\"article:modified_time\" content=\"2022-09-28T01:13:08+00:00\" \/>\n<meta property=\"og:image\" content=\"https:\/\/stp.lhm.lv\/wp-content\/uploads\/2017\/10\/pexels-photo-574285.jpeg\" \/>\n\t<meta property=\"og:image:width\" content=\"1920\" \/>\n\t<meta property=\"og:image:height\" content=\"1280\" \/>\n\t<meta property=\"og:image:type\" content=\"image\/jpeg\" \/>\n<meta name=\"twitter:card\" content=\"summary_large_image\" \/>\n<meta name=\"twitter:label1\" content=\"Est. reading time\" \/>\n\t<meta name=\"twitter:data1\" content=\"4 minutes\" \/>\n<script type=\"application\/ld+json\" class=\"yoast-schema-graph\">{\"@context\":\"https:\/\/schema.org\",\"@graph\":[{\"@type\":\"WebPage\",\"@id\":\"https:\/\/stp.lhm.lv\/kalbu-kursai-uzsienyje\/\",\"url\":\"https:\/\/stp.lhm.lv\/kalbu-kursai-uzsienyje\/\",\"name\":\"[:lt]Kalb\u0173 kursai u\u017esienyje[:ru]\u042f\u0437\u044b\u043a\u043e\u0432\u044b\u0435 \u043a\u0443\u0440\u0441\u044b \u0437\u0430 \u0440\u0443\u0431\u0435\u0436\u043e\u043c[:en]Language Courses Abroad[:] - Study Plan\",\"isPartOf\":{\"@id\":\"https:\/\/stp.lhm.lv\/#website\"},\"datePublished\":\"2017-09-17T20:05:38+00:00\",\"dateModified\":\"2022-09-28T01:13:08+00:00\",\"breadcrumb\":{\"@id\":\"https:\/\/stp.lhm.lv\/kalbu-kursai-uzsienyje\/#breadcrumb\"},\"inLanguage\":\"en-US\",\"potentialAction\":[{\"@type\":\"ReadAction\",\"target\":[\"https:\/\/stp.lhm.lv\/kalbu-kursai-uzsienyje\/\"]}]},{\"@type\":\"BreadcrumbList\",\"@id\":\"https:\/\/stp.lhm.lv\/kalbu-kursai-uzsienyje\/#breadcrumb\",\"itemListElement\":[{\"@type\":\"ListItem\",\"position\":1,\"name\":\"Home\",\"item\":\"https:\/\/stp.lhm.lv\/\"},{\"@type\":\"ListItem\",\"position\":2,\"name\":\"Kalb\u0173 kursai u\u017esienyje\"}]},{\"@type\":\"WebSite\",\"@id\":\"https:\/\/stp.lhm.lv\/#website\",\"url\":\"https:\/\/stp.lhm.lv\/\",\"name\":\"Study Plan\",\"description\":\"Studijos u\u017esienyje, vidurinis mokslas u\u017esienyje, vadov\u0173 magistrant\u016bra u\u017esienyje, kalb\u0173 kursai u\u017esienyje.\",\"potentialAction\":[{\"@type\":\"SearchAction\",\"target\":{\"@type\":\"EntryPoint\",\"urlTemplate\":\"https:\/\/stp.lhm.lv\/?s={search_term_string}\"},\"query-input\":\"required name=search_term_string\"}],\"inLanguage\":\"en-US\"}]}<\/script>\n<!-- \/ Yoast SEO plugin. -->","yoast_head_json":{"title":"[:lt]Kalb\u0173 kursai u\u017esienyje[:ru]\u042f\u0437\u044b\u043a\u043e\u0432\u044b\u0435 \u043a\u0443\u0440\u0441\u044b \u0437\u0430 \u0440\u0443\u0431\u0435\u0436\u043e\u043c[:en]Language Courses Abroad[:] - Study Plan","robots":{"index":"index","follow":"follow","max-snippet":"max-snippet:-1","max-image-preview":"max-image-preview:large","max-video-preview":"max-video-preview:-1"},"canonical":"https:\/\/stp.lhm.lv\/kalbu-kursai-uzsienyje\/","og_locale":"en_US","og_type":"article","og_title":"[:lt]Kalb\u0173 kursai u\u017esienyje[:ru]\u042f\u0437\u044b\u043a\u043e\u0432\u044b\u0435 \u043a\u0443\u0440\u0441\u044b \u0437\u0430 \u0440\u0443\u0431\u0435\u0436\u043e\u043c[:en]Language Courses Abroad[:] - Study Plan","og_description":"It is the 21st century, and everybody understands the importance of knowing foreign languages. Even applying for the lowest positions at the beginning of your career you will be required to possess impeccable skills of a foreign language. Sometimes even the most skilled professional can face an obstacle when climbing their career ladder if they [&hellip;]","og_url":"https:\/\/stp.lhm.lv\/kalbu-kursai-uzsienyje\/","og_site_name":"Study Plan","article_modified_time":"2022-09-28T01:13:08+00:00","og_image":[{"width":1920,"height":1280,"url":"https:\/\/stp.lhm.lv\/wp-content\/uploads\/2017\/10\/pexels-photo-574285.jpeg","type":"image\/jpeg"}],"twitter_card":"summary_large_image","twitter_misc":{"Est. reading time":"4 minutes"},"schema":{"@context":"https:\/\/schema.org","@graph":[{"@type":"WebPage","@id":"https:\/\/stp.lhm.lv\/kalbu-kursai-uzsienyje\/","url":"https:\/\/stp.lhm.lv\/kalbu-kursai-uzsienyje\/","name":"[:lt]Kalb\u0173 kursai u\u017esienyje[:ru]\u042f\u0437\u044b\u043a\u043e\u0432\u044b\u0435 \u043a\u0443\u0440\u0441\u044b \u0437\u0430 \u0440\u0443\u0431\u0435\u0436\u043e\u043c[:en]Language Courses Abroad[:] - Study Plan","isPartOf":{"@id":"https:\/\/stp.lhm.lv\/#website"},"datePublished":"2017-09-17T20:05:38+00:00","dateModified":"2022-09-28T01:13:08+00:00","breadcrumb":{"@id":"https:\/\/stp.lhm.lv\/kalbu-kursai-uzsienyje\/#breadcrumb"},"inLanguage":"en-US","potentialAction":[{"@type":"ReadAction","target":["https:\/\/stp.lhm.lv\/kalbu-kursai-uzsienyje\/"]}]},{"@type":"BreadcrumbList","@id":"https:\/\/stp.lhm.lv\/kalbu-kursai-uzsienyje\/#breadcrumb","itemListElement":[{"@type":"ListItem","position":1,"name":"Home","item":"https:\/\/stp.lhm.lv\/"},{"@type":"ListItem","position":2,"name":"Kalb\u0173 kursai u\u017esienyje"}]},{"@type":"WebSite","@id":"https:\/\/stp.lhm.lv\/#website","url":"https:\/\/stp.lhm.lv\/","name":"Study Plan","description":"Studijos u\u017esienyje, vidurinis mokslas u\u017esienyje, vadov\u0173 magistrant\u016bra u\u017esienyje, kalb\u0173 kursai u\u017esienyje.","potentialAction":[{"@type":"SearchAction","target":{"@type":"EntryPoint","urlTemplate":"https:\/\/stp.lhm.lv\/?s={search_term_string}"},"query-input":"required name=search_term_string"}],"inLanguage":"en-US"}]}},"_links":{"self":[{"href":"https:\/\/stp.lhm.lv\/en\/wp-json\/wp\/v2\/pages\/11"}],"collection":[{"href":"https:\/\/stp.lhm.lv\/en\/wp-json\/wp\/v2\/pages"}],"about":[{"href":"https:\/\/stp.lhm.lv\/en\/wp-json\/wp\/v2\/types\/page"}],"author":[{"embeddable":true,"href":"https:\/\/stp.lhm.lv\/en\/wp-json\/wp\/v2\/users\/3"}],"replies":[{"embeddable":true,"href":"https:\/\/stp.lhm.lv\/en\/wp-json\/wp\/v2\/comments?post=11"}],"version-history":[{"count":8,"href":"https:\/\/stp.lhm.lv\/en\/wp-json\/wp\/v2\/pages\/11\/revisions"}],"predecessor-version":[{"id":2257,"href":"https:\/\/stp.lhm.lv\/en\/wp-json\/wp\/v2\/pages\/11\/revisions\/2257"}],"wp:featuredmedia":[{"embeddable":true,"href":"https:\/\/stp.lhm.lv\/en\/wp-json\/wp\/v2\/media\/161"}],"wp:attachment":[{"href":"https:\/\/stp.lhm.lv\/en\/wp-json\/wp\/v2\/media?parent=11"}],"curies":[{"name":"wp","href":"https:\/\/api.w.org\/{rel}","templated":true}]}}